{"id":5779,"date":"2015-10-21T13:52:45","date_gmt":"2015-10-21T11:52:45","guid":{"rendered":"https:\/\/wegeblw.pl\/index.php\/produkt\/requiem-dla-snu\/"},"modified":"2026-04-09T13:42:48","modified_gmt":"2026-04-09T11:42:48","slug":"requiem-dla-snu","status":"publish","type":"product","link":"https:\/\/wegeblw.pl\/index.php\/produkt\/requiem-dla-snu\/","title":{"rendered":"Requiem dla snu"},"content":{"rendered":"<p>Okulary korekcyjne Tom Ford TF 5451 012 50 to znakomity model, kt\u00f3ry \u015bwietnie wygl\u0105da i wyr\u00f3\u017cnia si\u0119 wysok\u0105 jako\u015bci\u0105 wykonania. Te oprawki korekcyjne charakteryzuje nie tylko doskona\u0142y design &#8211; gwarantuj\u0105 one tak\u017ce najwy\u017cszy komfort widzenia. &#8230;<\/p>\n<p>Okulary oprawki i szk\u0142a<\/p>\n<p>warzywo na k, pokrzywa sok, z czym je\u015b\u0107 makaron ry\u017cowy, potrawa kimchi, bualko, zdrowy sk\u0142ad sklep ekologiczny, b\u0142onnik witalny jak przygotowa\u0107, dzie\u0144 dobry kraina ma\u0142gosi, calendula, dieta shake, bambus trzcinowaty<\/p>\n<p><a href=\"https:\/\/www.dom-lazienka.pl\/wanny-wolnostojace-cat-216\">wanny \u0142azienkowe wolnostoj\u0105ce<\/a><\/p>\n","protected":false},"excerpt":{"rendered":"<p>Okulary korekcyjne Tom Ford TF 5451 012 50 to znakomity model, kt\u00f3ry \u015bwietnie wygl\u0105da i wyr\u00f3\u017cnia si\u0119 wysok\u0105 jako\u015bci\u0105 wykonania.&hellip;<\/p>\n","protected":false},"featured_media":5780,"comment_status":"closed","ping_status":"open","template":"","meta":[],"product_cat":[387],"product_tag":[673,852,789,804],"class_list":["post-5779","product","type-product","status-publish","has-post-thumbnail","hentry","product_cat-powiesci-i-opowiadania","product_tag-bomba","product_tag-fenkul","product_tag-pestki-granatu","product_tag-quinoa-jak-gotowac"],"_links":{"self":[{"href":"https:\/\/wegeblw.pl\/index.php\/wp-json\/wp\/v2\/product\/5779","targetHints":{"allow":["GET"]}}],"collection":[{"href":"https:\/\/wegeblw.pl\/index.php\/wp-json\/wp\/v2\/product"}],"about":[{"href":"https:\/\/wegeblw.pl\/index.php\/wp-json\/wp\/v2\/types\/product"}],"replies":[{"embeddable":true,"href":"https:\/\/wegeblw.pl\/index.php\/wp-json\/wp\/v2\/comments?post=5779"}],"wp:featuredmedia":[{"embeddable":true,"href":"https:\/\/wegeblw.pl\/index.php\/wp-json\/wp\/v2\/media\/5780"}],"wp:attachment":[{"href":"https:\/\/wegeblw.pl\/index.php\/wp-json\/wp\/v2\/media?parent=5779"}],"wp:term":[{"taxonomy":"product_cat","embeddable":true,"href":"https:\/\/wegeblw.pl\/index.php\/wp-json\/wp\/v2\/product_cat?post=5779"},{"taxonomy":"product_tag","embeddable":true,"href":"https:\/\/wegeblw.pl\/index.php\/wp-json\/wp\/v2\/product_tag?post=5779"}],"curies":[{"name":"wp","href":"https:\/\/api.w.org\/{rel}","templated":true}]}}