{"id":5789,"date":"2014-08-14T04:06:57","date_gmt":"2014-08-14T02:06:57","guid":{"rendered":"https:\/\/wegeblw.pl\/index.php\/produkt\/drzewo-genealogiczne-rodziny-giulia-pianigiani\/"},"modified":"2026-04-09T10:42:00","modified_gmt":"2026-04-09T08:42:00","slug":"drzewo-genealogiczne-rodziny-giulia-pianigiani","status":"publish","type":"product","link":"https:\/\/wegeblw.pl\/index.php\/produkt\/drzewo-genealogiczne-rodziny-giulia-pianigiani\/","title":{"rendered":"Drzewo genealogiczne rodziny &#8211; Giulia Pianigiani"},"content":{"rendered":"<p>SVR Topialyse Baume Protect +  regeneruj\u0105cy balsam do sk\u00f3ry suchej i atopowej<\/p>\n<p>Kosmetyki dla dzieci i niemowl\u0105t<\/p>\n<p>ciasteczka kokosowe, kulki miodowe, zapalenie pecherza leczenie, jogurt sojowy, bu\u0142ki bezglutenowe<\/p>\n<p>yyyyy<\/p>\n","protected":false},"excerpt":{"rendered":"<p>SVR Topialyse Baume Protect + regeneruj\u0105cy balsam do sk\u00f3ry suchej i atopowej Kosmetyki dla dzieci i niemowl\u0105t ciasteczka kokosowe, kulki&hellip;<\/p>\n","protected":false},"featured_media":5790,"comment_status":"closed","ping_status":"open","template":"","meta":[],"product_cat":[379],"product_tag":[780,805,802,880,806],"class_list":["post-5789","product","type-product","status-publish","has-post-thumbnail","hentry","product_cat-albumy","product_tag-b12","product_tag-czy-makaron-sojowy-jest-zdrowy","product_tag-czy-pestki-granatu-sa-jadalne","product_tag-kotlet-weganski-linda-mccartney","product_tag-mieso-ekologiczne"],"_links":{"self":[{"href":"https:\/\/wegeblw.pl\/index.php\/wp-json\/wp\/v2\/product\/5789","targetHints":{"allow":["GET"]}}],"collection":[{"href":"https:\/\/wegeblw.pl\/index.php\/wp-json\/wp\/v2\/product"}],"about":[{"href":"https:\/\/wegeblw.pl\/index.php\/wp-json\/wp\/v2\/types\/product"}],"replies":[{"embeddable":true,"href":"https:\/\/wegeblw.pl\/index.php\/wp-json\/wp\/v2\/comments?post=5789"}],"wp:featuredmedia":[{"embeddable":true,"href":"https:\/\/wegeblw.pl\/index.php\/wp-json\/wp\/v2\/media\/5790"}],"wp:attachment":[{"href":"https:\/\/wegeblw.pl\/index.php\/wp-json\/wp\/v2\/media?parent=5789"}],"wp:term":[{"taxonomy":"product_cat","embeddable":true,"href":"https:\/\/wegeblw.pl\/index.php\/wp-json\/wp\/v2\/product_cat?post=5789"},{"taxonomy":"product_tag","embeddable":true,"href":"https:\/\/wegeblw.pl\/index.php\/wp-json\/wp\/v2\/product_tag?post=5789"}],"curies":[{"name":"wp","href":"https:\/\/api.w.org\/{rel}","templated":true}]}}