{"id":5793,"date":"2020-03-18T21:56:58","date_gmt":"2020-03-18T20:56:58","guid":{"rendered":"https:\/\/wegeblw.pl\/index.php\/produkt\/co-jedza-szczesliwe-bobasy-izabela-jastrzebska\/"},"modified":"2026-04-07T02:57:31","modified_gmt":"2026-04-07T00:57:31","slug":"co-jedza-szczesliwe-bobasy-izabela-jastrzebska","status":"publish","type":"product","link":"https:\/\/wegeblw.pl\/index.php\/produkt\/co-jedza-szczesliwe-bobasy-izabela-jastrzebska\/","title":{"rendered":"Co jedz\u0105 szcz\u0119\u015bliwe bobasy? &#8211; Izabela Jastrz\u0119bska"},"content":{"rendered":"<p>Zio\u0142a Nadci\u015bnienie 250g autorska mieszanka zio\u0142owa Zielarni SuwalskiejProducent: Dary Natury, Koryciny 73, 17-315 Grodziskindex: ZSU23 Zio\u0142a Nadci\u015bnienie 250g autorska mieszanka zio\u0142owa Zielarni SuwalskiejSprawdzony, niezawodny sk\u0142ad. Przeznaczona do stosowania przez d\u0142u\u017cszy czas. Reguluje ci\u015bnienie oraz poprawie funkcjonowanie uk\u0142adu kr\u0105\u017cenia. Nie usypia. Sk\u0142adniki:G\u0142\u00f3g jednoszyjkowy kwiat \u2013 Crataegus monogynaJemio\u0142a pospolita ziele \u2013 Viscum albumKoz\u0142ek lekarski k\u0142\u0105cze \u2013 Valeriana officinalisSerdecznik pospolity ziele \u2013 Leonurus cardiacaChmiel zwyczajny szyszka \u2013 Humulus lupulusCzosnek nied\u017awiedzi li\u015b\u0107 \u2013 Allium ursinum Spos\u00f3b u\u017cycia:Jedn\u0105 \u0142y\u017ceczk\u0119 zala\u0107 szklank\u0105 wrz\u0105tku i pozostawi\u0107 pod przykryciem do zaparzenia na 10 minut. Pi\u0107 2-3 razy dziennie po szklance naparu.<\/p>\n<p>Zio\u0142a i herbaty lecznicze<\/p>\n<p>kolagen na stawy cena, per\u0142y tapioki, \u017celazo rola w organizmie, olej z czarnuszki &#8211; w\u0142a\u015bciwo\u015bci, pomara\u0144cze w czekoladzie, krem z pistacji, babka jajowata kcal, dzien makaronu<\/p>\n<p>yyyyy<\/p>\n","protected":false},"excerpt":{"rendered":"<p>Zio\u0142a Nadci\u015bnienie 250g autorska mieszanka zio\u0142owa Zielarni SuwalskiejProducent: Dary Natury, Koryciny 73, 17-315 Grodziskindex: ZSU23 Zio\u0142a Nadci\u015bnienie 250g autorska mieszanka&hellip;<\/p>\n","protected":false},"featured_media":5794,"comment_status":"closed","ping_status":"open","template":"","meta":[],"product_cat":[376],"product_tag":[877,800,729],"class_list":["post-5793","product","type-product","status-publish","has-post-thumbnail","hentry","product_cat-poradniki-psychologiczne","product_tag-bita-smietana-bez-laktozy","product_tag-isolabio","product_tag-kurkuma-jak-stosowac"],"_links":{"self":[{"href":"https:\/\/wegeblw.pl\/index.php\/wp-json\/wp\/v2\/product\/5793","targetHints":{"allow":["GET"]}}],"collection":[{"href":"https:\/\/wegeblw.pl\/index.php\/wp-json\/wp\/v2\/product"}],"about":[{"href":"https:\/\/wegeblw.pl\/index.php\/wp-json\/wp\/v2\/types\/product"}],"replies":[{"embeddable":true,"href":"https:\/\/wegeblw.pl\/index.php\/wp-json\/wp\/v2\/comments?post=5793"}],"wp:featuredmedia":[{"embeddable":true,"href":"https:\/\/wegeblw.pl\/index.php\/wp-json\/wp\/v2\/media\/5794"}],"wp:attachment":[{"href":"https:\/\/wegeblw.pl\/index.php\/wp-json\/wp\/v2\/media?parent=5793"}],"wp:term":[{"taxonomy":"product_cat","embeddable":true,"href":"https:\/\/wegeblw.pl\/index.php\/wp-json\/wp\/v2\/product_cat?post=5793"},{"taxonomy":"product_tag","embeddable":true,"href":"https:\/\/wegeblw.pl\/index.php\/wp-json\/wp\/v2\/product_tag?post=5793"}],"curies":[{"name":"wp","href":"https:\/\/api.w.org\/{rel}","templated":true}]}}