{"id":5825,"date":"2022-08-31T04:45:20","date_gmt":"2022-08-31T02:45:20","guid":{"rendered":"https:\/\/wegeblw.pl\/index.php\/produkt\/polska-i-trzy-rosje\/"},"modified":"2026-04-08T01:09:14","modified_gmt":"2026-04-07T23:09:14","slug":"polska-i-trzy-rosje","status":"publish","type":"product","link":"https:\/\/wegeblw.pl\/index.php\/produkt\/polska-i-trzy-rosje\/","title":{"rendered":"Polska i trzy Rosje"},"content":{"rendered":"<p>Nutramigen 2 LGG\u00ae Complete to hipoalergiczny preparat mlekozast\u0119pczy opracowany z my\u015bl\u0105 o \u017cywieniu dzieci z \u0142agodn\u0105 b\u0105d\u017a umiarkowan\u0105 alergi\u0105 na bia\u0142ko mleka krowiego i bia\u0142ko soi. Mo\u017ce by\u0107 stosowany u niemowl\u0105t od 6. miesi\u0105ca \u017cycia.w \u0142agodnej b\u0105d\u017a umiarkowanej alergii na bia\u0142ka mleka krowiego,w innych alergiach pokarmowych, np. alergii na bia\u0142ko sojowe,w post\u0119powaniu diagnostycznym w alergii na bia\u0142ka pokarmowe,w nietolerancji laktozy i wt\u00f3rnej nietolerancji sacharozy,w dodatnim wywiadzie rodzinnym w kierunku chor\u00f3b alergicznych,w objawach zwi\u0105zanych z alergi\u0105 pokarmow\u0105 tj.: objawy sk\u00f3rne (AZS, wyprysk, pokrzywka), zaburzenia \u017co\u0142\u0105dkowo-jelitowe (kolka, biegunki), objawy ze strony uk\u0142adu oddechowego (nie\u017cyt nosa, astma).Do post\u0119powania dietetycznego u niemowl\u0105t od 6. miesi\u0105ca \u017cycia:<\/p>\n<p>Mleka nast\u0119pne<\/p>\n<p>siemie lniane po usuni\u0119ciu p\u0119cherzyka, sacha inchi olej, po co s\u0105 wk\u0142adki higieniczne, miod gryczany cena, w\u0105krota azjatycka kosmetyki, imbir marynowany kcal, gram masala, surowa dieta co je\u015b\u0107, \u017cel do cery t\u0142ustej, ocet na komary, suszone \u015bliwki indeks glikemiczny<\/p>\n<p>yyyyy<\/p>\n","protected":false},"excerpt":{"rendered":"<p>Nutramigen 2 LGG\u00ae Complete to hipoalergiczny preparat mlekozast\u0119pczy opracowany z my\u015bl\u0105 o \u017cywieniu dzieci z \u0142agodn\u0105 b\u0105d\u017a umiarkowan\u0105 alergi\u0105 na&hellip;<\/p>\n","protected":false},"featured_media":5826,"comment_status":"closed","ping_status":"open","template":"","meta":[],"product_cat":[377],"product_tag":[847,737,666,667,733],"class_list":["post-5825","product","type-product","status-publish","has-post-thumbnail","hentry","product_cat-historia-i-literatura-faktu","product_tag-czym-zastapic-nabial","product_tag-jablka-jonaprince","product_tag-lody-haagen-dazs","product_tag-makaron-sojowy-ig","product_tag-organicmarket"],"_links":{"self":[{"href":"https:\/\/wegeblw.pl\/index.php\/wp-json\/wp\/v2\/product\/5825","targetHints":{"allow":["GET"]}}],"collection":[{"href":"https:\/\/wegeblw.pl\/index.php\/wp-json\/wp\/v2\/product"}],"about":[{"href":"https:\/\/wegeblw.pl\/index.php\/wp-json\/wp\/v2\/types\/product"}],"replies":[{"embeddable":true,"href":"https:\/\/wegeblw.pl\/index.php\/wp-json\/wp\/v2\/comments?post=5825"}],"wp:featuredmedia":[{"embeddable":true,"href":"https:\/\/wegeblw.pl\/index.php\/wp-json\/wp\/v2\/media\/5826"}],"wp:attachment":[{"href":"https:\/\/wegeblw.pl\/index.php\/wp-json\/wp\/v2\/media?parent=5825"}],"wp:term":[{"taxonomy":"product_cat","embeddable":true,"href":"https:\/\/wegeblw.pl\/index.php\/wp-json\/wp\/v2\/product_cat?post=5825"},{"taxonomy":"product_tag","embeddable":true,"href":"https:\/\/wegeblw.pl\/index.php\/wp-json\/wp\/v2\/product_tag?post=5825"}],"curies":[{"name":"wp","href":"https:\/\/api.w.org\/{rel}","templated":true}]}}