{"id":5869,"date":"2016-11-02T23:06:48","date_gmt":"2016-11-02T22:06:48","guid":{"rendered":"https:\/\/wegeblw.pl\/index.php\/produkt\/stany-zapalne-leczenie-odzywianiem-kimberly-a-tessmer\/"},"modified":"2026-04-07T03:17:37","modified_gmt":"2026-04-07T01:17:37","slug":"stany-zapalne-leczenie-odzywianiem-kimberly-a-tessmer","status":"publish","type":"product","link":"https:\/\/wegeblw.pl\/index.php\/produkt\/stany-zapalne-leczenie-odzywianiem-kimberly-a-tessmer\/","title":{"rendered":"Stany Zapalne Leczenie Od\u017cywianiem &#8211; Kimberly A. Tessmer"},"content":{"rendered":"<p>Bogaty, z\u0142oty, kusz\u0105cy zapach, kt\u00f3ry afirmuje zdecydowane wyra\u017canie siebie. Podobnie jak oryginalny zapach, kt\u00f3ry pojawi\u0142 si\u0119 na rynku we wrze\u015bniu 2020 roku, PERFECT INTENSE r\u00f3wnie\u017c inspirowany jest osobist\u0105 mantr\u0105 Marca Jacobsa: \u201eJestem doskona\u0142y taki, jaki jestem\u201d. Symbolizuje j\u0105 s\u0142owo \u201ePerfect\u201d, wytatuowane na jego nadgarstku. PERFECT INTENSE jest kwiatowym zapachem, lecz wzbogaconym zaskakuj\u0105cym, upajaj\u0105cym akcentem. Promienny \u017conkil zosta\u0142 uwydatniony eleganckim obliczem ja\u015bminu kwitn\u0105cego noc\u0105. Z\u0142ociste, pra\u017cone migda\u0142y po\u0142\u0105czone z bogactwem sanda\u0142owca tworz\u0105 ciep\u0142y, koj\u0105cy finisz. Intensywny i wielowymiarowy PERFECT INTENSE to zapach bogaty, lecz zarazem figlarny. #MJPerfect . MARC JACOBS &#8211; Perfect Intense &#8211; woda perfumowana &#8211; 558802-PERFECT INTENSE EDP 100ML<\/p>\n<p>Perfumy i wody damskie<\/p>\n<p>kardamon ziarna, jak zagescic sos bez maki, mas\u0142o ranking 2020, \u015bliwki w\u0119dzone w\u0142a\u015bciwo\u015bci, olejek kolendrowy migda\u0142owy, naturalne myd\u0142a w p\u0142ynie, kwas cytrynowy wzor, fasola mung gdzie kupi\u0107, maka 500, r\u00f3\u017cowe wody p\u0142odowe, granat z pestki, cytryny, ashwagandha dzialanie, na kd sklep, najlepsza pasieka w polsce, li\u015bcie laurowe na co pomagaj\u0105, sklep ekologiczny gliwice<\/p>\n<p><a href=\"https:\/\/armodo.pl\/firm-pol-1578943551-Pollonus.html\">https:\/\/armodo.pl\/firm-pol-1578943551-Pollonus.html<\/a><\/p>\n","protected":false},"excerpt":{"rendered":"<p>Bogaty, z\u0142oty, kusz\u0105cy zapach, kt\u00f3ry afirmuje zdecydowane wyra\u017canie siebie. Podobnie jak oryginalny zapach, kt\u00f3ry pojawi\u0142 si\u0119 na rynku we wrze\u015bniu&hellip;<\/p>\n","protected":false},"featured_media":5870,"comment_status":"closed","ping_status":"open","template":"","meta":[],"product_cat":[374],"product_tag":[819,853,777,826],"class_list":["post-5869","product","type-product","status-publish","has-post-thumbnail","hentry","product_cat-zdrowie-i-diety","product_tag-kosze-prezentowe","product_tag-makaron-0-kcal","product_tag-mieso-wege","product_tag-olej-kokosowy-rafinowany"],"_links":{"self":[{"href":"https:\/\/wegeblw.pl\/index.php\/wp-json\/wp\/v2\/product\/5869","targetHints":{"allow":["GET"]}}],"collection":[{"href":"https:\/\/wegeblw.pl\/index.php\/wp-json\/wp\/v2\/product"}],"about":[{"href":"https:\/\/wegeblw.pl\/index.php\/wp-json\/wp\/v2\/types\/product"}],"replies":[{"embeddable":true,"href":"https:\/\/wegeblw.pl\/index.php\/wp-json\/wp\/v2\/comments?post=5869"}],"wp:featuredmedia":[{"embeddable":true,"href":"https:\/\/wegeblw.pl\/index.php\/wp-json\/wp\/v2\/media\/5870"}],"wp:attachment":[{"href":"https:\/\/wegeblw.pl\/index.php\/wp-json\/wp\/v2\/media?parent=5869"}],"wp:term":[{"taxonomy":"product_cat","embeddable":true,"href":"https:\/\/wegeblw.pl\/index.php\/wp-json\/wp\/v2\/product_cat?post=5869"},{"taxonomy":"product_tag","embeddable":true,"href":"https:\/\/wegeblw.pl\/index.php\/wp-json\/wp\/v2\/product_tag?post=5869"}],"curies":[{"name":"wp","href":"https:\/\/api.w.org\/{rel}","templated":true}]}}