{"id":5892,"date":"2016-02-14T09:43:43","date_gmt":"2016-02-14T08:43:43","guid":{"rendered":"https:\/\/wegeblw.pl\/index.php\/produkt\/armaf-club-de-nuit-milestone-woda-perfumowana-105-ml\/"},"modified":"2026-04-10T06:22:19","modified_gmt":"2026-04-10T04:22:19","slug":"armaf-club-de-nuit-milestone-woda-perfumowana-105-ml","status":"publish","type":"product","link":"https:\/\/wegeblw.pl\/index.php\/produkt\/armaf-club-de-nuit-milestone-woda-perfumowana-105-ml\/","title":{"rendered":"Armaf Club De Nuit Milestone Woda Perfumowana 105 Ml"},"content":{"rendered":"<p>Pralki<\/p>\n<p>prawdziwe, kala namak, ry\u017c czerwony na cholesterol, k2 k\u0142odawa, krem na wiatr i mr\u00f3z dla niemowl\u0105t, dr ewa d\u0105browska wiek, toffi kokosowe, co zrobi\u0107 z m\u0105ki gryczanej, dieta kopenchadzka, cena kapusty, kolagen witamina c, kawa a stawy, funkcje b\u0142onnika, mi\u00f3d cynamon, ose\u0142ka z nerkowc\u00f3w, maltitol a cukrzyca, ekstrakt z pestek winogron 95 opc, czego nie je\u015b\u0107 karmi\u0105c piersi\u0105<\/p>\n<p><a href=\"https:\/\/krolewskie-miody.pl\/miod-nie-tylko-do-jedzenia\/\">nalewka z miodu wielokwiatowego<\/a><\/p>\n","protected":false},"excerpt":{"rendered":"<p>Pralki prawdziwe, kala namak, ry\u017c czerwony na cholesterol, k2 k\u0142odawa, krem na wiatr i mr\u00f3z dla niemowl\u0105t, dr ewa d\u0105browska&hellip;<\/p>\n","protected":false},"featured_media":5893,"comment_status":"closed","ping_status":"open","template":"","meta":[],"product_cat":[423],"product_tag":[778,771,643,698],"class_list":["post-5892","product","type-product","status-publish","has-post-thumbnail","hentry","product_cat-zapachy-unisex","product_tag-burak","product_tag-jak-jesc-granat","product_tag-jak-ugotowac-komose","product_tag-kurczak-ekologiczny"],"_links":{"self":[{"href":"https:\/\/wegeblw.pl\/index.php\/wp-json\/wp\/v2\/product\/5892","targetHints":{"allow":["GET"]}}],"collection":[{"href":"https:\/\/wegeblw.pl\/index.php\/wp-json\/wp\/v2\/product"}],"about":[{"href":"https:\/\/wegeblw.pl\/index.php\/wp-json\/wp\/v2\/types\/product"}],"replies":[{"embeddable":true,"href":"https:\/\/wegeblw.pl\/index.php\/wp-json\/wp\/v2\/comments?post=5892"}],"wp:featuredmedia":[{"embeddable":true,"href":"https:\/\/wegeblw.pl\/index.php\/wp-json\/wp\/v2\/media\/5893"}],"wp:attachment":[{"href":"https:\/\/wegeblw.pl\/index.php\/wp-json\/wp\/v2\/media?parent=5892"}],"wp:term":[{"taxonomy":"product_cat","embeddable":true,"href":"https:\/\/wegeblw.pl\/index.php\/wp-json\/wp\/v2\/product_cat?post=5892"},{"taxonomy":"product_tag","embeddable":true,"href":"https:\/\/wegeblw.pl\/index.php\/wp-json\/wp\/v2\/product_tag?post=5892"}],"curies":[{"name":"wp","href":"https:\/\/api.w.org\/{rel}","templated":true}]}}