{"id":5925,"date":"2018-03-24T09:21:14","date_gmt":"2018-03-24T08:21:14","guid":{"rendered":"https:\/\/wegeblw.pl\/index.php\/produkt\/piec-akumulacyjny-dynamiczny-dimplex-vfe-20-k-2000w\/"},"modified":"2026-04-10T04:48:27","modified_gmt":"2026-04-10T02:48:27","slug":"piec-akumulacyjny-dynamiczny-dimplex-vfe-20-k-2000w","status":"publish","type":"product","link":"https:\/\/wegeblw.pl\/index.php\/produkt\/piec-akumulacyjny-dynamiczny-dimplex-vfe-20-k-2000w\/","title":{"rendered":"Piec akumulacyjny dynamiczny Dimplex VFE 20 K 2000W"},"content":{"rendered":"<p>Thorne Iso-Phos Izolat Fosfatydyloseryny 60Vkaps<\/p>\n<p>Uk\u0142ad nerwowy i pami\u0119\u0107<\/p>\n<p>schab w plastrach, nerkowiec orzech, olej z pestek dyni t\u0142oczony na zimno, tu\u0144czyk po angielsku, acai jagody, piwo bezalkoholowe a zdrowie, any\u017c w ci\u0105\u017cy, m\u0105ka z semoliny<\/p>\n<p>yyyyy<\/p>\n","protected":false},"excerpt":{"rendered":"<p>Thorne Iso-Phos Izolat Fosfatydyloseryny 60Vkaps Uk\u0142ad nerwowy i pami\u0119\u0107 schab w plastrach, nerkowiec orzech, olej z pestek dyni t\u0142oczony na&hellip;<\/p>\n","protected":false},"featured_media":5926,"comment_status":"closed","ping_status":"open","template":"","meta":[],"product_cat":[431],"product_tag":[689,663,745,845],"class_list":["post-5925","product","type-product","status-publish","has-post-thumbnail","hentry","product_cat-piece-akumulacyjne","product_tag-maka-orkiszowa-wlasciwosci","product_tag-sekacz-ciasto","product_tag-swieze-mleko","product_tag-syrop-klonowy"],"_links":{"self":[{"href":"https:\/\/wegeblw.pl\/index.php\/wp-json\/wp\/v2\/product\/5925","targetHints":{"allow":["GET"]}}],"collection":[{"href":"https:\/\/wegeblw.pl\/index.php\/wp-json\/wp\/v2\/product"}],"about":[{"href":"https:\/\/wegeblw.pl\/index.php\/wp-json\/wp\/v2\/types\/product"}],"replies":[{"embeddable":true,"href":"https:\/\/wegeblw.pl\/index.php\/wp-json\/wp\/v2\/comments?post=5925"}],"wp:featuredmedia":[{"embeddable":true,"href":"https:\/\/wegeblw.pl\/index.php\/wp-json\/wp\/v2\/media\/5926"}],"wp:attachment":[{"href":"https:\/\/wegeblw.pl\/index.php\/wp-json\/wp\/v2\/media?parent=5925"}],"wp:term":[{"taxonomy":"product_cat","embeddable":true,"href":"https:\/\/wegeblw.pl\/index.php\/wp-json\/wp\/v2\/product_cat?post=5925"},{"taxonomy":"product_tag","embeddable":true,"href":"https:\/\/wegeblw.pl\/index.php\/wp-json\/wp\/v2\/product_tag?post=5925"}],"curies":[{"name":"wp","href":"https:\/\/api.w.org\/{rel}","templated":true}]}}