{"id":5929,"date":"2019-10-13T09:50:21","date_gmt":"2019-10-13T07:50:21","guid":{"rendered":"https:\/\/wegeblw.pl\/index.php\/produkt\/megadeth-the-sickthe-dying-and-the-dead-cd\/"},"modified":"2026-04-16T06:45:54","modified_gmt":"2026-04-16T04:45:54","slug":"megadeth-the-sickthe-dying-and-the-dead-cd","status":"publish","type":"product","link":"https:\/\/wegeblw.pl\/index.php\/produkt\/megadeth-the-sickthe-dying-and-the-dead-cd\/","title":{"rendered":"Megadeth: The Sick,The Dying&#8230;And The Dead! [CD]"},"content":{"rendered":"<p>Dwutygodniowe multifokalne soczewki progresywne<\/p>\n<p>Soczewki kontaktowe<\/p>\n<p>owoce na obni\u017cenie ci\u015bnienia, wafle jaglane, sklepy internetowe ze zdrow\u0105 \u017cywno\u015bci\u0105, zdrowa \u017cywno\u015b\u0107 rzesz\u00f3w, skuteczne na tr\u0105dzik, co to jest \u017ce\u0144 sze\u0144, cynk + selen, korzen maca, popping z amarantusa, muffiny kokosowe, klopsiki wegetaria\u0144skie, vermicelli makaron, all nutrition kremy, czy mozzarella ma laktoze, helpy, cynamon cejlo\u0144ski gdzie kupic, czy od stresu si\u0119 chudnie, ziola i przyprawy, dyfuzory, czy wafle ry\u017cowe s\u0105 rakotw\u00f3rcze, galaretki tureckie<\/p>\n<p>yyyyy<\/p>\n","protected":false},"excerpt":{"rendered":"<p>Dwutygodniowe multifokalne soczewki progresywne Soczewki kontaktowe owoce na obni\u017cenie ci\u015bnienia, wafle jaglane, sklepy internetowe ze zdrow\u0105 \u017cywno\u015bci\u0105, zdrowa \u017cywno\u015b\u0107 rzesz\u00f3w,&hellip;<\/p>\n","protected":false},"featured_media":5930,"comment_status":"closed","ping_status":"open","template":"","meta":[],"product_cat":[433],"product_tag":[787,835,717,641],"class_list":["post-5929","product","type-product","status-publish","has-post-thumbnail","hentry","product_cat-plyty-kompaktowe","product_tag-beyond-meet","product_tag-kurkuma-dzialanie","product_tag-odzywka-onlybio","product_tag-smieci-w-oceanach"],"_links":{"self":[{"href":"https:\/\/wegeblw.pl\/index.php\/wp-json\/wp\/v2\/product\/5929","targetHints":{"allow":["GET"]}}],"collection":[{"href":"https:\/\/wegeblw.pl\/index.php\/wp-json\/wp\/v2\/product"}],"about":[{"href":"https:\/\/wegeblw.pl\/index.php\/wp-json\/wp\/v2\/types\/product"}],"replies":[{"embeddable":true,"href":"https:\/\/wegeblw.pl\/index.php\/wp-json\/wp\/v2\/comments?post=5929"}],"wp:featuredmedia":[{"embeddable":true,"href":"https:\/\/wegeblw.pl\/index.php\/wp-json\/wp\/v2\/media\/5930"}],"wp:attachment":[{"href":"https:\/\/wegeblw.pl\/index.php\/wp-json\/wp\/v2\/media?parent=5929"}],"wp:term":[{"taxonomy":"product_cat","embeddable":true,"href":"https:\/\/wegeblw.pl\/index.php\/wp-json\/wp\/v2\/product_cat?post=5929"},{"taxonomy":"product_tag","embeddable":true,"href":"https:\/\/wegeblw.pl\/index.php\/wp-json\/wp\/v2\/product_tag?post=5929"}],"curies":[{"name":"wp","href":"https:\/\/api.w.org\/{rel}","templated":true}]}}