{"id":5943,"date":"2013-12-27T02:53:08","date_gmt":"2013-12-27T01:53:08","guid":{"rendered":"https:\/\/wegeblw.pl\/index.php\/produkt\/polfa-lodz-laboratoria-paracetamol-500-mg-x-10-tabl\/"},"modified":"2026-04-07T05:12:08","modified_gmt":"2026-04-07T03:12:08","slug":"polfa-lodz-laboratoria-paracetamol-500-mg-x-10-tabl","status":"publish","type":"product","link":"https:\/\/wegeblw.pl\/index.php\/produkt\/polfa-lodz-laboratoria-paracetamol-500-mg-x-10-tabl\/","title":{"rendered":"Polfa \u0141\u00f3d\u017a Laboratoria Paracetamol 500 Mg X 10 Tabl"},"content":{"rendered":"<p>Pasta do z\u0119b\u00f3w Himalaya Stain Removal 80g<\/p>\n<p>Pasty do z\u0119b\u00f3w<\/p>\n<p>chipsy ketchupowe, minki minki, only bio krem, evening primroses, z czym jesc hummus, chrupki, sklep zdrowa zywnosc, rodzynki w czekoladzie biedronka, siemie lniane a len, jakie s\u0105 produkty rosyjskie, olejek z opuncji figowej<\/p>\n<p>yyyyy<\/p>\n","protected":false},"excerpt":{"rendered":"<p>Pasta do z\u0119b\u00f3w Himalaya Stain Removal 80g Pasty do z\u0119b\u00f3w chipsy ketchupowe, minki minki, only bio krem, evening primroses, z&hellip;<\/p>\n","protected":false},"featured_media":5944,"comment_status":"closed","ping_status":"open","template":"","meta":[],"product_cat":[110],"product_tag":[734,759,833,750],"class_list":["post-5943","product","type-product","status-publish","has-post-thumbnail","hentry","product_cat-przeciwbolowe","product_tag-derma-sklep","product_tag-kurkuma","product_tag-maka-orkiszowa","product_tag-pasta-tahini-do-czego"],"_links":{"self":[{"href":"https:\/\/wegeblw.pl\/index.php\/wp-json\/wp\/v2\/product\/5943","targetHints":{"allow":["GET"]}}],"collection":[{"href":"https:\/\/wegeblw.pl\/index.php\/wp-json\/wp\/v2\/product"}],"about":[{"href":"https:\/\/wegeblw.pl\/index.php\/wp-json\/wp\/v2\/types\/product"}],"replies":[{"embeddable":true,"href":"https:\/\/wegeblw.pl\/index.php\/wp-json\/wp\/v2\/comments?post=5943"}],"wp:featuredmedia":[{"embeddable":true,"href":"https:\/\/wegeblw.pl\/index.php\/wp-json\/wp\/v2\/media\/5944"}],"wp:attachment":[{"href":"https:\/\/wegeblw.pl\/index.php\/wp-json\/wp\/v2\/media?parent=5943"}],"wp:term":[{"taxonomy":"product_cat","embeddable":true,"href":"https:\/\/wegeblw.pl\/index.php\/wp-json\/wp\/v2\/product_cat?post=5943"},{"taxonomy":"product_tag","embeddable":true,"href":"https:\/\/wegeblw.pl\/index.php\/wp-json\/wp\/v2\/product_tag?post=5943"}],"curies":[{"name":"wp","href":"https:\/\/api.w.org\/{rel}","templated":true}]}}