{"id":5945,"date":"2023-12-22T01:02:09","date_gmt":"2023-12-22T00:02:09","guid":{"rendered":"https:\/\/wegeblw.pl\/?post_type=product&#038;p=5945"},"modified":"2026-04-07T03:11:10","modified_gmt":"2026-04-07T01:11:10","slug":"filorga-art-filler-volume-2x1-2ml","status":"publish","type":"product","link":"https:\/\/wegeblw.pl\/index.php\/produkt\/filorga-art-filler-volume-2x1-2ml\/","title":{"rendered":"Filorga Art Filler Volume 2&#215;1.2ml"},"content":{"rendered":"<p>Tw\u00f3j kot jest prawdziwym smakoszem i ma tendencj\u0119 do nadmiernego po\u0142ykania sier\u015bci?\u00a0JOSERA Catelux z pyszn\u0105 kaczk\u0105 i ziemniakami to idealne po\u017cywienie dla wybrednych, doros\u0142ych kot\u00f3w.\u00a0Dzi\u0119ki wysokiej zawarto\u015bci dietetycznego b\u0142onnika jest r\u00f3wnie\u017c idealna dla kot\u00f3w, kt\u00f3re maj\u0105 sk\u0142onno\u015b\u0107 do po\u0142ykania sier\u015bci.\u00a0Z pyszn\u0105 kaczk\u0105 i ziemniakami dla wybrednych kot\u00f3wSpecjalne dietetyczne w\u0142\u00f3kna u\u0142atwiaj\u0105 usuwanie po\u0142kni\u0119tych w\u0142os\u00f3w z przewodu pokarmowego, a tym samym zmniejszaj\u0105 ryzyko powstawania kul w\u0142osowych, zw\u0142aszcza u kot\u00f3w d\u0142ugow\u0142osychCenne kwasy t\u0142uszczowe, witaminy i mikroelementy wp\u0142ywaj\u0105 na zdrow\u0105 sk\u00f3r\u0119 i l\u015bni\u0105c\u0105 sier\u015b\u0107\u00a0Warto\u015b\u0107 pH moczu jest utrzymywana na odpowiednim poziomie (6,0 &#8211; 6,5), co przeciwdzia\u0142a powstawaniu kamicy moczowej                            <\/p>\n<p>Sk\u0142ad:\u00a0\u00a0suszone bia\u0142ko drobiowe (dr\u00f3b 20,0 %, kaczka 6,0 %), kukurydza pe\u0142noziarnista, skwarki, t\u0142uszcz drobiowy, suszone ziemniaki, wys\u0142odki buraczane, w\u0142\u00f3kna ro\u015blinne, hydrolizowane bia\u0142ko drobiowe, minera\u0142y, suszona w\u0105tr\u00f3bka drobiowa, \u0142uski nasion babki p\u0142esznik (Psyllium).\u00a0                            <\/p>\n<p>Sk\u0142adniki analityczne:\u00a0Bia\u0142ko surowe 32,0 %;\u00a0Zawarto\u015b\u0107 t\u0142uszczu 20,0 %;\u00a0W\u0142\u00f3kno surowe 5,3 %;\u00a0Popi\u00f3\u0142 surowy 6,8 %;\u00a0Wap\u0144 1,30 %;\u00a0Fosfor 0,95 %;\u00a0Magnez 0,08 %.\u00a0\u00a0Dodatki technologiczne:\u00a0Przeciwutleniacze: bogate w tokoferol ekstrakty pochodzenia naturalnego.\u00a0                            <\/p>\n<p>Dodatki dietetyczne w 1 kg:\u00a024.000 j.m. Witaminy A; 1.800 j.m. Witaminy D3; 220 mg Witaminy E; 15 mg Witaminy B1; 20 mg Witaminy B2; 20 mg Witaminy B6; 100 mcg Witaminy B12; 50 mg Kwasu pantotenowego; 90 mg Niacyny; 5 mg Kwasu foliowego; 1.000 mcg Biotyny; 1.500 mg Tauryny; 170 mg \u017belaza\u00a0 \u00a0(Siarczan \u017celaza (II), Jednowodny); 150 mg Cynku (Uwodniony chelat glicyny Zn); 15 mg Manganu (Tlenek manganu II); 18 mg Miedzi (Uwodniony chelat glicyny Cu); 1,80 mg Jodu (Jodek wapnia); 0,25 mg Selenu (Selenin sodu).\u00a0<\/p>\n<p>Karmy dla kot\u00f3w<\/p>\n<p>myd\u0142o mi\u015b, dieta ketogeniczna efekty po tygodniu, ciastka z m\u0105ki orkiszowej i p\u0142atk\u00f3w owsianych, m\u0105ka pe\u0142noziarnista, rodzynki w\u0142a\u015bciwo\u015bci jelita, br\u0105zowy, melatonina naturalna, beauty me, www natvita pl<\/p>\n<p>yyyyy<\/p>\n","protected":false},"excerpt":{"rendered":"<p>Tw\u00f3j kot jest prawdziwym smakoszem i ma tendencj\u0119 do nadmiernego po\u0142ykania sier\u015bci?\u00a0JOSERA Catelux z pyszn\u0105 kaczk\u0105 i ziemniakami to idealne&hellip;<\/p>\n","protected":false},"featured_media":5946,"comment_status":"closed","ping_status":"open","template":"","meta":[],"product_cat":[36],"product_tag":[635,658,811,829,686,807,786],"class_list":["post-5945","product","type-product","status-publish","has-post-thumbnail","hentry","product_cat-dermokosmetyki","product_tag-4-her","product_tag-beyond-meat-polska","product_tag-jajka-ekologiczne","product_tag-marchew-ekologiczna","product_tag-sekacz-skad","product_tag-siemie-lniane-na-co-pomaga","product_tag-soczewicy"],"_links":{"self":[{"href":"https:\/\/wegeblw.pl\/index.php\/wp-json\/wp\/v2\/product\/5945","targetHints":{"allow":["GET"]}}],"collection":[{"href":"https:\/\/wegeblw.pl\/index.php\/wp-json\/wp\/v2\/product"}],"about":[{"href":"https:\/\/wegeblw.pl\/index.php\/wp-json\/wp\/v2\/types\/product"}],"replies":[{"embeddable":true,"href":"https:\/\/wegeblw.pl\/index.php\/wp-json\/wp\/v2\/comments?post=5945"}],"wp:featuredmedia":[{"embeddable":true,"href":"https:\/\/wegeblw.pl\/index.php\/wp-json\/wp\/v2\/media\/5946"}],"wp:attachment":[{"href":"https:\/\/wegeblw.pl\/index.php\/wp-json\/wp\/v2\/media?parent=5945"}],"wp:term":[{"taxonomy":"product_cat","embeddable":true,"href":"https:\/\/wegeblw.pl\/index.php\/wp-json\/wp\/v2\/product_cat?post=5945"},{"taxonomy":"product_tag","embeddable":true,"href":"https:\/\/wegeblw.pl\/index.php\/wp-json\/wp\/v2\/product_tag?post=5945"}],"curies":[{"name":"wp","href":"https:\/\/api.w.org\/{rel}","templated":true}]}}