{"id":5961,"date":"2021-03-30T11:54:26","date_gmt":"2021-03-30T09:54:26","guid":{"rendered":"https:\/\/wegeblw.pl\/index.php\/produkt\/loreal-casting-creme-krem-koloryzujacy-do-wlosow-bez-amoniaku-nr-600-ciemny-blond\/"},"modified":"2026-04-07T11:39:40","modified_gmt":"2026-04-07T09:39:40","slug":"loreal-casting-creme-krem-koloryzujacy-do-wlosow-bez-amoniaku-nr-600-ciemny-blond","status":"publish","type":"product","link":"https:\/\/wegeblw.pl\/index.php\/produkt\/loreal-casting-creme-krem-koloryzujacy-do-wlosow-bez-amoniaku-nr-600-ciemny-blond\/","title":{"rendered":"L&#8217;Oreal Casting Creme Krem Koloryzuj\u0105cy Do W\u0142os\u00f3w Bez Amoniaku Nr 600 Ciemny Blond"},"content":{"rendered":"<p>KO01 HMS &#8211; to obrotowy twister magnetyczny. Produkt doskonale sprawdzi si\u0119 jako przyrz\u0105d do \u0107wicze\u0144 fitness w warunkach domowych.<\/p>\n<p>Twistery<\/p>\n<p>pierogi bezglutenowe z m\u0105ki sch\u00e4r, \u015bmietanka krem\u00f3wka, extra virgin, jogurt cena, siarka do k\u0105pieli w domu gdzie kupi\u0107<\/p>\n<p>yyyyy<\/p>\n","protected":false},"excerpt":{"rendered":"<p>KO01 HMS &#8211; to obrotowy twister magnetyczny. Produkt doskonale sprawdzi si\u0119 jako przyrz\u0105d do \u0107wicze\u0144 fitness w warunkach domowych. Twistery&hellip;<\/p>\n","protected":false},"featured_media":5962,"comment_status":"closed","ping_status":"open","template":"","meta":[],"product_cat":[157],"product_tag":[656,726,830,728,686],"class_list":["post-5961","product","type-product","status-publish","has-post-thumbnail","hentry","product_cat-farby-i-szampony-koloryzujace","product_tag-ekologiczne-mieso","product_tag-organic","product_tag-organic-24","product_tag-roslinne-mieso","product_tag-sekacz-skad"],"_links":{"self":[{"href":"https:\/\/wegeblw.pl\/index.php\/wp-json\/wp\/v2\/product\/5961","targetHints":{"allow":["GET"]}}],"collection":[{"href":"https:\/\/wegeblw.pl\/index.php\/wp-json\/wp\/v2\/product"}],"about":[{"href":"https:\/\/wegeblw.pl\/index.php\/wp-json\/wp\/v2\/types\/product"}],"replies":[{"embeddable":true,"href":"https:\/\/wegeblw.pl\/index.php\/wp-json\/wp\/v2\/comments?post=5961"}],"wp:featuredmedia":[{"embeddable":true,"href":"https:\/\/wegeblw.pl\/index.php\/wp-json\/wp\/v2\/media\/5962"}],"wp:attachment":[{"href":"https:\/\/wegeblw.pl\/index.php\/wp-json\/wp\/v2\/media?parent=5961"}],"wp:term":[{"taxonomy":"product_cat","embeddable":true,"href":"https:\/\/wegeblw.pl\/index.php\/wp-json\/wp\/v2\/product_cat?post=5961"},{"taxonomy":"product_tag","embeddable":true,"href":"https:\/\/wegeblw.pl\/index.php\/wp-json\/wp\/v2\/product_tag?post=5961"}],"curies":[{"name":"wp","href":"https:\/\/api.w.org\/{rel}","templated":true}]}}