{"id":5993,"date":"2016-07-06T00:39:40","date_gmt":"2016-07-05T22:39:40","guid":{"rendered":"https:\/\/wegeblw.pl\/index.php\/produkt\/dr-irena-eris-prosystem-home-care-aqua-idealine-871-probiotyczny-krem-nawilzajacy-do-twarzy-na-dzien-spf-30-50ml\/"},"modified":"2026-04-08T23:19:21","modified_gmt":"2026-04-08T21:19:21","slug":"dr-irena-eris-prosystem-home-care-aqua-idealine-871-probiotyczny-krem-nawilzajacy-do-twarzy-na-dzien-spf-30-50ml","status":"publish","type":"product","link":"https:\/\/wegeblw.pl\/index.php\/produkt\/dr-irena-eris-prosystem-home-care-aqua-idealine-871-probiotyczny-krem-nawilzajacy-do-twarzy-na-dzien-spf-30-50ml\/","title":{"rendered":"Dr Irena Eris Prosystem Home Care Aqua Idealine 871 Probiotyczny Krem Nawil\u017caj\u0105cy Do Twarzy Na Dzie\u0144 Spf 30 50ml"},"content":{"rendered":"<p>Matoset, Kompresy gazowe, ja\u0142owe, 17-nitkowe z nitk\u0105 RTG, pakiet (blister)Kompresy z gazy opatrunkowej stosowane do poch\u0142aniania p\u0142yn\u00f3w w trakcie zabieg\u00f3w ambulatoryjnych i operacyjnych w przypadku ich ja\u0142owo\u015bci oraz do cel\u00f3w higieniczno-kosmetycznych w przypadku ich wyja\u0142owienia. Posiadaj\u0105 nitk\u0119 RTG, kt\u00f3ra zapewnia bezpiecze\u0144stwo na bloku operacyjnym.Cechy produktu:Ja\u0142owo\u015b\u0107: ja\u0142oweOpakowanie: Blister (opakowanie foliowo-papierowe bez indywidualnego pakowania ka\u017cdego kompresu)Nitka RTG: takW\u0142a\u015bciwo\u015bci kompres\u00f3w z gazy Matocomp:Wykonane ze 100% bawe\u0142ny.Bielone metod\u0105 bezchlorow\u0105, dzi\u0119ki czemu gwarantuj\u0105 wysoki poziom czysto\u015bci chemicznej.Pozbawione lu\u017anych w\u0142\u00f3kien na powierzchni kompresu, dzi\u0119ki czemu podwy\u017cszone zostaje bezpiecze\u0144stwo u\u017cytkowania.Zabezpieczone w spos\u00f3b uniemo\u017cliwiaj\u0105cy wyprucie lu\u017anej nitki kompresu.Zapewniaj\u0105 du\u017c\u0105 zdolno\u015b\u0107 wch\u0142aniania wilgoci i p\u0142yn\u00f3w.Kompresy z gazy opatrunkowej s\u0105 wyrobem jednorazowym. Podczas procedur inwazyjnych nale\u017cy je stosowa\u0107 jedynie w stanie nierozwini\u0119tym.Zdj\u0119cie podgl\u0105dowe \u2013 przedstawia przyk\u0142adowe opakowanie produktu i nie odzwierciedla faktycznego rozmiaru kompres\u00f3w.<\/p>\n<p>Apteczki i materia\u0142y opatrunkowe<\/p>\n<p>greckie produkty, jak zrobi\u0107 kasz\u0119 gryczan\u0105, cwiczenia na ty\u0142ek, zastosowanie olejk\u00f3w eterycznych, siemie lniane mielone kcal, b glukan, ma\u015b\u0107 propolisowa 30, kwiat kaszka, oregano w tabletkach<\/p>\n<p><a href=\"https:\/\/www.dodrukarki.pl\/category\/tusze-tusze-hp\">dodrukarki.pl\/category\/tusze-tusze-hp<\/a><\/p>\n","protected":false},"excerpt":{"rendered":"<p>Matoset, Kompresy gazowe, ja\u0142owe, 17-nitkowe z nitk\u0105 RTG, pakiet (blister)Kompresy z gazy opatrunkowej stosowane do poch\u0142aniania p\u0142yn\u00f3w w trakcie zabieg\u00f3w&hellip;<\/p>\n","protected":false},"featured_media":5994,"comment_status":"closed","ping_status":"open","template":"","meta":[],"product_cat":[39],"product_tag":[751,655,811,620,859,668],"class_list":["post-5993","product","type-product","status-publish","has-post-thumbnail","hentry","product_cat-kremy-do-twarzy","product_tag-24-organic","product_tag-eko-warzywa","product_tag-jajka-ekologiczne","product_tag-kielbasa-wiejska","product_tag-pasta-sezamowa","product_tag-wolowina-ekologiczna"],"_links":{"self":[{"href":"https:\/\/wegeblw.pl\/index.php\/wp-json\/wp\/v2\/product\/5993","targetHints":{"allow":["GET"]}}],"collection":[{"href":"https:\/\/wegeblw.pl\/index.php\/wp-json\/wp\/v2\/product"}],"about":[{"href":"https:\/\/wegeblw.pl\/index.php\/wp-json\/wp\/v2\/types\/product"}],"replies":[{"embeddable":true,"href":"https:\/\/wegeblw.pl\/index.php\/wp-json\/wp\/v2\/comments?post=5993"}],"wp:featuredmedia":[{"embeddable":true,"href":"https:\/\/wegeblw.pl\/index.php\/wp-json\/wp\/v2\/media\/5994"}],"wp:attachment":[{"href":"https:\/\/wegeblw.pl\/index.php\/wp-json\/wp\/v2\/media?parent=5993"}],"wp:term":[{"taxonomy":"product_cat","embeddable":true,"href":"https:\/\/wegeblw.pl\/index.php\/wp-json\/wp\/v2\/product_cat?post=5993"},{"taxonomy":"product_tag","embeddable":true,"href":"https:\/\/wegeblw.pl\/index.php\/wp-json\/wp\/v2\/product_tag?post=5993"}],"curies":[{"name":"wp","href":"https:\/\/api.w.org\/{rel}","templated":true}]}}