{"id":6019,"date":"2016-10-02T19:56:13","date_gmt":"2016-10-02T17:56:13","guid":{"rendered":"https:\/\/wegeblw.pl\/index.php\/produkt\/masc-konska-rozgrzewajaca-350-g-150-g-linia-natury\/"},"modified":"2026-04-07T11:32:53","modified_gmt":"2026-04-07T09:32:53","slug":"masc-konska-rozgrzewajaca-350-g-150-g-linia-natury","status":"publish","type":"product","link":"https:\/\/wegeblw.pl\/index.php\/produkt\/masc-konska-rozgrzewajaca-350-g-150-g-linia-natury\/","title":{"rendered":"Ma\u015b\u0107 Ko\u0144ska Rozgrzewaj\u0105ca 350 G + 150 G (Linia Natury)"},"content":{"rendered":"<p>Movento 100 SC jest\u00a0 \u015brodkiem owadob\u00f3jczym w formie st\u0119\u017conej zawiesiny do rozcie\u0144czania wod\u0105 do stosowania w uprawie jab\u0142oni, gruszy, warzyw kapustnych, sa\u0142aty, drzew i krzew\u00f3w ozdobnych. Na szkodniki dzia\u0142a poprzez hamowanie biosyntezy t\u0142uszcz\u00f3w. W ro\u015blinie dzia\u0142a systemicznie. Transport substancji czynnej spirotetramatu w ro\u015blinie odbywa si\u0119 na dwa sposoby: przez ksylem i floem, co umo\u017cliwia ochron\u0119 zar\u00f3wno starszych li\u015bci i korzeni, jak i nowych li\u015bci, kt\u00f3re rozwin\u0119\u0142y si\u0119 dopiero po zastosowaniu preparatu. \u015arodek przeznaczony do stosowania przy u\u017cyciu opryskiwaczy r\u0119cznych, polowych i sadowniczych.<br \/>\n\u00a0<br \/>\nZawarto\u015b\u0107 substancji czynnej:<br \/>\nspirotetramat -100 gw1 litrze\u015brodka (9,35 %)<br \/>\n\u00a0<br \/>\nZASTOSOWANIE \u015aRODKA<br \/>\n\u00a0<br \/>\nJab\u0142o\u0144\u00a0<br \/>\nBawe\u0142nica kor\u00f3wka i inne gatunki mszyc (m.in. mszyca jab\u0142oniowa, mszyca jab\u0142oniowo-babkowa), czerwce (m.in. skorupik jab\u0142oniowy) oraz pryszczarki (np.\u00a0 pryszczarek jab\u0142oniak). Stosowa\u0107 w okresie od ko\u0144ca kwitnienia do pocz\u0105tku opadania owoc\u00f3w (czerwcowe opadanie).\u00a0<br \/>\nMaksymalna dawka dla jednorazowego zastosowania: 2,25 l\/ha\u00a0<br \/>\nZalecana dawka dla jednorazowego zastosowania: 2,25 l\/ha\u00a0<br \/>\nMaksymalna liczba zabieg\u00f3w w sezonie wegetacyjnym\u2013 2<br \/>\nOdst\u0119p mi\u0119dzy zabiegami: minimum 14 dni.\u00a0<br \/>\nZalecana ilo\u015b\u0107 wody: 500-750 l\/ha<br \/>\nZabieg wykona\u0107 najp\u00f3\u017aniej na 4 tygodnie przed introdukcj\u0105 dobroczynka gruszowego.<br \/>\n\u00a0<br \/>\nGrusza<br \/>\nMiod\u00f3wki, mszyce, czerwce (m.in. skorupik jab\u0142oniowy) oraz pryszczarki (np. pryszczarek gruszowiec).<br \/>\nStosowa\u0107 w okresie od ko\u0144ca kwitnienia do pocz\u0105tku opadania owoc\u00f3w.<br \/>\nMaksymalna dawka dla jednorazowego zastosowania: 2,25 l\/ha\u00a0<br \/>\nZalecana dawka dla jednorazowego zastosowania: 2,25 l\/ha\u00a0<br \/>\nMaksymalna liczba zabieg\u00f3w w sezonie wegetacyjnym\u2013 1<br \/>\nZalecana ilo\u015b\u0107 wody: 500-750 l\/ha<br \/>\n\u00a0<br \/>\nWarzywa kapustne uprawiane w gruncie: kalafior, broku\u0142, brukselka, kapusta \u00a0g\u0142owiasta, jarmu\u017c, kapusta peki\u0144ska, kapusta (chi\u0144ska) pak- czoi, kalarepa.\u00a0<br \/>\nMszyce (m.in. mszyca kapu\u015bciana i mszyca brzoskwiniowa) oraz m\u0105czliki.<br \/>\nStosowa\u0107 pomi\u0119dzy faz\u0105 3 li\u015bci a faz\u0105 osi\u0105gni\u0119cia odpowiedniej wielko\u015bci do zbioru.<br \/>\nMaksymalna dawka dla jednorazowego zastosowania: 0,75 l\/ha + zwil\u017cacz.<br \/>\nZalecana dawka dla jednorazowego zastosowania: 0,75 l\/ha + zwil\u017cacz.<br \/>\nMaksymalna liczba zabieg\u00f3w w sezonie wegetacyjnym\u2013 2<br \/>\nOdst\u0119p mi\u0119dzy zabiegami: minimum 14 dni.\u00a0<br \/>\nZalecana ilo\u015b\u0107 wody: 300-600 l\/ha<br \/>\n\u00a0<br \/>\nSa\u0142ata (m.in. sa\u0142ata mas\u0142owa, sa\u0142ata lodowa, sa\u0142ata rzymska, sa\u0142ata d\u0119bolistna) \u00a0uprawiana w gruncie i pod os\u0142onami<br \/>\nMszyce (m.in. mszyca porzeczkowo-sa\u0142atowa, mszyca brzoskwiniowa).\u00a0<br \/>\nStosowa\u0107 pomi\u0119dzy faz\u0105 3 li\u015bcia a faz\u0105 osi\u0105gni\u0119cia odpowiedniej wielko\u015bci do zbioru.\u00a0<br \/>\nMaksymalna dawka dla jednorazowego zastosowania: 0,45 l\/ha<br \/>\nZalecana dawka dla jednorazowego zastosowania: 0,45 l\/ha<br \/>\nMaksymalna liczba zabieg\u00f3w w sezonie wegetacyjnym\u2013 2<br \/>\nOdst\u0119p mi\u0119dzy zabiegami: minimum 14 dni.<br \/>\nZalecana ilo\u015b\u0107 wody: 300-600 l\/ha<br \/>\n\u00a0<br \/>\nSa\u0142ata (m.in. sa\u0142ata mas\u0142owa, sa\u0142ata lodowa, sa\u0142ata rzymska, sa\u0142ata d\u0119bolistna) uprawiana w gruncie.<br \/>\nBawe\u0142nica topolowo-sa\u0142atowa<br \/>\nStosowa\u0107 pomi\u0119dzy faz\u0105 3 li\u015bcia a faz\u0105 osi\u0105gni\u0119cia odpowiedniej wielko\u015bci do zbioru.<br \/>\nMaksymalna dawka dla jednorazowego zastosowania: 0,75 l\/ha<br \/>\nZalecana dawka dla jednorazowego zastosowania: 0,75 l\/ha<br \/>\nMaksymalna liczba zabieg\u00f3w w sezonie wegetacyjnym \u2013 2<br \/>\nOdst\u0119p mi\u0119dzy zabiegami: minimum 14 dni.\u00a0<br \/>\nZalecana ilo\u015b\u0107 wody: 300-600 l\/ha<br \/>\n\u00a0<br \/>\nDrzewa i krzewy ozdobne, iglaste i li\u015bciaste (w uprawie polowej i pod os\u0142onami)<br \/>\nMszyce, czerwce<br \/>\nStosowa\u0107 przy pojawieniu si\u0119 pierwszych szkodnik\u00f3w.<br \/>\nMaksymalna dawka dla jednorazowego zastosowania: 0,075% (75 ml\/100 l wody)<br \/>\nZalecana dawka dla jednorazowego zastosowania: 0,075% (75 ml\/100 l wody)<br \/>\nMaksymalna liczba zabieg\u00f3w w sezonie wegetacyjnym \u2013 2<br \/>\nOdst\u0119p mi\u0119dzy zabiegami: minimum 14 dni.\u00a0<br \/>\n\u00a0<br \/>\nUwagi:<br \/>\n&#8211; preparat najlepiej dzia\u0142a na m\u0142ode stadia rozwojowe szkodnik\u00f3w.<br \/>\n&#8211; nie zaleca si\u0119 stosowania mieszanek preparatu Movento 100 SC z fungicydami i nawozami\u00a0dolistnymi.<br \/>\n&#8211; przed zastosowaniem preparatu Movento 100 SC na drzewach i krzewach ozdobnych zaleca\u00a0si\u0119 opryska\u0107 na pr\u00f3b\u0119 niewielki obszar uprawy i odczeka\u0107 wystarczaj\u0105co d\u0142ugo, aby m\u00f3c\u00a0stwierdzi\u0107, czy \u015brodek jest selektywny dla danych gatunk\u00f3w i odmian.<br \/>\n\u00a0<br \/>\nSPORZ\u0104DZANIE CIECZY U\u017bYTKOWEJ\u00a0<br \/>\nPrzed przyst\u0105pieniem do sporz\u0105dzenia cieczy u\u017cytkowej dok\u0142adnie ustali\u0107 potrzebn\u0105 jej ilo\u015b\u0107. Odmierzon\u0105 ilo\u015b\u0107 \u015brodka wla\u0107 do zbiornika\u00a0 opryskiwacza nape\u0142nionego w 4\/5 wod\u0105, korzystaj\u0105c \u00a0z otworu wlewowego. Uruchomi\u0107 mieszad\u0142o. W celu unikni\u0119cia wytwarzania si\u0119 piany nale\u017cy pojemnik dope\u0142nia\u0107 delikatnym strumieniem wody i utrzymuj\u0105c w\u0105\u017c tu\u017c nad powierzchni\u0105 roztworu. W razie nadmiernego tworzenia si\u0119 piany nale\u017cy doda\u0107 odpowiedni\u00a0 \u015brodek zapobiegaj\u0105cy spienianiu. Puste opakowanie nale\u017cy r\u0119cznie przep\u0142uka\u0107 wod\u0105 (kolejno trzykrotnie, potrz\u0105saj\u0105c pojemnikiem) lub korzystaj\u0105c z systemu czyszczenia przy u\u017cyciu strumienia wody pod ci\u015bnieniem, je\u015bli system taki znajduje si\u0119 na opryskiwaczu. Pop\u0142uczyny nale\u017cy wla\u0107 do zbiornika opryskiwacza. \u015arodek pozosta\u0142y po przeprowadzeniu oprysku nale\u017cy co najmniej 10-krotnie rozcie\u0144czy\u0107 i wypryska\u0107 na powierzchni uprzednio opryskiwanej, stosuj\u0105c te same \u015brodki ochrony osobistej. Po pracy aparatur\u0119 dok\u0142adnie wymy\u0107.\u00a0<br \/>\n\u00a0<br \/>\nNAST\u0118PSTWO RO\u015aLIN<br \/>\nUpraw\u0119 ro\u015blin nast\u0119pczych, do kt\u00f3rej \u015brodek nie jest zalecany, mo\u017cna rozpocz\u0105\u0107 po up\u0142ywie 30 dni od zastosowania \u015brodka.<br \/>\n\u00a0<br \/>\n\u015aRODKI OSTRO\u017bNO\u015aCI<br \/>\nPrzed zastosowaniem\u00a0 \u015brodka nale\u017cy poinformowa\u0107 o tym fakcie wszystkie zainteresowane strony, kt\u00f3re mog\u0105 by\u0107 nara\u017cone na znoszenie cieczy roboczej i kt\u00f3re zwr\u00f3ci\u0142y si\u0119 o tak\u0105 informacj\u0119.<br \/>\n\u00a0<br \/>\nOKRES OD ZASTOSOWANIA \u015aRODKA DO DNIA W KT\u00d3RYM NA OBSZAR NA KT\u00d3RYM ZASTOSOWANO\u00a0 \u015aRODEK MOG\u0104 WEJ\u015a\u0106 LUDZIE ORAZ ZOSTA\u0106 WPROWADZONE ZWIERZ\u0118TA (okres prewencji)\u00a0<br \/>\nNIE DOTYCZY<br \/>\n\u00a0<br \/>\nOKRES PREWENCJI DLA PSZCZ\u00d3\u0141 (okres zapobiegaj\u0105cy zatruciu)<br \/>\nNIE DOTYCZY<br \/>\n\u00a0<br \/>\nOKRES OD OSTATNIEGO ZASTOSOWANIA\u00a0 \u015aRODKA DO DNIA ZBIORU RO\u015aLINY UPRAWNEJ (okres karencji)<br \/>\nJab\u0142o\u0144, grusza- 21 dni<br \/>\nWarzywa kapustne- 3 dni<br \/>\nSa\u0142ata &#8211; 7 dni<br \/>\nDrzewa i krzewy ozdobne, iglaste i li\u015bciaste \u2013 nie dotyczy<br \/>\n\u00a0<br \/>\nOKRES OD OSTATNIEGO ZASTOSOWANIA\u00a0 \u015aRODKA NA RO\u015aLINY PRZEZNACZONE NA PASZ\u0118 DO DNIA W KT\u00d3RYM ZWIERZ\u0118TA MOG\u0104 BY\u0106 KARMIONE TYMI RO\u015aLINAMI (okres karencji dla pasz)<br \/>\nNIE DOTYCZY<\/p>\n<p>\u015arodki ochrony ro\u015blin<\/p>\n<p>olej z pestek winogron do czego, smazenie na oliwie, aramatus, otrzymywanie chlorku magnezu, oliwki rodzaje, figurki z czekolady<\/p>\n<p>yyyyy<\/p>\n","protected":false},"excerpt":{"rendered":"<p>Movento 100 SC jest\u00a0 \u015brodkiem owadob\u00f3jczym w formie st\u0119\u017conej zawiesiny do rozcie\u0144czania wod\u0105 do stosowania w uprawie jab\u0142oni, gruszy, warzyw&hellip;<\/p>\n","protected":false},"featured_media":6020,"comment_status":"closed","ping_status":"open","template":"","meta":[],"product_cat":[110],"product_tag":[762,661,654,881],"class_list":["post-6019","product","type-product","status-publish","has-post-thumbnail","hentry","product_cat-przeciwbolowe","product_tag-cynamon-cejlonski","product_tag-jak-ugotowac-komose-ryzowa","product_tag-plastik-w-oceanach","product_tag-sok-z-brzozy-cena"],"_links":{"self":[{"href":"https:\/\/wegeblw.pl\/index.php\/wp-json\/wp\/v2\/product\/6019","targetHints":{"allow":["GET"]}}],"collection":[{"href":"https:\/\/wegeblw.pl\/index.php\/wp-json\/wp\/v2\/product"}],"about":[{"href":"https:\/\/wegeblw.pl\/index.php\/wp-json\/wp\/v2\/types\/product"}],"replies":[{"embeddable":true,"href":"https:\/\/wegeblw.pl\/index.php\/wp-json\/wp\/v2\/comments?post=6019"}],"wp:featuredmedia":[{"embeddable":true,"href":"https:\/\/wegeblw.pl\/index.php\/wp-json\/wp\/v2\/media\/6020"}],"wp:attachment":[{"href":"https:\/\/wegeblw.pl\/index.php\/wp-json\/wp\/v2\/media?parent=6019"}],"wp:term":[{"taxonomy":"product_cat","embeddable":true,"href":"https:\/\/wegeblw.pl\/index.php\/wp-json\/wp\/v2\/product_cat?post=6019"},{"taxonomy":"product_tag","embeddable":true,"href":"https:\/\/wegeblw.pl\/index.php\/wp-json\/wp\/v2\/product_tag?post=6019"}],"curies":[{"name":"wp","href":"https:\/\/api.w.org\/{rel}","templated":true}]}}