{"id":6033,"date":"2014-07-06T06:15:05","date_gmt":"2014-07-06T04:15:05","guid":{"rendered":"https:\/\/wegeblw.pl\/index.php\/produkt\/fielmann-atrea-excellence-1-day-toric-2-75-sph-cyl-1-25-os-10-bc-8-6-30szt-10036698\/"},"modified":"2026-04-08T14:44:34","modified_gmt":"2026-04-08T12:44:34","slug":"fielmann-atrea-excellence-1-day-toric-2-75-sph-cyl-1-25-os-10-bc-8-6-30szt-10036698","status":"publish","type":"product","link":"https:\/\/wegeblw.pl\/index.php\/produkt\/fielmann-atrea-excellence-1-day-toric-2-75-sph-cyl-1-25-os-10-bc-8-6-30szt-10036698\/","title":{"rendered":"Fielmann atrea excellence 1 day toric 2.75 SPH, Cyl. -1.25, O\u015b 10 &amp; BC 8.6 30szt. (10036698)"},"content":{"rendered":"<p>Przepraszanie jest straszliwie trudne. Nie tylko dla ziemniaczk\u00f3w!Ziemniaczkowi jest przykro. Bardzo przykro. Wr\u0119cz najprzykrzej. Nie chcia\u0142 powiedzie\u0107 tych wszystkich pod\u0142o\u015bci i urazi\u0107 Flaminga. Ale przepraszanie to najtrudniejsza rzecz na \u015bwiecie. Ziemniaczek wola\u0142by nawet uciec na biegun do pingwin\u00f3w, by tego unikn\u0105\u0107. Czy zdo\u0142a si\u0119 przem\u00f3c, by zn\u00f3w przyja\u017ani\u0107 si\u0119 z Flamingiem?Inspiruj\u0105ca seria o emocjach i radzeniu sobie z nimi dla wszystkich dzieci w wieku 3\u20138 lat, kt\u00f3ra roz\u015bmieszy do \u0142ez. Jej niezwyk\u0142ymi bohaterami s\u0105 najlepsi przyjaciele: dziewczynka, Flaming i Ziemniaczek. Je\u015bli uwa\u017cacie, \u017ce o przepraszaniu wiecie ju\u017c wszystko, si\u0119gnijcie po t\u0119 ksi\u0105\u017ck\u0119.Powy\u017cszy opis pochodzi od wydawcy.<\/p>\n<p>Literatura dla dzieci i m\u0142odzie\u017cy<\/p>\n<p>czarne pomidorki, mieta pieprzowa, rdestowiec, najlepsza maka na pierogi, koncentrat pomidorowy w\u0142a\u015bciwo\u015bci, pieprz zio\u0142owy sk\u0142ad, cantero, ziarna dyni w\u0142a\u015bciwo\u015bci, ciasto karobowe, syrop z morwy, jak przygotowa\u0107 propolis, tubki dla dzieci, mohani skwalan, \u017curawina mro\u017cona gdzie kupi\u0107<\/p>\n<p><a href=\"https:\/\/holterdodomu.pl\/pl\/c\/Holter-Dla-Dzieci\/60\">holter dla dzieci<\/a><\/p>\n","protected":false},"excerpt":{"rendered":"<p>Przepraszanie jest straszliwie trudne. Nie tylko dla ziemniaczk\u00f3w!Ziemniaczkowi jest przykro. Bardzo przykro. Wr\u0119cz najprzykrzej. Nie chcia\u0142 powiedzie\u0107 tych wszystkich pod\u0142o\u015bci&hellip;<\/p>\n","protected":false},"featured_media":6034,"comment_status":"closed","ping_status":"open","template":"","meta":[],"product_cat":[76],"product_tag":[834,682,821,781],"class_list":["post-6033","product","type-product","status-publish","has-post-thumbnail","hentry","product_cat-soczewki-kontaktowe","product_tag-biosaurus","product_tag-food-organic-store","product_tag-gotowanie-komosy-ryzowej","product_tag-primabiotic-collagen"],"_links":{"self":[{"href":"https:\/\/wegeblw.pl\/index.php\/wp-json\/wp\/v2\/product\/6033","targetHints":{"allow":["GET"]}}],"collection":[{"href":"https:\/\/wegeblw.pl\/index.php\/wp-json\/wp\/v2\/product"}],"about":[{"href":"https:\/\/wegeblw.pl\/index.php\/wp-json\/wp\/v2\/types\/product"}],"replies":[{"embeddable":true,"href":"https:\/\/wegeblw.pl\/index.php\/wp-json\/wp\/v2\/comments?post=6033"}],"wp:featuredmedia":[{"embeddable":true,"href":"https:\/\/wegeblw.pl\/index.php\/wp-json\/wp\/v2\/media\/6034"}],"wp:attachment":[{"href":"https:\/\/wegeblw.pl\/index.php\/wp-json\/wp\/v2\/media?parent=6033"}],"wp:term":[{"taxonomy":"product_cat","embeddable":true,"href":"https:\/\/wegeblw.pl\/index.php\/wp-json\/wp\/v2\/product_cat?post=6033"},{"taxonomy":"product_tag","embeddable":true,"href":"https:\/\/wegeblw.pl\/index.php\/wp-json\/wp\/v2\/product_tag?post=6033"}],"curies":[{"name":"wp","href":"https:\/\/api.w.org\/{rel}","templated":true}]}}