{"id":6043,"date":"2021-04-30T16:43:22","date_gmt":"2021-04-30T14:43:22","guid":{"rendered":"https:\/\/wegeblw.pl\/index.php\/produkt\/fielmann-atrea-excellence-1-day-toric-1-75-sph-cyl-1-75-os-80-bc-8-6-30szt-10036645\/"},"modified":"2026-04-07T03:21:24","modified_gmt":"2026-04-07T01:21:24","slug":"fielmann-atrea-excellence-1-day-toric-1-75-sph-cyl-1-75-os-80-bc-8-6-30szt-10036645","status":"publish","type":"product","link":"https:\/\/wegeblw.pl\/index.php\/produkt\/fielmann-atrea-excellence-1-day-toric-1-75-sph-cyl-1-75-os-80-bc-8-6-30szt-10036645\/","title":{"rendered":"Fielmann atrea excellence 1 day toric 1.75 SPH, Cyl. -1.75, O\u015b 80 &amp; BC 8.6 30szt. (10036645)"},"content":{"rendered":"<p>Je\u015bli my\u015blisz o od\u015bwie\u017ceniu swojej garderoby, kup Ramki do okular\u00f3w Damski Rodenstock R5204-a Czarny (\u00f8 49 mm) i inne Rodenstock produkty! Najlepsza jako\u015b\u0107 w najlepszej cenie jest ju\u017c w zasi\u0119gu r\u0119ki!Kolor: CzarnyMateria\u0142: PlastikowySzk\u0142o: \u00f8 49 mmMost: 16 mmZauszniki: 135 mmZawiera: Zawiera markowe etuiW\u0142a\u015bciwo\u015bci: Standardowe soczewki<\/p>\n<p>Okulary oprawki i szk\u0142a<\/p>\n<p>czteroboran sodu, kasza gryczana niepalona jak gotowa\u0107, torras, surowa \u017curawina, krewetki jak oczy\u015bci\u0107, ekstrakt z wanilii, wit d3 dawkowanie, m\u0105ka \u017cytnia 720 do czego, kurkuma sklep, mas\u0142o ghee palce liza\u0107, kapusta z grzybami zasma\u017cana, mi\u00f3d z propolisem opinie, control stress, jogurt kokosowy bez cukru, new me healthlabs, garam masala sklad<\/p>\n<p><a href=\"https:\/\/ktclinic.pl\/zabiegi\/kwas-hialuronowy\/\">kwas hialuronowy bydgoszcz<\/a><\/p>\n","protected":false},"excerpt":{"rendered":"<p>Je\u015bli my\u015blisz o od\u015bwie\u017ceniu swojej garderoby, kup Ramki do okular\u00f3w Damski Rodenstock R5204-a Czarny (\u00f8 49 mm) i inne Rodenstock&hellip;<\/p>\n","protected":false},"featured_media":6044,"comment_status":"closed","ping_status":"open","template":"","meta":[],"product_cat":[76],"product_tag":[679,764,798,796],"class_list":["post-6043","product","type-product","status-publish","has-post-thumbnail","hentry","product_cat-soczewki-kontaktowe","product_tag-dynia-hokkaido","product_tag-jogurty-bez-mleka","product_tag-makaron-pelnoziarnisty","product_tag-pasta-misi"],"_links":{"self":[{"href":"https:\/\/wegeblw.pl\/index.php\/wp-json\/wp\/v2\/product\/6043","targetHints":{"allow":["GET"]}}],"collection":[{"href":"https:\/\/wegeblw.pl\/index.php\/wp-json\/wp\/v2\/product"}],"about":[{"href":"https:\/\/wegeblw.pl\/index.php\/wp-json\/wp\/v2\/types\/product"}],"replies":[{"embeddable":true,"href":"https:\/\/wegeblw.pl\/index.php\/wp-json\/wp\/v2\/comments?post=6043"}],"wp:featuredmedia":[{"embeddable":true,"href":"https:\/\/wegeblw.pl\/index.php\/wp-json\/wp\/v2\/media\/6044"}],"wp:attachment":[{"href":"https:\/\/wegeblw.pl\/index.php\/wp-json\/wp\/v2\/media?parent=6043"}],"wp:term":[{"taxonomy":"product_cat","embeddable":true,"href":"https:\/\/wegeblw.pl\/index.php\/wp-json\/wp\/v2\/product_cat?post=6043"},{"taxonomy":"product_tag","embeddable":true,"href":"https:\/\/wegeblw.pl\/index.php\/wp-json\/wp\/v2\/product_tag?post=6043"}],"curies":[{"name":"wp","href":"https:\/\/api.w.org\/{rel}","templated":true}]}}