{"id":6047,"date":"2024-09-09T09:07:06","date_gmt":"2024-09-09T07:07:06","guid":{"rendered":"https:\/\/wegeblw.pl\/?post_type=product&#038;p=6047"},"modified":"2026-04-08T06:06:16","modified_gmt":"2026-04-08T04:06:16","slug":"cooper-vision-soczewki-kontaktowe-jednodniowe-myday-30-szt","status":"publish","type":"product","link":"https:\/\/wegeblw.pl\/index.php\/produkt\/cooper-vision-soczewki-kontaktowe-jednodniowe-myday-30-szt\/","title":{"rendered":"COOPER VISION SOCZEWKI KONTAKTOWE JEDNODNIOWE MYDAY 30 SZT"},"content":{"rendered":"<p>Specjalnie skomponowana mieszanka zi\u00f3\u0142 powsta\u0142a z my\u015bl\u0105 o nadzwyczaj skutecznym zwalczaniu paso\u017cyt\u00f3w. Jej unikalny sk\u0142ad czyni t\u0119 mieszkank\u0119 wyj\u0105tkowo skuteczn\u0105 oraz niezwykle efektywn\u0105. Wystarczy niewielka dawka, by poczu\u0107 zbawienne dzia\u0142anie zi\u00f3\u0142. W sk\u0142ad wchodz\u0105 rzepik, czystek, babka jajowata oraz babka p\u0142esznik. Produkt dost\u0119pny w opakowaniach stugramowych.SK\u0141ADNIKI W ZMIENNYCH PROPORCJACH:RZEPIK,CZYSTEK,BABKA JAJOWATA \u0141USKA, BABKA P\u0141ESZNIK .<\/p>\n<p>Zio\u0142a i herbaty lecznicze<\/p>\n<p>olej z czarnuszki kt\u00f3ry wybra\u0107, jak sporz\u0105dzi\u0107 syrop z mniszka lekarskiego, orzech laskowy drzewo, sklepy organic, asafetyda przyprawa, wlosy cappuccino, tureckie naczynia, jak zagescic sos skrobia ziemniaczana, wap\u0144 tablica mendelejewa, co to jest karob, medytacja na bezsenno\u015b\u0107<\/p>\n<p>yyyyy<\/p>\n","protected":false},"excerpt":{"rendered":"<p>Specjalnie skomponowana mieszanka zi\u00f3\u0142 powsta\u0142a z my\u015bl\u0105 o nadzwyczaj skutecznym zwalczaniu paso\u017cyt\u00f3w. Jej unikalny sk\u0142ad czyni t\u0119 mieszkank\u0119 wyj\u0105tkowo skuteczn\u0105&hellip;<\/p>\n","protected":false},"featured_media":6048,"comment_status":"closed","ping_status":"open","template":"","meta":[],"product_cat":[76],"product_tag":[861,621,716,783,825,699],"class_list":["post-6047","product","type-product","status-publish","has-post-thumbnail","hentry","product_cat-soczewki-kontaktowe","product_tag-czym-zastapic-jogurt-naturalny","product_tag-ekowital","product_tag-leckers","product_tag-majonez-vita-pol","product_tag-shirataki-noodle","product_tag-sok-z-cytryn"],"_links":{"self":[{"href":"https:\/\/wegeblw.pl\/index.php\/wp-json\/wp\/v2\/product\/6047","targetHints":{"allow":["GET"]}}],"collection":[{"href":"https:\/\/wegeblw.pl\/index.php\/wp-json\/wp\/v2\/product"}],"about":[{"href":"https:\/\/wegeblw.pl\/index.php\/wp-json\/wp\/v2\/types\/product"}],"replies":[{"embeddable":true,"href":"https:\/\/wegeblw.pl\/index.php\/wp-json\/wp\/v2\/comments?post=6047"}],"wp:featuredmedia":[{"embeddable":true,"href":"https:\/\/wegeblw.pl\/index.php\/wp-json\/wp\/v2\/media\/6048"}],"wp:attachment":[{"href":"https:\/\/wegeblw.pl\/index.php\/wp-json\/wp\/v2\/media?parent=6047"}],"wp:term":[{"taxonomy":"product_cat","embeddable":true,"href":"https:\/\/wegeblw.pl\/index.php\/wp-json\/wp\/v2\/product_cat?post=6047"},{"taxonomy":"product_tag","embeddable":true,"href":"https:\/\/wegeblw.pl\/index.php\/wp-json\/wp\/v2\/product_tag?post=6047"}],"curies":[{"name":"wp","href":"https:\/\/api.w.org\/{rel}","templated":true}]}}