{"id":6059,"date":"2020-05-27T20:20:29","date_gmt":"2020-05-27T18:20:29","guid":{"rendered":"https:\/\/wegeblw.pl\/index.php\/produkt\/bauschlomb-purevision-2-6-szt\/"},"modified":"2026-04-07T13:11:32","modified_gmt":"2026-04-07T11:11:32","slug":"bauschlomb-purevision-2-6-szt","status":"publish","type":"product","link":"https:\/\/wegeblw.pl\/index.php\/produkt\/bauschlomb-purevision-2-6-szt\/","title":{"rendered":"Bausch&amp;Lomb PureVision 2 6 szt."},"content":{"rendered":"<p>ProbioBalance by Aliness\u00ae FORTE 30 kapsu\u0142ek Vege Suplement diety *Utrzymanie prawid\u0142owego funkcjonowania jelit Sk\u0142adniki 1 kapsu\u0142ka 2 kapsu\u0142ki (porcja dzienna) Prebiotyk &#8211; Polisacharyd Fibregum\u2122 Bio LAW (aw&lt;0,2%) 100 mg 200 mg Babka Lancetowata &#8211; ekstrakt (Plantago Lanceolata) 20 mg 40 mg MICROENCAPSULATED PROBIOTIC BLEND: 60*109 cells 120*109 cells Bifidobacterium breve BR03 18*109 cells 36*109 cells Lactobacillus acidophilus LA02 4,5*109 cells 9*109 cells Bifidobacterium animalis lactis BS01 7,5*109 cells 15*109 cells Lactobacillus plantarum LP01 6*109 cells 12*109 cells Lactobacillus paracasei LPC00 5*109 cells 10*109 cells Lactobacillus rhamnosus GG 5*109 cells 10*109 cells Lactobacillus plantarum LP09 3,8*109 cells 7,6*109 cells Lactobacillus casei LC03 2,5*109 cells 5*109 cells Streptococcus thermophilus YO8 1,3*109 cells 2,6*109 cells Bifidobacterium longum BL03 1,3*109 cells 2,6*109 cells Bifidobacterium bifidum BB01 1,3*109 cells 2,6*109 cells Lactobacillus crispatus LCR01 1,2*109 cells 2,4*109 cells Lactobacillus salivarius CRL1328 0,3*109 cells 0,6*109 cells (1*109 cells =1 miliard) Sk\u0142adniki: Prebiotyk &#8211; Polisacharyd Fibregum\u2122 Bio LAW (aw&lt;0,2%), Babka Lancetowata &#8211; ekstrakt (Plantago Lanceolata), Bifidobacterium breve BR03, Lactobacillus acidophilus LA02, Bifidobacterium animalis lactis BS01, Lactobacillus plantarum LP01, Lactobacillus paracasei LPC00,Lactobacillus rhamnosus GG ATCC 53103, Lactobacillus plantarum LP09, Lactobacillus casei LC03, Streptococcus thermophilus YO8, Bifidobacterium longum BL03, Bifidobacterium bifidum BB01, Lactobacillus crispatus LCR01, Lactobacillus salivarius CRL1328, otoczka bakterii: estry glicerynowe kwas\u00f3w t\u0142uszczowych, otoczka kapsu\u0142ki (hydroksypropylometyloceluloza). *Babka Lancetowata przyczynia si\u0119 do utrzymania normalnego funkcjonowania jelit ProbioBalance by Aliness\u00ae FORTE zawiera specjalnie wyselekcjonowane szczepy bakterii dedykowane osobom o zwi\u0119kszonym zapotrzebowaniu organizmu na bakterie oraz r\u00f3\u017cnorodno\u015b\u0107 szczep\u00f3w. Zalecana porcja do spo\u017cycia w ci\u0105gu dnia niezb\u0119dna do uzyskania korzystnego dzia\u0142ania produktu: 1-2 kapsu\u0142ki dziennie podczas posi\u0142ku. Nie przekracza\u0107 zalecanej porcji do spo\u017cycia w ci\u0105gu dnia. Suplement diety nie mo\u017ce by\u0107 stosowany jako substytut zr\u00f3\u017cnicowanej diety. Zr\u00f3wnowa\u017cony spos\u00f3b \u017cywienia oraz zdrowy tryb \u017cycia s\u0105 podstaw\u0105 prawid\u0142owego funkcjonowania organizmu. Suplement diety ProbioBalance by Aliness\u00ae FORTE zawiera 60 miliard\u00f3w bakterii w ka\u017cdej kapsu\u0142ce. Ka\u017cda bakteria zosta\u0142a pokryta podw\u00f3jn\u0105 warstw\u0105 lipidow\u0105 zapewniaj\u0105c\u0105 skuteczn\u0105 barier\u0119 i umo\u017cliwiaj\u0105c\u0105 bezpieczne przechodzenie bakterii przez kwa\u015bne \u015brodowisko \u017co\u0142\u0105dka, aby dotrze\u0107 do jelit w stanie nienaruszonym, gdzie ma wykazywa\u0107 swoj\u0105 aktywno\u015b\u0107 biologiczn\u0105. Warunki przechowywania: Produkt mo\u017ce by\u0107 przechowywany w warunkach pokojowych. Ch\u0142odzenie wyd\u0142u\u017cy okres przydatno\u015bci do spo\u017cycia. Nale\u017cy unika\u0107 temperatur powy\u017cej 25 \u00b0C. Przechowywa\u0107 w spos\u00f3b niedost\u0119pny dla ma\u0142ych dzieci. W celu zapewnienia najwy\u017cszej jako\u015bci produktu przez ca\u0142y okres daty jego wa\u017cno\u015bci, na etapie produkcyjnym, dodawane jest 20% naddatku technologicznego czyli ok. 20% wi\u0119cej bakterii do ka\u017cdej kapsu\u0142ki. ** Zastosowanie mikrokapsu\u0142kowanych bakterii kwasu mlekowego wymaga specyficznej, opatentowanej metody analizy, dost\u0119pnej u producenta, w celu ilo\u015bciowego okre\u015blenia \u017cywych kom\u00f3rek bakterii (cytometrii przep\u0142ywowej). Patent no RM2009A000591 Dedykowana seria produkt\u00f3w: ProbioBALANCE to rewolucyjna i kompleksowa seria 10 produkt\u00f3w probiotycznych o specjalnie wyselekcjonowanych szczepach bakterii, dedykowanych do r\u00f3\u017cnych grup wiekowych, wspomagaj\u0105ca prawid\u0142owe funkcjonowanie jelit. Produkty zosta\u0142y opracowane przez polskich i w\u0142oskich technolog\u00f3w. Bakterie mikrokapsu\u0142kowane:Opatentowana technologia MICROENCAPSULACJI to podw\u00f3jna warstwa lipidowa otaczaj\u0105ca kom\u00f3rk\u0119 bakteryjn\u0105. Tak rewolucyjne rozwi\u0105zanie gwarantuje prawie 100 % prze\u017cywalno\u015bci bakterii przy przej\u015bciu przez \u017co\u0142\u0105dek\/dwunastnic\u0119. Bakterie mikrokapsu\u0142kowane s\u0105 kilka razy mocniejsze ni\u017c liofilizaty, dlatego wystarczy 5 razy mniej bakterii, \u017ceby uzyska\u0107 taki sam stopie\u0144 kolonizacji w jelita. Niska aktywno\u015b\u0107 wodna (aw): Bakterie probiotyczne s\u0105 bardzo wra\u017cliwe na \u015brodowisko wodne. Producenci cz\u0119sto stosuj\u0105, jako wype\u0142nienie r\u00f3\u017cnego rodzaju b\u0142onniki czy te\u017c inulin\u0119. Ich \u015brodowisko nie jest korzystne dla bakterii, poniewa\u017c ich aktywno\u015b\u0107 wodna jest powy\u017cej 0,2 to enzymy zawarte w bakteriach zaczynaj\u0105 si\u0119 aktywowa\u0107 doprowadzaj\u0105c do ich umierania. Je\u017celi nie stosujemy no\u015bnika o odpowiedniej aktywno\u015bci wodnej to r\u00f3\u017cne zabezpieczenia stosowane przez firmy jak kapsu\u0142ki celulozowe, DerrCaps czy nawet blistry alu-alu na niewiele si\u0119 zdadz\u0105.Produkty ProbioBALANCE jako pierwsze na \u015bwiecie zawieraj\u0105 innowacyjny PREBIOTYK \u2013 z\u0142o\u017cony polisacharyd (dietetyczny b\u0142onnik rozpuszczalny) Fibregum\u2122 Bio Law (posiada certyfikat organic\/BIO) o aktywno\u015bci wodnej poni\u017cej aw&lt;0,2 czyli bezpiecznej dla bakterii. Enzymy w bakteriach przy tak niskiej aktywno\u015bci wodnej nie wp\u0142ywaj\u0105 na metabolizm bakterii.Dodatkowo Fibregum\u2122 jest doskona\u0142ym prebiotykiem o du\u017co lepszym dzia\u0142aniu ni\u017c inulina. W przeciwie\u0144stwie do inuliny Fibregum\u2122 jest du\u017cym polisacharydem jest on fermentowany przez bakterie wolniej (ma wyd\u0142u\u017cony czas fermentacji) bez gaz\u00f3w, wzd\u0119\u0107 jak to ma miejsce przy inulinie. Butelki ze szk\u0142a fioletowego (Violet Glass):Szk\u0142o fioletowe dzia\u0142a jak naturalny filtr, kt\u00f3ry chroni przed \u015bwiat\u0142em s\u0142onecznym i poprawia jako\u015b\u0107 wra\u017cliwych substancji. Szk\u0142o fioletowe blokuje pe\u0142ne spektrum \u015bwiat\u0142a widzialnego za wyj\u0105tkiem cz\u0119\u015bci fioletowej. To unikalne po\u0142\u0105czenie zapewnia optymaln\u0105 ochron\u0119 przed procesami starzenia i utleniania szczeg\u00f3lnie wra\u017cliwych substancji. Ochrona bakterii szk\u0142em fioletowym jest rewolucyjnym sposobem zapewnienia wysokiej jako\u015bci produktu ProbioBalance.Poni\u017cej przedstawiamy badanie pokazuj\u0105ce r\u00f3\u017cnice w przechowywaniu substancji. Zalecamy zachowanie naszych butelek i wykorzystanie ich w kuchni do przechowywania zi\u00f3\u0142, nasion czy lek\u00f3w. Test przechowywania szczypiorku przez okres 2 miesi\u0119cy. Test przechowywania pomidorka \u201eCherry\u201d przez okres 7 miesi\u0119cy. Liczne badania kliniczne:Wszystkie szczepy zawarte w ProbioBALANCE posiadaj\u0105 liczne, udokumentowane badania kliniczne oraz technologiczne:<\/p>\n<p>Uk\u0142ad pokarmowy i trawienie<\/p>\n<p>cena kakao, chilli con carne przyprawa, tahini do czego, go\u017adzikowiec, m\u0105ka orkiszowa pe\u0142noziarnista ig, kasza manna, zalety yerba mate, chrupki w czekoladzie<\/p>\n<p>yyyyy<\/p>\n","protected":false},"excerpt":{"rendered":"<p>ProbioBalance by Aliness\u00ae FORTE 30 kapsu\u0142ek Vege Suplement diety *Utrzymanie prawid\u0142owego funkcjonowania jelit Sk\u0142adniki 1 kapsu\u0142ka 2 kapsu\u0142ki (porcja dzienna)&hellip;<\/p>\n","protected":false},"featured_media":6060,"comment_status":"closed","ping_status":"open","template":"","meta":[],"product_cat":[76],"product_tag":[883,858,732,801],"class_list":["post-6059","product","type-product","status-publish","has-post-thumbnail","hentry","product_cat-soczewki-kontaktowe","product_tag-ekologiczne-warzywa","product_tag-majonez-vitapol","product_tag-produkty-bez-laktozy","product_tag-warzywa-ekologiczne"],"_links":{"self":[{"href":"https:\/\/wegeblw.pl\/index.php\/wp-json\/wp\/v2\/product\/6059","targetHints":{"allow":["GET"]}}],"collection":[{"href":"https:\/\/wegeblw.pl\/index.php\/wp-json\/wp\/v2\/product"}],"about":[{"href":"https:\/\/wegeblw.pl\/index.php\/wp-json\/wp\/v2\/types\/product"}],"replies":[{"embeddable":true,"href":"https:\/\/wegeblw.pl\/index.php\/wp-json\/wp\/v2\/comments?post=6059"}],"wp:featuredmedia":[{"embeddable":true,"href":"https:\/\/wegeblw.pl\/index.php\/wp-json\/wp\/v2\/media\/6060"}],"wp:attachment":[{"href":"https:\/\/wegeblw.pl\/index.php\/wp-json\/wp\/v2\/media?parent=6059"}],"wp:term":[{"taxonomy":"product_cat","embeddable":true,"href":"https:\/\/wegeblw.pl\/index.php\/wp-json\/wp\/v2\/product_cat?post=6059"},{"taxonomy":"product_tag","embeddable":true,"href":"https:\/\/wegeblw.pl\/index.php\/wp-json\/wp\/v2\/product_tag?post=6059"}],"curies":[{"name":"wp","href":"https:\/\/api.w.org\/{rel}","templated":true}]}}