{"id":6067,"date":"2012-10-04T07:40:38","date_gmt":"2012-10-04T05:40:38","guid":{"rendered":"https:\/\/wegeblw.pl\/index.php\/produkt\/soleko-plyn-gelone-50-ml\/"},"modified":"2026-04-10T05:04:51","modified_gmt":"2026-04-10T03:04:51","slug":"soleko-plyn-gelone-50-ml","status":"publish","type":"product","link":"https:\/\/wegeblw.pl\/index.php\/produkt\/soleko-plyn-gelone-50-ml\/","title":{"rendered":"Soleko P\u0142yn Gelone 50 Ml"},"content":{"rendered":"<p>Szczoteczka Dr Scott, kt\u00f3rej r\u0105czka zosta\u0142a wykonana w 100% z bambusa. Delikatne w\u0142osie medium zawiera proszek z w\u0119gla drzewnego. W\u0119giel drzewny posiada dzia\u0142anie antyseptyczne i antybakteryjne.<\/p>\n<p>Szczoteczki do z\u0119b\u00f3w<\/p>\n<p>maka zytnia pelnoziarnista, erytrytol 1000g, woda kokosowa przepis, czary pl ryby, gorzkie mleko cda, b6 b12, kawa z korzenia mniszka lekarskiego, omega me, budy\u0144 gda\u0144sk, sos samurai, ostropest pole, go\u017adziki, emulsja do twarzy, black cumin, czosnek nied\u017awiedzi kiedy ro\u015bnie, krzem produkty<\/p>\n<p><a href=\"https:\/\/www.rehabilitacja-beactive.pl\/\">https:\/\/www.rehabilitacja-beactive.pl\/<\/a><\/p>\n","protected":false},"excerpt":{"rendered":"<p>Szczoteczka Dr Scott, kt\u00f3rej r\u0105czka zosta\u0142a wykonana w 100% z bambusa. Delikatne w\u0142osie medium zawiera proszek z w\u0119gla drzewnego. W\u0119giel&hellip;<\/p>\n","protected":false},"featured_media":6068,"comment_status":"closed","ping_status":"open","template":"","meta":[],"product_cat":[253],"product_tag":[753,657,784,702,700,825],"class_list":["post-6067","product","type-product","status-publish","has-post-thumbnail","hentry","product_cat-akcesoria-do-soczewek","product_tag-english-tea-shop-kalendarz-adwentowy","product_tag-filet-z-indyka","product_tag-mieso-weganskie","product_tag-przepis-na-sekacz","product_tag-przepis-na-sekacza","product_tag-shirataki-noodle"],"_links":{"self":[{"href":"https:\/\/wegeblw.pl\/index.php\/wp-json\/wp\/v2\/product\/6067","targetHints":{"allow":["GET"]}}],"collection":[{"href":"https:\/\/wegeblw.pl\/index.php\/wp-json\/wp\/v2\/product"}],"about":[{"href":"https:\/\/wegeblw.pl\/index.php\/wp-json\/wp\/v2\/types\/product"}],"replies":[{"embeddable":true,"href":"https:\/\/wegeblw.pl\/index.php\/wp-json\/wp\/v2\/comments?post=6067"}],"wp:featuredmedia":[{"embeddable":true,"href":"https:\/\/wegeblw.pl\/index.php\/wp-json\/wp\/v2\/media\/6068"}],"wp:attachment":[{"href":"https:\/\/wegeblw.pl\/index.php\/wp-json\/wp\/v2\/media?parent=6067"}],"wp:term":[{"taxonomy":"product_cat","embeddable":true,"href":"https:\/\/wegeblw.pl\/index.php\/wp-json\/wp\/v2\/product_cat?post=6067"},{"taxonomy":"product_tag","embeddable":true,"href":"https:\/\/wegeblw.pl\/index.php\/wp-json\/wp\/v2\/product_tag?post=6067"}],"curies":[{"name":"wp","href":"https:\/\/api.w.org\/{rel}","templated":true}]}}