{"id":6083,"date":"2022-07-31T08:07:47","date_gmt":"2022-07-31T06:07:47","guid":{"rendered":"https:\/\/wegeblw.pl\/index.php\/produkt\/fielmann-atrea-excellence-1-day-toric-2-25-sph-cyl-1-25-os-100-bc-8-6-30szt\/"},"modified":"2026-04-10T08:04:24","modified_gmt":"2026-04-10T06:04:24","slug":"fielmann-atrea-excellence-1-day-toric-2-25-sph-cyl-1-25-os-100-bc-8-6-30szt","status":"publish","type":"product","link":"https:\/\/wegeblw.pl\/index.php\/produkt\/fielmann-atrea-excellence-1-day-toric-2-25-sph-cyl-1-25-os-100-bc-8-6-30szt\/","title":{"rendered":"Fielmann atrea excellence 1 day toric -2.25 SPH, Cyl. -1.25, O\u015b 100 &amp; BC 8.6 30szt."},"content":{"rendered":"<p>Innowacyjno\u015b\u0107: Wi\u0119ksza elastyczno\u015b\u0107: ekskluzywne po\u0142\u0105czenie sk\u0142adnik\u00f3w aktywnych: arctiin i oligopeptyd\u00f3w stymuluje produkcj\u0119 kolagenu w kom\u00f3rkach sk\u00f3ry.Mniej zmarszczek: formu\u0142a z wysoko- i niskocz\u0105steczkowym kwasem hialuronowym widocznie wyg\u0142adza g\u0142\u0119bokie zmarszczki; Wi\u0119cej blasku: sk\u00f3ra wygl\u0105da \u015bwie\u017co i promiennie. Filtry SPF 15 + UVA skutecznie chroni\u0105 przed przedwczesnym starzeniem si\u0119 sk\u00f3ry spowodowanym promieniami UV oraz zapobiegaj\u0105 pog\u0142\u0119bianiu si\u0119 zmarszczek.Rezultat: Nawil\u017ca sk\u00f3r\u0119, nadaje jej elastyczno\u015b\u0107, wype\u0142nia nawet najg\u0142\u0119bsze zmarszczki i rozja\u015bnia przyciemnione brwi. Potwierdzone badaniami okulistycznymi. Nie zawiera substancji zapachowych. Odpowiedni dla os\u00f3b nosz\u0105cych soczewki kontaktowe.<\/p>\n<p>Dermokosmetyki<\/p>\n<p>amigdalina dzia\u0142anie, olej z rokitnika w\u0142a\u015bciwo\u015bci, razowe pieczywo, m\u0105ka lniana, krewetki w pancerzu, co to sa pektyny, gotowa wcierka z kozieradki, witamina b3 w kroplach, mro\u017conek, ciasto pierogowe, gdzie kupi\u0107 erytrytol, b\u0142onnik ro\u015blinny, matcha latte miss ti, dom w majeranku realizacje, swanson balance b-200, oblybio, zielona glinka jak stosowa\u0107, danie ramen, medytacja na czym polega, siarka krzem jod, dieta trzustkowa co mo\u017cna je\u015b\u0107<\/p>\n<p><a href=\"https:\/\/krolewskie-miody.pl\/miod-na-twarz-i-wlosy-pielegnacyjne-zastosowanie-miodu\/\">domowa maseczka z miodu<\/a><\/p>\n","protected":false},"excerpt":{"rendered":"<p>Innowacyjno\u015b\u0107: Wi\u0119ksza elastyczno\u015b\u0107: ekskluzywne po\u0142\u0105czenie sk\u0142adnik\u00f3w aktywnych: arctiin i oligopeptyd\u00f3w stymuluje produkcj\u0119 kolagenu w kom\u00f3rkach sk\u00f3ry.Mniej zmarszczek: formu\u0142a z wysoko-&hellip;<\/p>\n","protected":false},"featured_media":6084,"comment_status":"closed","ping_status":"open","template":"","meta":[],"product_cat":[76],"product_tag":[632,626,796],"class_list":["post-6083","product","type-product","status-publish","has-post-thumbnail","hentry","product_cat-soczewki-kontaktowe","product_tag-komosa-ryzowa-jak-gotowac","product_tag-ogorki","product_tag-pasta-misi"],"_links":{"self":[{"href":"https:\/\/wegeblw.pl\/index.php\/wp-json\/wp\/v2\/product\/6083","targetHints":{"allow":["GET"]}}],"collection":[{"href":"https:\/\/wegeblw.pl\/index.php\/wp-json\/wp\/v2\/product"}],"about":[{"href":"https:\/\/wegeblw.pl\/index.php\/wp-json\/wp\/v2\/types\/product"}],"replies":[{"embeddable":true,"href":"https:\/\/wegeblw.pl\/index.php\/wp-json\/wp\/v2\/comments?post=6083"}],"wp:featuredmedia":[{"embeddable":true,"href":"https:\/\/wegeblw.pl\/index.php\/wp-json\/wp\/v2\/media\/6084"}],"wp:attachment":[{"href":"https:\/\/wegeblw.pl\/index.php\/wp-json\/wp\/v2\/media?parent=6083"}],"wp:term":[{"taxonomy":"product_cat","embeddable":true,"href":"https:\/\/wegeblw.pl\/index.php\/wp-json\/wp\/v2\/product_cat?post=6083"},{"taxonomy":"product_tag","embeddable":true,"href":"https:\/\/wegeblw.pl\/index.php\/wp-json\/wp\/v2\/product_tag?post=6083"}],"curies":[{"name":"wp","href":"https:\/\/api.w.org\/{rel}","templated":true}]}}