{"id":611,"date":"2020-05-07T08:22:17","date_gmt":"2020-05-07T06:22:17","guid":{"rendered":"https:\/\/wegeblw.pl\/index.php\/produkt\/lbiotica-active-lash-serum-przyspieszajace-wzrost-rzes-35-ml\/"},"modified":"2026-04-07T01:10:38","modified_gmt":"2026-04-06T23:10:38","slug":"lbiotica-active-lash-serum-przyspieszajace-wzrost-rzes-35-ml","status":"publish","type":"product","link":"https:\/\/wegeblw.pl\/index.php\/produkt\/lbiotica-active-lash-serum-przyspieszajace-wzrost-rzes-35-ml\/","title":{"rendered":"L&#8217;biotica Active Lash Serum przyspieszaj\u0105ce wzrost rz\u0119s 3,5 ml"},"content":{"rendered":"<p>ZDROWIE_2007 poleca: Suplement diety PSYLLIUM STAR zawiera nasiona i \u0142upin\u0119 babki jajowatej, kt\u00f3re zawieraj\u0105 du\u017c\u0105 ilo\u015b\u0107 naturalnego b\u0142onnika, podobnego do tego, kt\u00f3ry znale\u017a\u0107 mo\u017cna w siemieniu lnianym czy otr\u0119bach owsianych. Dzi\u0119ki b\u0142onnikowi \u0142upina babki jajowatej poch\u0142ania du\u017ce ilo\u015bci wody wraz z toksynami, nast\u0119pnie p\u0119cznieje i pomaga usun\u0105\u0107 z\u0142ogi z jelit. Dzia\u0142a mechanicznie, poprawiaj\u0105c perystaltyk\u0119 jelit i u\u0142atwiaj\u0105c proces wypr\u00f3\u017cniania. \u015aluzy zawarte w \u0142upinie dzia\u0142aj\u0105 os\u0142onowo &#8211; powlekaj\u0105 z\u0142ogi i dodatkowo u\u0142atwiaj\u0105 ich wydalanie. Babka jajowata &#8211; przeciw zaparciom i dla pi\u0119knej sylwetki. Nasiona i \u0142upiny babki jajowatej pomagaj\u0105: usuwa\u0107 biegunki i zaparcia, wspiera\u0107 usuwanie hemoroid\u00f3w, utrzymywa\u0107 prawid\u0142owy poziom cholesterolu we krwi, zlikwidowa\u0107 niedob\u00f3r b\u0142onnika, zwi\u0105zany z codzienn\u0105 diet\u0105, przy odchudzaniu i utrzymaniu prawid\u0142owej masy cia\u0142a. Ze wzgl\u0119du na du\u017c\u0105 zawarto\u015b\u0107 naturalnego b\u0142onnika babka jajowata stosowana jest jako suplement diety wspieraj\u0105cy odchudzanie. Dieta odchudzaj\u0105ca prowadzona przy jednoczesnym za\u017cywaniu PSYLLIUM STAR przynosi wi\u0119ksze efekty, poniewa\u017c b\u0142onnik &#8211; p\u0119czniej\u0105c w \u017co\u0142\u0105dku &#8211; zmniejsza uczucie g\u0142odu. Sk\u0142adniki (2 kapsu\u0142ek): Plantagies ovate (babka jajowata, semen i seminis tegumentum, nasiona i \u0142upina nasienna) 1.000 mg; \u017celatyna; substancja wype\u0142niaj\u0105ca: celuloza; substancja przeciwzbrylaj\u0105ca &#8211; sole magnezowe kwas\u00f3w t\u0142uszczowych (stearynian magnezu); substancja przeciwzbrylaj\u0105ca: dwutlenek krzemu. Kapsu\u0142ka \u017celatynowa. W celu szybszej orientacji w ilo\u015bci substancji aktywnych, w ekstraktach wykazane zosta\u0142y ich rzeczywiste (pierwotne) ilo\u015bci. Zalecane dzienne spo\u017cycie: 2 kapsu\u0142ki 1x dziennie. Nie stosowa\u0107 przed snem. Kapsu\u0142k\u0119 nale\u017cy popi\u0107 minimum 1 szklank\u0105 p\u0142ynu. Opakowanie: 60 kapsu\u0142ek Przeciwwskazania: Nie jest przeznaczony dla dzieci do lat 6, kobiet w ci\u0105\u017cy i karmi\u0105cych. Nie nale\u017cy przekracza\u0107 porcji zalecanej do spo\u017cycia w ci\u0105gu dnia. Produkt nie mo\u017ce by\u0107 stosowany jako substytut zr\u00f3\u017cnicowanej diety. Przechowywa\u0107 w temperaturze pokojowej w suchym miejscu, niedost\u0119pnym dla ma\u0142ych dzieci. Produkty STARLIFE wytwarzane s\u0105 w USA przez producenta, kt\u00f3ry spe\u0142nia najwy\u017csze formy jako\u015bci certyfikowane jako GMP &#8211; Good Manufacturing Practices. Certyfikat GMP posiada r\u00f3wnie\u017c firma, kt\u00f3ra zajmuje si\u0119 konfekcjonowaniem produkt\u00f3w. Ca\u0142y proces podlega najwy\u017cszemu stopniu kontroli, kt\u00f3ry odpowiada rygorystycznym normom farmaceutycznym. Najwy\u017csza jako\u015b\u0107 produkt\u00f3w firmy STARLIFE oparta jest na unikalnej technologii przetwarzania (wielop\u0142ytkowy system liposomowy), kt\u00f3ra gwarantuje ich niespotykanie wysok\u0105 przyswajalno\u015b\u0107 (92-95%). Produkty STARLIFE charakteryzuje wysoka skuteczno\u015b\u0107 pozbawiona skutk\u00f3w ubocznych, szybki efekt dzia\u0142ania oraz brak uzale\u017cnienia nawet w przypadku d\u0142ugotrwa\u0142ego ich stosowania. Dzi\u0119ki produktom firmy STARLIFE, organizm ludzki potrafi osi\u0105gn\u0105\u0107 stan harmonii we wszystkich trzech obszarach &#8211; fizycznym, intelektualnym oraz emocjonalnym. Ka\u017cdy produkt zawiera naturalne sk\u0142adniki, kt\u00f3rych unikalno\u015b\u0107 potwierdzaj\u0105 wielowiekowe do\u015bwiadczenia medycyny chi\u0144skiej i tybeta\u0144skiej, wsparte m\u0105dro\u015bci\u0105 Wschodu, oraz najnowsze odkrycia bada\u0144 naukowych. Stosuj\u0105c produkty STARLIFE organizm dos\u0142ownie &#8222;\u0142aduje si\u0119&#8221; energi\u0105, a ich d\u0142ugotrwa\u0142y efekt widoczny jest tak\u017ce po zako\u0144czeniu ich stosowania.<\/p>\n<p>Uk\u0142ad pokarmowy i trawienie<\/p>\n<p>dieta z niskim indeksem glikemicznym efekty, kamfora w ci\u0105\u017cy, moczenie st\u00f3p w soli, krem czekoladowy bez laktozy, herbatka z pokrzywy, sanprobi probiotyk, yerba dzia\u0142anie, babuszka agafia maska dro\u017cd\u017cowa efekty, batony bez cukru, jak podgrzac pizze, olejek sosnowy, boraks w kosmetyce<\/p>\n<p>yyyyy<\/p>\n","protected":false},"excerpt":{"rendered":"<p>ZDROWIE_2007 poleca: Suplement diety PSYLLIUM STAR zawiera nasiona i \u0142upin\u0119 babki jajowatej, kt\u00f3re zawieraj\u0105 du\u017c\u0105 ilo\u015b\u0107 naturalnego b\u0142onnika, podobnego do&hellip;<\/p>\n","protected":false},"featured_media":612,"comment_status":"closed","ping_status":"open","template":"","meta":[],"product_cat":[79],"product_tag":[814,759,777,792],"class_list":["post-611","product","type-product","status-publish","has-post-thumbnail","hentry","product_cat-odzywki-i-serum-do-rzes","product_tag-kotlet-linda-mccartney","product_tag-kurkuma","product_tag-mieso-wege","product_tag-vigo"],"_links":{"self":[{"href":"https:\/\/wegeblw.pl\/index.php\/wp-json\/wp\/v2\/product\/611","targetHints":{"allow":["GET"]}}],"collection":[{"href":"https:\/\/wegeblw.pl\/index.php\/wp-json\/wp\/v2\/product"}],"about":[{"href":"https:\/\/wegeblw.pl\/index.php\/wp-json\/wp\/v2\/types\/product"}],"replies":[{"embeddable":true,"href":"https:\/\/wegeblw.pl\/index.php\/wp-json\/wp\/v2\/comments?post=611"}],"wp:featuredmedia":[{"embeddable":true,"href":"https:\/\/wegeblw.pl\/index.php\/wp-json\/wp\/v2\/media\/612"}],"wp:attachment":[{"href":"https:\/\/wegeblw.pl\/index.php\/wp-json\/wp\/v2\/media?parent=611"}],"wp:term":[{"taxonomy":"product_cat","embeddable":true,"href":"https:\/\/wegeblw.pl\/index.php\/wp-json\/wp\/v2\/product_cat?post=611"},{"taxonomy":"product_tag","embeddable":true,"href":"https:\/\/wegeblw.pl\/index.php\/wp-json\/wp\/v2\/product_tag?post=611"}],"curies":[{"name":"wp","href":"https:\/\/api.w.org\/{rel}","templated":true}]}}