{"id":6125,"date":"2013-05-14T03:37:06","date_gmt":"2013-05-14T01:37:06","guid":{"rendered":"https:\/\/wegeblw.pl\/index.php\/produkt\/fielmann-atrea-excellence-1-day-toric-2-00-sph-cyl-1-75-os-170-bc-8-6-30szt-10030118\/"},"modified":"2026-04-08T07:56:15","modified_gmt":"2026-04-08T05:56:15","slug":"fielmann-atrea-excellence-1-day-toric-2-00-sph-cyl-1-75-os-170-bc-8-6-30szt-10030118","status":"publish","type":"product","link":"https:\/\/wegeblw.pl\/index.php\/produkt\/fielmann-atrea-excellence-1-day-toric-2-00-sph-cyl-1-75-os-170-bc-8-6-30szt-10030118\/","title":{"rendered":"Fielmann atrea excellence 1 day toric -2.00 SPH, Cyl. -1.75, O\u015b 170 &amp; BC 8.6 30szt. (10030118)"},"content":{"rendered":"<p>W Polsce wrze. Dwa plemiona okopa\u0142y sie\u0328 na swoich pozycjach, a w publicznej debacie dominuja\u0328 s\u0142owa, kto\u0301re nigdy nie powinny sie\u0328 pojawic\u0301. Sytuacja bez wyj\u015bcia? Nie \u2013 dogadajmy si\u0119! Ale jak?Chodzi o kompromis osia\u0328gnie\u0328ty w zgodzie ze strategia\u0328 win-win, czyli \u201euste\u0328pujemy sobie nawzajem, ale tak, z\u0307eby obie strony by\u0142y zadowolone i nikt nie czu\u0142 sie\u0328 przegrany\u201d. Ta ksia\u0328z\u0307ka powsta\u0142a, z\u0307eby sie\u0328 do takiego kompromisu przyczynic\u0301. Tomasz Kammel opowiada w niej o 49 codziennych wyzwaniach w komunikacji. Dzi\u0119ki wiedzy zawartej w tej ksi\u0105\u017cce b\u0119dziesz ju\u017c zawsze wiedzie\u0107, co m\u00f3wi\u0107, gdy trzeba dogada\u0107 si\u0119 z innymi.Dogadajmy si\u0119 w podzielonym \u015bwieciePorady: CO m\u00f3wi\u0107 w trudnej chwiliPewno\u015b\u0107 siebie w komunikacjiDzi\u0119ki ksi\u0105\u017cce \u201eDogadajmy si\u0119\u201d dowiesz si\u0119:jak rozmawia\u0107 o podwy\u017cce w pracy,jak skutecznie prawi\u0107 i przyjmowa\u0107 komplementy,jak doda\u0107 bliskiej osobie otuchy po stracie,jak grzecznie zakon\u0301czyc\u0301 przyd\u0142uga\u0328 i niechciana\u0328 rozmowe\u0328,jak przekonywuj\u0105co i z taktem m\u00f3wi\u0107 \u201enie\u201d,jak przekonywa\u0107 innych do swoich racji,jak radzi\u0107 sobie z trudnym rozm\u00f3wc\u0105,jak\u2026 kulturalnie i skutecznie zby\u0107 telemarketera,i wiele, wiele wi\u0119cej!<\/p>\n<p>Podr\u0119czniki szkolne<\/p>\n<p>reishi jakiej firmy, dendalion, perma, roleski sos ostry, msm wroc\u0142aw, woda w proszku gdzie kupi\u0107, dzem a konfitura<\/p>\n<p>yyyyy<\/p>\n","protected":false},"excerpt":{"rendered":"<p>W Polsce wrze. Dwa plemiona okopa\u0142y sie\u0328 na swoich pozycjach, a w publicznej debacie dominuja\u0328 s\u0142owa, kto\u0301re nigdy nie powinny&hellip;<\/p>\n","protected":false},"featured_media":6126,"comment_status":"closed","ping_status":"open","template":"","meta":[],"product_cat":[76],"product_tag":[744,659,768,851],"class_list":["post-6125","product","type-product","status-publish","has-post-thumbnail","hentry","product_cat-soczewki-kontaktowe","product_tag-haagen-dazs","product_tag-jajka-marynowane-po-koreansku","product_tag-pasztet-z-soczewicy-z-suszonymi-pomidorami","product_tag-warzywa-online"],"_links":{"self":[{"href":"https:\/\/wegeblw.pl\/index.php\/wp-json\/wp\/v2\/product\/6125","targetHints":{"allow":["GET"]}}],"collection":[{"href":"https:\/\/wegeblw.pl\/index.php\/wp-json\/wp\/v2\/product"}],"about":[{"href":"https:\/\/wegeblw.pl\/index.php\/wp-json\/wp\/v2\/types\/product"}],"replies":[{"embeddable":true,"href":"https:\/\/wegeblw.pl\/index.php\/wp-json\/wp\/v2\/comments?post=6125"}],"wp:featuredmedia":[{"embeddable":true,"href":"https:\/\/wegeblw.pl\/index.php\/wp-json\/wp\/v2\/media\/6126"}],"wp:attachment":[{"href":"https:\/\/wegeblw.pl\/index.php\/wp-json\/wp\/v2\/media?parent=6125"}],"wp:term":[{"taxonomy":"product_cat","embeddable":true,"href":"https:\/\/wegeblw.pl\/index.php\/wp-json\/wp\/v2\/product_cat?post=6125"},{"taxonomy":"product_tag","embeddable":true,"href":"https:\/\/wegeblw.pl\/index.php\/wp-json\/wp\/v2\/product_tag?post=6125"}],"curies":[{"name":"wp","href":"https:\/\/api.w.org\/{rel}","templated":true}]}}