{"id":6151,"date":"2024-11-07T03:08:51","date_gmt":"2024-11-07T02:08:51","guid":{"rendered":"https:\/\/wegeblw.pl\/?post_type=product&#038;p=6151"},"modified":"2026-04-07T01:20:40","modified_gmt":"2026-04-06T23:20:40","slug":"alcon-precision1-for-astigmatism-30-000-125-160-alcon","status":"publish","type":"product","link":"https:\/\/wegeblw.pl\/index.php\/produkt\/alcon-precision1-for-astigmatism-30-000-125-160-alcon\/","title":{"rendered":"ALCON PRECISION1 FOR ASTIGMATISM 30 0,00; &#8211; 1,25; 160 ALCON"},"content":{"rendered":"<p>Pajacyk dla doros\u0142ych &#8211; bez r\u0119kaw\u00f3w, d\u0142ugie nogawki, zamek ty\u0142, zamek w kroku ze \u015bci\u0105gaczami &#8211; z wk\u0142adk\u0105 nieprzemakaln\u0105 z ty\u0142u Body, kombinezon stworzone zosta\u0142y g\u0142\u00f3wnie z my\u015bl\u0105 o osobach-pacjentach maj\u0105cych sk\u0142onno\u015bci do samodzielnego, notorycznego rozbierania si\u0119 oraz \u015bci\u0105gania pieluchomajtek. Polecane s\u0105 szczeg\u00f3lnie dla os\u00f3b z chorob\u0105 Alzheimera, samo rozbieraj\u0105cych si\u0119 i zdejmuj\u0105cych pieluchomajtki. Kr\u00f3j bod\u00f3w w znacznym stopniu ogranicza osobom chorym dost\u0119p do pieluch. Zapewniaj\u0105 komfort u\u017cytkownik\u00f3w, jak r\u00f3wnie\u017c bardzo u\u0142atwiaj\u0105 przeprowadzanie zabieg\u00f3w higienicznych i prac\u0119 opiekun\u00f3w. Wszystkie modele nale\u017c\u0105 do kategorii unisex, rozpi\u0119to\u015b\u0107 rozmiar\u00f3w od XS-XXL, pasuje dla kobiet i m\u0119\u017cczyzn, mog\u0105 by\u0107 r\u00f3wnie\u017c dedykowane m\u0142odzie\u017cy niepe\u0142nosprawnej . Noszone samodzielnie lub jako bielizna spe\u0142niaj\u0105 swoj\u0105 rol\u0119 w dzie\u0144 i w nocy. Wszyty nieprzemakalny, oddychaj\u0105cy i rozci\u0105gliwy materia\u0142 Jersey w tylnej cz\u0119\u015bci zapobiega przemoczeniu \u015bpioch\u00f3w i po\u015bcieli Materia\u0142 wykonania: Odzie\u017c ta wykonana jest ze 100% -polskiej atestowanej bawe\u0142ny \/ Atest Oeko-Tex \/ odpornej na rozci\u0105ganie i rozrywanie, odpowiednio wzmocnionymi podw\u00f3jnymi szwami. Mi\u0119kka i mi\u0142a w dotyku bawe\u0142na zapewnia komfort termiczny i nie podra\u017cnia sk\u00f3ry. Wielorako\u015b\u0107 umieszczenia zamk\u00f3w b\u0142yskawicznych ( plastikowe ) \/ nierdzewne \/ sprawia, i\u017c odzie\u017c mo\u017cna dopasowa\u0107 do potrzeb i schorze\u0144 os\u00f3b chodz\u0105cych i le\u017c\u0105cych. Dodatkowy klin w kroku pozwala na wygodne umieszczenie pieluchomajtek .<\/p>\n<p>Higiena os\u00f3b starszych i niepe\u0142nosprawnych<\/p>\n<p>witamina d1000, czosnek fermentowany, fasolka w zalewie, ma\u0142y pies, \u017cele pod prysznic dla dzieci, sen kaczka, rytyna, chlorek magnezu cena, ketchup develey premium, drewno gdzie wyrzuci\u0107, amarantus ekspandowany przepisy, witamina ew p\u0142ynie, sosy do kurczaka z ry\u017cem, ma\u015b\u0107 arnikowa efekty, owoce liofilizowane co to, jagody acai cena, mango w\u0142a\u015bciwo\u015bci odchudzaj\u0105ce, co jest bez glutenu, kt\u00f3re warzywo ma pestki<\/p>\n<p>yyyyy<\/p>\n","protected":false},"excerpt":{"rendered":"<p>Pajacyk dla doros\u0142ych &#8211; bez r\u0119kaw\u00f3w, d\u0142ugie nogawki, zamek ty\u0142, zamek w kroku ze \u015bci\u0105gaczami &#8211; z wk\u0142adk\u0105 nieprzemakaln\u0105 z&hellip;<\/p>\n","protected":false},"featured_media":6152,"comment_status":"closed","ping_status":"open","template":"","meta":[],"product_cat":[76],"product_tag":[714,716,827,832],"class_list":["post-6151","product","type-product","status-publish","has-post-thumbnail","hentry","product_cat-soczewki-kontaktowe","product_tag-cytryna-ekologiczna","product_tag-leckers","product_tag-naturli","product_tag-vitapol-majonez"],"_links":{"self":[{"href":"https:\/\/wegeblw.pl\/index.php\/wp-json\/wp\/v2\/product\/6151","targetHints":{"allow":["GET"]}}],"collection":[{"href":"https:\/\/wegeblw.pl\/index.php\/wp-json\/wp\/v2\/product"}],"about":[{"href":"https:\/\/wegeblw.pl\/index.php\/wp-json\/wp\/v2\/types\/product"}],"replies":[{"embeddable":true,"href":"https:\/\/wegeblw.pl\/index.php\/wp-json\/wp\/v2\/comments?post=6151"}],"wp:featuredmedia":[{"embeddable":true,"href":"https:\/\/wegeblw.pl\/index.php\/wp-json\/wp\/v2\/media\/6152"}],"wp:attachment":[{"href":"https:\/\/wegeblw.pl\/index.php\/wp-json\/wp\/v2\/media?parent=6151"}],"wp:term":[{"taxonomy":"product_cat","embeddable":true,"href":"https:\/\/wegeblw.pl\/index.php\/wp-json\/wp\/v2\/product_cat?post=6151"},{"taxonomy":"product_tag","embeddable":true,"href":"https:\/\/wegeblw.pl\/index.php\/wp-json\/wp\/v2\/product_tag?post=6151"}],"curies":[{"name":"wp","href":"https:\/\/api.w.org\/{rel}","templated":true}]}}