{"id":6155,"date":"2024-02-23T02:18:01","date_gmt":"2024-02-23T01:18:01","guid":{"rendered":"https:\/\/wegeblw.pl\/?post_type=product&#038;p=6155"},"modified":"2026-04-09T09:34:59","modified_gmt":"2026-04-09T07:34:59","slug":"alcon-air-optix-plus-hydraglyde-multifocal-3-450-high-alcon","status":"publish","type":"product","link":"https:\/\/wegeblw.pl\/index.php\/produkt\/alcon-air-optix-plus-hydraglyde-multifocal-3-450-high-alcon\/","title":{"rendered":"ALCON AIR OPTIX PLUS HYDRAGLYDE MULTIFOCAL 3 -4,50; HIGH ALCON"},"content":{"rendered":"<p>Thorne Iso-Phos Izolat Fosfatydyloseryny 60Vkaps<\/p>\n<p>Uk\u0142ad nerwowy i pami\u0119\u0107<\/p>\n<p>schab w plastrach, nerkowiec orzech, olej z pestek dyni t\u0142oczony na zimno, tu\u0144czyk po angielsku, acai jagody, piwo bezalkoholowe a zdrowie, any\u017c w ci\u0105\u017cy, m\u0105ka z semoliny<\/p>\n<p>yyyyy<\/p>\n","protected":false},"excerpt":{"rendered":"<p>Thorne Iso-Phos Izolat Fosfatydyloseryny 60Vkaps Uk\u0142ad nerwowy i pami\u0119\u0107 schab w plastrach, nerkowiec orzech, olej z pestek dyni t\u0142oczony na&hellip;<\/p>\n","protected":false},"featured_media":6156,"comment_status":"closed","ping_status":"open","template":"","meta":[],"product_cat":[76],"product_tag":[816,656,753,733],"class_list":["post-6155","product","type-product","status-publish","has-post-thumbnail","hentry","product_cat-soczewki-kontaktowe","product_tag-bigos-z-soczewica","product_tag-ekologiczne-mieso","product_tag-english-tea-shop-kalendarz-adwentowy","product_tag-organicmarket"],"_links":{"self":[{"href":"https:\/\/wegeblw.pl\/index.php\/wp-json\/wp\/v2\/product\/6155","targetHints":{"allow":["GET"]}}],"collection":[{"href":"https:\/\/wegeblw.pl\/index.php\/wp-json\/wp\/v2\/product"}],"about":[{"href":"https:\/\/wegeblw.pl\/index.php\/wp-json\/wp\/v2\/types\/product"}],"replies":[{"embeddable":true,"href":"https:\/\/wegeblw.pl\/index.php\/wp-json\/wp\/v2\/comments?post=6155"}],"wp:featuredmedia":[{"embeddable":true,"href":"https:\/\/wegeblw.pl\/index.php\/wp-json\/wp\/v2\/media\/6156"}],"wp:attachment":[{"href":"https:\/\/wegeblw.pl\/index.php\/wp-json\/wp\/v2\/media?parent=6155"}],"wp:term":[{"taxonomy":"product_cat","embeddable":true,"href":"https:\/\/wegeblw.pl\/index.php\/wp-json\/wp\/v2\/product_cat?post=6155"},{"taxonomy":"product_tag","embeddable":true,"href":"https:\/\/wegeblw.pl\/index.php\/wp-json\/wp\/v2\/product_tag?post=6155"}],"curies":[{"name":"wp","href":"https:\/\/api.w.org\/{rel}","templated":true}]}}