{"id":6157,"date":"2015-10-17T05:11:53","date_gmt":"2015-10-17T03:11:53","guid":{"rendered":"https:\/\/wegeblw.pl\/index.php\/produkt\/fielmann-atrea-excellence-1-day-toric-3-25-sph-cyl-0-75-os-100-bc-8-6-30szt\/"},"modified":"2026-04-08T08:04:52","modified_gmt":"2026-04-08T06:04:52","slug":"fielmann-atrea-excellence-1-day-toric-3-25-sph-cyl-0-75-os-100-bc-8-6-30szt","status":"publish","type":"product","link":"https:\/\/wegeblw.pl\/index.php\/produkt\/fielmann-atrea-excellence-1-day-toric-3-25-sph-cyl-0-75-os-100-bc-8-6-30szt\/","title":{"rendered":"Fielmann atrea excellence 1 day toric -3.25 SPH, Cyl. -0.75, O\u015b 100 &amp; BC 8.6 30szt."},"content":{"rendered":"<p>Lancety uniwersalne Mylife (30G) &#8211; 200 sztukProducentYpsomed AGCH-3401 BurgdorfSzwajcariaDystrybutorYpsomed Polska Sp. z o.o.ul. Mangalia 2a02-758 Warszawainfo@ypsomed.pl<\/p>\n<p>Glukometry i akcesoria dla diabetyk\u00f3w<\/p>\n<p>superfood przepisy, eko\u0142ukta, teksturowane bia\u0142ko pszenicy, co to jest piperyna, czym zmieli\u0107 siemie lniane, buzdyganek naziemny zio\u0142a, uk\u0142ad krwionosny, krewetki w oleju biedronka, tapioka warto\u015bci od\u017cywcze, szparagi sklep<\/p>\n<p>yyyyy<\/p>\n","protected":false},"excerpt":{"rendered":"<p>Lancety uniwersalne Mylife (30G) &#8211; 200 sztukProducentYpsomed AGCH-3401 BurgdorfSzwajcariaDystrybutorYpsomed Polska Sp. z o.o.ul. Mangalia 2a02-758 Warszawainfo@ypsomed.pl Glukometry i akcesoria dla&hellip;<\/p>\n","protected":false},"featured_media":6158,"comment_status":"closed","ping_status":"open","template":"","meta":[],"product_cat":[76],"product_tag":[774,739,815,820,856,707],"class_list":["post-6157","product","type-product","status-publish","has-post-thumbnail","hentry","product_cat-soczewki-kontaktowe","product_tag-cytryny-ekologiczne","product_tag-makaron-sojowy-indeks-glikemiczny","product_tag-margaryny-bez-oleju-palmowego","product_tag-produkty-bez-laktozy-sklep","product_tag-profilaktyka-cukrzycy","product_tag-wege-mieso"],"_links":{"self":[{"href":"https:\/\/wegeblw.pl\/index.php\/wp-json\/wp\/v2\/product\/6157","targetHints":{"allow":["GET"]}}],"collection":[{"href":"https:\/\/wegeblw.pl\/index.php\/wp-json\/wp\/v2\/product"}],"about":[{"href":"https:\/\/wegeblw.pl\/index.php\/wp-json\/wp\/v2\/types\/product"}],"replies":[{"embeddable":true,"href":"https:\/\/wegeblw.pl\/index.php\/wp-json\/wp\/v2\/comments?post=6157"}],"wp:featuredmedia":[{"embeddable":true,"href":"https:\/\/wegeblw.pl\/index.php\/wp-json\/wp\/v2\/media\/6158"}],"wp:attachment":[{"href":"https:\/\/wegeblw.pl\/index.php\/wp-json\/wp\/v2\/media?parent=6157"}],"wp:term":[{"taxonomy":"product_cat","embeddable":true,"href":"https:\/\/wegeblw.pl\/index.php\/wp-json\/wp\/v2\/product_cat?post=6157"},{"taxonomy":"product_tag","embeddable":true,"href":"https:\/\/wegeblw.pl\/index.php\/wp-json\/wp\/v2\/product_tag?post=6157"}],"curies":[{"name":"wp","href":"https:\/\/api.w.org\/{rel}","templated":true}]}}