{"id":6167,"date":"2023-05-29T10:23:36","date_gmt":"2023-05-29T08:23:36","guid":{"rendered":"https:\/\/wegeblw.pl\/?post_type=product&#038;p=6167"},"modified":"2026-04-07T02:56:19","modified_gmt":"2026-04-07T00:56:19","slug":"soflens-toric-6-sztuk-8-5-7-50-0-75-160","status":"publish","type":"product","link":"https:\/\/wegeblw.pl\/index.php\/produkt\/soflens-toric-6-sztuk-8-5-7-50-0-75-160\/","title":{"rendered":"SOFLENS TORIC 6 SZTUK 8.5\/-7.50\/-0.75\/160"},"content":{"rendered":"<p>Okulary S\u0142oneczne Burberry<\/p>\n<p>Okulary przeciws\u0142oneczne damskie<\/p>\n<p>tapoka, czosnek nied\u017awiedzi kiedy ro\u015bnie, placki dla cukrzyk\u00f3w, fasola mung cena, platki musli, kaczka polska, hunan, imbir na kaszel<\/p>\n<p>yyyyy<\/p>\n","protected":false},"excerpt":{"rendered":"<p>Okulary S\u0142oneczne Burberry Okulary przeciws\u0142oneczne damskie tapoka, czosnek nied\u017awiedzi kiedy ro\u015bnie, placki dla cukrzyk\u00f3w, fasola mung cena, platki musli, kaczka&hellip;<\/p>\n","protected":false},"featured_media":6168,"comment_status":"closed","ping_status":"open","template":"","meta":[],"product_cat":[76],"product_tag":[808,645,723,648,781],"class_list":["post-6167","product","type-product","status-publish","has-post-thumbnail","hentry","product_cat-soczewki-kontaktowe","product_tag-ciasto-sekacz","product_tag-fioletowe-bataty","product_tag-guar","product_tag-maki-ekologiczne","product_tag-primabiotic-collagen"],"_links":{"self":[{"href":"https:\/\/wegeblw.pl\/index.php\/wp-json\/wp\/v2\/product\/6167","targetHints":{"allow":["GET"]}}],"collection":[{"href":"https:\/\/wegeblw.pl\/index.php\/wp-json\/wp\/v2\/product"}],"about":[{"href":"https:\/\/wegeblw.pl\/index.php\/wp-json\/wp\/v2\/types\/product"}],"replies":[{"embeddable":true,"href":"https:\/\/wegeblw.pl\/index.php\/wp-json\/wp\/v2\/comments?post=6167"}],"wp:featuredmedia":[{"embeddable":true,"href":"https:\/\/wegeblw.pl\/index.php\/wp-json\/wp\/v2\/media\/6168"}],"wp:attachment":[{"href":"https:\/\/wegeblw.pl\/index.php\/wp-json\/wp\/v2\/media?parent=6167"}],"wp:term":[{"taxonomy":"product_cat","embeddable":true,"href":"https:\/\/wegeblw.pl\/index.php\/wp-json\/wp\/v2\/product_cat?post=6167"},{"taxonomy":"product_tag","embeddable":true,"href":"https:\/\/wegeblw.pl\/index.php\/wp-json\/wp\/v2\/product_tag?post=6167"}],"curies":[{"name":"wp","href":"https:\/\/api.w.org\/{rel}","templated":true}]}}