{"id":6173,"date":"2023-06-15T09:32:16","date_gmt":"2023-06-15T07:32:16","guid":{"rendered":"https:\/\/wegeblw.pl\/?post_type=product&#038;p=6173"},"modified":"2026-04-10T09:50:36","modified_gmt":"2026-04-10T07:50:36","slug":"fielmann-atrea-excellence-1-day-toric-1-75-sph-cyl-1-25-os-20-bc-8-6-30szt-10036632","status":"publish","type":"product","link":"https:\/\/wegeblw.pl\/index.php\/produkt\/fielmann-atrea-excellence-1-day-toric-1-75-sph-cyl-1-25-os-20-bc-8-6-30szt-10036632\/","title":{"rendered":"Fielmann atrea excellence 1 day toric 1.75 SPH, Cyl. -1.25, O\u015b 20 &amp; BC 8.6 30szt. (10036632)"},"content":{"rendered":"<p>Eobuwie.pl to sklep internetowy z najwi\u0119kszym asortymentem obuwia oraz akcesori\u00f3w. W swojej ofercie posiada niemal 80 tysi\u0119cy modeli od prawie 500 marek. Gwarantuje bezp\u0142atn\u0105 dostaw\u0119 do klienta oraz do 26 sklep\u00f3w stacjonarnych, a tak\u017ce darmowy i prosty zwrot do 30 dni od daty otrzymania przesy\u0142ki. Eobuwie.pl oferuje tak\u017ce innowacyjn\u0105 us\u0142ug\u0119 esize.me, kt\u00f3ra, dzi\u0119ki skanerowi 3D, umo\u017cliwia idealne dopasowanie obuwia bez mierzenia.Czapka marki POLO RALPH LAUREN wykonana w 100% z bawe\u0142ny.<\/p>\n<p>Czapki dzieci\u0119ce<\/p>\n<p>sok pokrzywy, maestro kcal, ziemia okrzemkowa na w\u0142osy, dziki pomidor, jak upra\u017cy\u0107 s\u0142onecznik, dieta lekkostrawna &#8212; co mo\u017cna je\u015b\u0107, aloha, pio\u0142un suszony, czarnuszka i jej w\u0142a\u015bciwo\u015bci, farm, indyk ekologiczny cena, mi\u0119so warszawa, erytrytol do ciasta<\/p>\n<p>yyyyy<\/p>\n","protected":false},"excerpt":{"rendered":"<p>Eobuwie.pl to sklep internetowy z najwi\u0119kszym asortymentem obuwia oraz akcesori\u00f3w. W swojej ofercie posiada niemal 80 tysi\u0119cy modeli od prawie&hellip;<\/p>\n","protected":false},"featured_media":6174,"comment_status":"closed","ping_status":"open","template":"","meta":[],"product_cat":[76],"product_tag":[656,757,860,665],"class_list":["post-6173","product","type-product","status-publish","has-post-thumbnail","hentry","product_cat-soczewki-kontaktowe","product_tag-ekologiczne-mieso","product_tag-roslinny-qurczak","product_tag-syrop-klonowy-cena","product_tag-weganskie-mieso"],"_links":{"self":[{"href":"https:\/\/wegeblw.pl\/index.php\/wp-json\/wp\/v2\/product\/6173","targetHints":{"allow":["GET"]}}],"collection":[{"href":"https:\/\/wegeblw.pl\/index.php\/wp-json\/wp\/v2\/product"}],"about":[{"href":"https:\/\/wegeblw.pl\/index.php\/wp-json\/wp\/v2\/types\/product"}],"replies":[{"embeddable":true,"href":"https:\/\/wegeblw.pl\/index.php\/wp-json\/wp\/v2\/comments?post=6173"}],"wp:featuredmedia":[{"embeddable":true,"href":"https:\/\/wegeblw.pl\/index.php\/wp-json\/wp\/v2\/media\/6174"}],"wp:attachment":[{"href":"https:\/\/wegeblw.pl\/index.php\/wp-json\/wp\/v2\/media?parent=6173"}],"wp:term":[{"taxonomy":"product_cat","embeddable":true,"href":"https:\/\/wegeblw.pl\/index.php\/wp-json\/wp\/v2\/product_cat?post=6173"},{"taxonomy":"product_tag","embeddable":true,"href":"https:\/\/wegeblw.pl\/index.php\/wp-json\/wp\/v2\/product_tag?post=6173"}],"curies":[{"name":"wp","href":"https:\/\/api.w.org\/{rel}","templated":true}]}}