{"id":619,"date":"2014-03-03T21:14:18","date_gmt":"2014-03-03T20:14:18","guid":{"rendered":"https:\/\/wegeblw.pl\/index.php\/produkt\/dr-irena-eris-aqua-idealine-875-maska-do-twarzy\/"},"modified":"2026-04-08T07:49:41","modified_gmt":"2026-04-08T05:49:41","slug":"dr-irena-eris-aqua-idealine-875-maska-do-twarzy","status":"publish","type":"product","link":"https:\/\/wegeblw.pl\/index.php\/produkt\/dr-irena-eris-aqua-idealine-875-maska-do-twarzy\/","title":{"rendered":"DR IRENA ERIS Aqua Idealine 875 maska do twarzy"},"content":{"rendered":"<p>Wyci\u0105g ostropestu 190mg karczoch 100 kaps. Aliness<\/p>\n<p>Pozosta\u0142e preparaty dla sportowc\u00f3w<\/p>\n<p>zinc forte, bajgiel, zamiennik jajka, zupa tajska ostra, macerat z marchwi, jod krystaliczny, olejki relaksacyjne, mleko na keto, fasola czerwona puszka, bataty czy ziemniaki<\/p>\n<p>yyyyy<\/p>\n","protected":false},"excerpt":{"rendered":"<p>Wyci\u0105g ostropestu 190mg karczoch 100 kaps. Aliness Pozosta\u0142e preparaty dla sportowc\u00f3w zinc forte, bajgiel, zamiennik jajka, zupa tajska ostra, macerat&hellip;<\/p>\n","protected":false},"featured_media":620,"comment_status":"closed","ping_status":"open","template":"","meta":[],"product_cat":[38],"product_tag":[778,768,881,860,792],"class_list":["post-619","product","type-product","status-publish","has-post-thumbnail","hentry","product_cat-maseczki","product_tag-burak","product_tag-pasztet-z-soczewicy-z-suszonymi-pomidorami","product_tag-sok-z-brzozy-cena","product_tag-syrop-klonowy-cena","product_tag-vigo"],"_links":{"self":[{"href":"https:\/\/wegeblw.pl\/index.php\/wp-json\/wp\/v2\/product\/619","targetHints":{"allow":["GET"]}}],"collection":[{"href":"https:\/\/wegeblw.pl\/index.php\/wp-json\/wp\/v2\/product"}],"about":[{"href":"https:\/\/wegeblw.pl\/index.php\/wp-json\/wp\/v2\/types\/product"}],"replies":[{"embeddable":true,"href":"https:\/\/wegeblw.pl\/index.php\/wp-json\/wp\/v2\/comments?post=619"}],"wp:featuredmedia":[{"embeddable":true,"href":"https:\/\/wegeblw.pl\/index.php\/wp-json\/wp\/v2\/media\/620"}],"wp:attachment":[{"href":"https:\/\/wegeblw.pl\/index.php\/wp-json\/wp\/v2\/media?parent=619"}],"wp:term":[{"taxonomy":"product_cat","embeddable":true,"href":"https:\/\/wegeblw.pl\/index.php\/wp-json\/wp\/v2\/product_cat?post=619"},{"taxonomy":"product_tag","embeddable":true,"href":"https:\/\/wegeblw.pl\/index.php\/wp-json\/wp\/v2\/product_tag?post=619"}],"curies":[{"name":"wp","href":"https:\/\/api.w.org\/{rel}","templated":true}]}}