{"id":6197,"date":"2019-02-07T09:48:58","date_gmt":"2019-02-07T08:48:58","guid":{"rendered":"https:\/\/wegeblw.pl\/index.php\/produkt\/mbm-pharma-magneo-b6-forte-cytrynian-magnezu-50-tabl\/"},"modified":"2026-04-08T08:10:06","modified_gmt":"2026-04-08T06:10:06","slug":"mbm-pharma-magneo-b6-forte-cytrynian-magnezu-50-tabl","status":"publish","type":"product","link":"https:\/\/wegeblw.pl\/index.php\/produkt\/mbm-pharma-magneo-b6-forte-cytrynian-magnezu-50-tabl\/","title":{"rendered":"Mbm Pharma Magneo B6 Forte &#8211; Cytrynian Magnezu 50 Tabl."},"content":{"rendered":"<p>Okulary do korekcji wzroku. Wada wzroku: 2,0. Kolor br\u0105zowy.<\/p>\n<p>Okulary oprawki i szk\u0142a<\/p>\n<p>palo santo jak pachnie, s\u0142odycze greckie, suszone kwiaty klitorii, sza\u0142wia chia, chleb orkiszowy sk\u0142ad, ciasto tempura, witamina 3<\/p>\n<p>yyyyy<\/p>\n","protected":false},"excerpt":{"rendered":"<p>Okulary do korekcji wzroku. Wada wzroku: 2,0. Kolor br\u0105zowy. Okulary oprawki i szk\u0142a palo santo jak pachnie, s\u0142odycze greckie, suszone&hellip;<\/p>\n","protected":false},"featured_media":6198,"comment_status":"closed","ping_status":"open","template":"","meta":[],"product_cat":[37],"product_tag":[840,677,838,702,641],"class_list":["post-6197","product","type-product","status-publish","has-post-thumbnail","hentry","product_cat-witaminy-i-mineraly","product_tag-collagen-gold","product_tag-health-labs","product_tag-olej-kokosowy-rafinowany-czy-nierafinowany","product_tag-przepis-na-sekacz","product_tag-smieci-w-oceanach"],"_links":{"self":[{"href":"https:\/\/wegeblw.pl\/index.php\/wp-json\/wp\/v2\/product\/6197","targetHints":{"allow":["GET"]}}],"collection":[{"href":"https:\/\/wegeblw.pl\/index.php\/wp-json\/wp\/v2\/product"}],"about":[{"href":"https:\/\/wegeblw.pl\/index.php\/wp-json\/wp\/v2\/types\/product"}],"replies":[{"embeddable":true,"href":"https:\/\/wegeblw.pl\/index.php\/wp-json\/wp\/v2\/comments?post=6197"}],"wp:featuredmedia":[{"embeddable":true,"href":"https:\/\/wegeblw.pl\/index.php\/wp-json\/wp\/v2\/media\/6198"}],"wp:attachment":[{"href":"https:\/\/wegeblw.pl\/index.php\/wp-json\/wp\/v2\/media?parent=6197"}],"wp:term":[{"taxonomy":"product_cat","embeddable":true,"href":"https:\/\/wegeblw.pl\/index.php\/wp-json\/wp\/v2\/product_cat?post=6197"},{"taxonomy":"product_tag","embeddable":true,"href":"https:\/\/wegeblw.pl\/index.php\/wp-json\/wp\/v2\/product_tag?post=6197"}],"curies":[{"name":"wp","href":"https:\/\/api.w.org\/{rel}","templated":true}]}}