{"id":6203,"date":"2022-06-09T05:47:31","date_gmt":"2022-06-09T03:47:31","guid":{"rendered":"https:\/\/wegeblw.pl\/index.php\/produkt\/ph-metr-glebowy-071000-bioogrod\/"},"modified":"2026-04-08T09:07:13","modified_gmt":"2026-04-08T07:07:13","slug":"ph-metr-glebowy-071000-bioogrod","status":"publish","type":"product","link":"https:\/\/wegeblw.pl\/index.php\/produkt\/ph-metr-glebowy-071000-bioogrod\/","title":{"rendered":"Ph &#8211; Metr Glebowy 071000 Bioogr\u00f3d"},"content":{"rendered":"<p>Woda perfumowana &#8211; LErbolario Bouquet dOro Profumo<\/p>\n<p>Perfumy i wody damskie<\/p>\n<p>szalwia hiszpanska chia wlasciwosci, soda kaustyczna a soda oczyszczona, zbyt szybki metabolizm, m\u0105ka gryczana indeks glikemiczny, mniszka \u015br\u00f3dziemnomorska, rybi kolagen, sklepy internetowe spo\u017cywcze, syrop agawy, samba olek, nature queen hydrolat gorzka pomara\u0144cza, herbatka z kwiatu czarnego bzu, platki quinoa, pra\u017cenie orzech\u00f3w ziemnych, kawa z cykori, ro\u015blina na agar, program ochrony bor\u00f3wki 2021, herbata cena, kolagen ncn opinie, chusteczki nawil\u017caj\u0105ce, plastry z miodem manuka, vitamina d 4000<\/p>\n<p>yyyyy<\/p>\n","protected":false},"excerpt":{"rendered":"<p>Woda perfumowana &#8211; LErbolario Bouquet dOro Profumo Perfumy i wody damskie szalwia hiszpanska chia wlasciwosci, soda kaustyczna a soda oczyszczona,&hellip;<\/p>\n","protected":false},"featured_media":6204,"comment_status":"closed","ping_status":"open","template":"","meta":[],"product_cat":[437],"product_tag":[734,664,826],"class_list":["post-6203","product","type-product","status-publish","has-post-thumbnail","hentry","product_cat-akcesoria-do-sadzenia-i-pielegnacji-roslin","product_tag-derma-sklep","product_tag-komoda-ryzowa","product_tag-olej-kokosowy-rafinowany"],"_links":{"self":[{"href":"https:\/\/wegeblw.pl\/index.php\/wp-json\/wp\/v2\/product\/6203","targetHints":{"allow":["GET"]}}],"collection":[{"href":"https:\/\/wegeblw.pl\/index.php\/wp-json\/wp\/v2\/product"}],"about":[{"href":"https:\/\/wegeblw.pl\/index.php\/wp-json\/wp\/v2\/types\/product"}],"replies":[{"embeddable":true,"href":"https:\/\/wegeblw.pl\/index.php\/wp-json\/wp\/v2\/comments?post=6203"}],"wp:featuredmedia":[{"embeddable":true,"href":"https:\/\/wegeblw.pl\/index.php\/wp-json\/wp\/v2\/media\/6204"}],"wp:attachment":[{"href":"https:\/\/wegeblw.pl\/index.php\/wp-json\/wp\/v2\/media?parent=6203"}],"wp:term":[{"taxonomy":"product_cat","embeddable":true,"href":"https:\/\/wegeblw.pl\/index.php\/wp-json\/wp\/v2\/product_cat?post=6203"},{"taxonomy":"product_tag","embeddable":true,"href":"https:\/\/wegeblw.pl\/index.php\/wp-json\/wp\/v2\/product_tag?post=6203"}],"curies":[{"name":"wp","href":"https:\/\/api.w.org\/{rel}","templated":true}]}}