{"id":6233,"date":"2021-07-03T11:33:44","date_gmt":"2021-07-03T09:33:44","guid":{"rendered":"https:\/\/wegeblw.pl\/index.php\/produkt\/medi-pharm-rutyna-z-witamina-c-i-malina-120-tabl\/"},"modified":"2026-04-07T03:12:23","modified_gmt":"2026-04-07T01:12:23","slug":"medi-pharm-rutyna-z-witamina-c-i-malina-120-tabl","status":"publish","type":"product","link":"https:\/\/wegeblw.pl\/index.php\/produkt\/medi-pharm-rutyna-z-witamina-c-i-malina-120-tabl\/","title":{"rendered":"Medi Pharm Rutyna z witamin\u0105 C i malin\u0105 120 tabl"},"content":{"rendered":"<p>Oprawy okularowe Rodenstock<\/p>\n<p>Okulary oprawki i szk\u0142a<\/p>\n<p>k\u0142odawska, olej rycynowy na brwi efekty, trzcinowy cukier, eliza m\u00f3rawska<\/p>\n<p>yyyyy<\/p>\n","protected":false},"excerpt":{"rendered":"<p>Oprawy okularowe Rodenstock Okulary oprawki i szk\u0142a k\u0142odawska, olej rycynowy na brwi efekty, trzcinowy cukier, eliza m\u00f3rawska yyyyy<\/p>\n","protected":false},"featured_media":6234,"comment_status":"closed","ping_status":"open","template":"","meta":[],"product_cat":[18],"product_tag":[861,684,878,665],"class_list":["post-6233","product","type-product","status-publish","has-post-thumbnail","hentry","product_cat-mineraly-i-witaminy","product_tag-czym-zastapic-jogurt-naturalny","product_tag-kurkuma-korzen","product_tag-tahini-do-czego","product_tag-weganskie-mieso"],"_links":{"self":[{"href":"https:\/\/wegeblw.pl\/index.php\/wp-json\/wp\/v2\/product\/6233","targetHints":{"allow":["GET"]}}],"collection":[{"href":"https:\/\/wegeblw.pl\/index.php\/wp-json\/wp\/v2\/product"}],"about":[{"href":"https:\/\/wegeblw.pl\/index.php\/wp-json\/wp\/v2\/types\/product"}],"replies":[{"embeddable":true,"href":"https:\/\/wegeblw.pl\/index.php\/wp-json\/wp\/v2\/comments?post=6233"}],"wp:featuredmedia":[{"embeddable":true,"href":"https:\/\/wegeblw.pl\/index.php\/wp-json\/wp\/v2\/media\/6234"}],"wp:attachment":[{"href":"https:\/\/wegeblw.pl\/index.php\/wp-json\/wp\/v2\/media?parent=6233"}],"wp:term":[{"taxonomy":"product_cat","embeddable":true,"href":"https:\/\/wegeblw.pl\/index.php\/wp-json\/wp\/v2\/product_cat?post=6233"},{"taxonomy":"product_tag","embeddable":true,"href":"https:\/\/wegeblw.pl\/index.php\/wp-json\/wp\/v2\/product_tag?post=6233"}],"curies":[{"name":"wp","href":"https:\/\/api.w.org\/{rel}","templated":true}]}}