{"id":6251,"date":"2016-08-28T21:25:04","date_gmt":"2016-08-28T19:25:04","guid":{"rendered":"https:\/\/wegeblw.pl\/index.php\/produkt\/czopki-glicerynowe-2-g-x-10-szt-farmina\/"},"modified":"2026-04-08T08:04:45","modified_gmt":"2026-04-08T06:04:45","slug":"czopki-glicerynowe-2-g-x-10-szt-farmina","status":"publish","type":"product","link":"https:\/\/wegeblw.pl\/index.php\/produkt\/czopki-glicerynowe-2-g-x-10-szt-farmina\/","title":{"rendered":"Czopki Glicerynowe 2 G X 10 Szt (Farmina)"},"content":{"rendered":"<p>Dzia\u0142anie: Biotyna wp\u0142ywa korzystnie na stan sk\u00f3ry i w\u0142os\u00f3w, pomaga zachowa\u0107 zdrow\u0105 sk\u00f3r\u0119 i w\u0142osy. Preparat uzupe\u0142nia diet\u0119 w biotyn\u0119.Zalecane dawkowanie: 1 tabletk\u0119 1 raz dziennie.Sk\u0142ad: Biotyna &#8211; 5000 ug (10 000% RSW) w 1 tabletce.Producent:Natur Produkt ZdrovitPKWIU 10.89.17.0Rodzaj Suplement dietyEAN 5906204018245BLOZ_07 3473521<\/p>\n<p>Nutrikosmetyki<\/p>\n<p>bor\u00f3wki rakotw\u00f3rcze, orzechy nerkowca 1 kg, szklanka ciep\u0142ej wody na czczo, owoce noni, co to daktyle, sol epson, acerola aliness, jak zneutralizowa\u0107 promieniowanie elektromagnetyczne, kier<\/p>\n<p>yyyyy<\/p>\n","protected":false},"excerpt":{"rendered":"<p>Dzia\u0142anie: Biotyna wp\u0142ywa korzystnie na stan sk\u00f3ry i w\u0142os\u00f3w, pomaga zachowa\u0107 zdrow\u0105 sk\u00f3r\u0119 i w\u0142osy. Preparat uzupe\u0142nia diet\u0119 w biotyn\u0119.Zalecane&hellip;<\/p>\n","protected":false},"featured_media":6252,"comment_status":"closed","ping_status":"open","template":"","meta":[],"product_cat":[44],"product_tag":[671,858,879,789,646],"class_list":["post-6251","product","type-product","status-publish","has-post-thumbnail","hentry","product_cat-uklad-pokarmowy","product_tag-jogurt-bez-mleka","product_tag-majonez-vitapol","product_tag-makaron-konjak","product_tag-pestki-granatu","product_tag-slodycze-weganskie"],"_links":{"self":[{"href":"https:\/\/wegeblw.pl\/index.php\/wp-json\/wp\/v2\/product\/6251","targetHints":{"allow":["GET"]}}],"collection":[{"href":"https:\/\/wegeblw.pl\/index.php\/wp-json\/wp\/v2\/product"}],"about":[{"href":"https:\/\/wegeblw.pl\/index.php\/wp-json\/wp\/v2\/types\/product"}],"replies":[{"embeddable":true,"href":"https:\/\/wegeblw.pl\/index.php\/wp-json\/wp\/v2\/comments?post=6251"}],"wp:featuredmedia":[{"embeddable":true,"href":"https:\/\/wegeblw.pl\/index.php\/wp-json\/wp\/v2\/media\/6252"}],"wp:attachment":[{"href":"https:\/\/wegeblw.pl\/index.php\/wp-json\/wp\/v2\/media?parent=6251"}],"wp:term":[{"taxonomy":"product_cat","embeddable":true,"href":"https:\/\/wegeblw.pl\/index.php\/wp-json\/wp\/v2\/product_cat?post=6251"},{"taxonomy":"product_tag","embeddable":true,"href":"https:\/\/wegeblw.pl\/index.php\/wp-json\/wp\/v2\/product_tag?post=6251"}],"curies":[{"name":"wp","href":"https:\/\/api.w.org\/{rel}","templated":true}]}}