{"id":6253,"date":"2018-02-16T13:05:11","date_gmt":"2018-02-16T12:05:11","guid":{"rendered":"https:\/\/wegeblw.pl\/index.php\/produkt\/avilin-gastro-plyn-do-uzytku-wewnetrznego-110-ml\/"},"modified":"2026-04-08T19:33:42","modified_gmt":"2026-04-08T17:33:42","slug":"avilin-gastro-plyn-do-uzytku-wewnetrznego-110-ml","status":"publish","type":"product","link":"https:\/\/wegeblw.pl\/index.php\/produkt\/avilin-gastro-plyn-do-uzytku-wewnetrznego-110-ml\/","title":{"rendered":"AVILIN Gastro p\u0142yn do u\u017cytku wewn\u0119trznego 110 ml"},"content":{"rendered":"<p>Woda Kwiatowa Hydrolat z Mi\u0119ty Kej<\/p>\n<p>Toniki i hydrolaty do twarzy<\/p>\n<p>mleko kokosowe w proszku, cukier waniliowy, krem na odparzenia dla niemowl\u0105t, herbata krwawnik, krosno pu\u017caka, madara krem, mgie\u0142ka solankowa jak u\u017cywa\u0107, do czego s\u0142u\u017cy kubek menstruacyjny, tw\u00f3j cel to biotyna efekty, czekolada ritter, produkty z konopii z czech, ma\u015b\u0107 alpenkrauter-emulsion zastosowanie, mas\u0142o orzechowe ig<\/p>\n<p>yyyyy<\/p>\n","protected":false},"excerpt":{"rendered":"<p>Woda Kwiatowa Hydrolat z Mi\u0119ty Kej Toniki i hydrolaty do twarzy mleko kokosowe w proszku, cukier waniliowy, krem na odparzenia&hellip;<\/p>\n","protected":false},"featured_media":6254,"comment_status":"closed","ping_status":"open","template":"","meta":[],"product_cat":[44],"product_tag":[731,738,649,750,701],"class_list":["post-6253","product","type-product","status-publish","has-post-thumbnail","hentry","product_cat-uklad-pokarmowy","product_tag-margaryna-bez-oleju-palmowego","product_tag-mieso-bio","product_tag-organic24","product_tag-pasta-tahini-do-czego","product_tag-produkty-klasztorne"],"_links":{"self":[{"href":"https:\/\/wegeblw.pl\/index.php\/wp-json\/wp\/v2\/product\/6253","targetHints":{"allow":["GET"]}}],"collection":[{"href":"https:\/\/wegeblw.pl\/index.php\/wp-json\/wp\/v2\/product"}],"about":[{"href":"https:\/\/wegeblw.pl\/index.php\/wp-json\/wp\/v2\/types\/product"}],"replies":[{"embeddable":true,"href":"https:\/\/wegeblw.pl\/index.php\/wp-json\/wp\/v2\/comments?post=6253"}],"wp:featuredmedia":[{"embeddable":true,"href":"https:\/\/wegeblw.pl\/index.php\/wp-json\/wp\/v2\/media\/6254"}],"wp:attachment":[{"href":"https:\/\/wegeblw.pl\/index.php\/wp-json\/wp\/v2\/media?parent=6253"}],"wp:term":[{"taxonomy":"product_cat","embeddable":true,"href":"https:\/\/wegeblw.pl\/index.php\/wp-json\/wp\/v2\/product_cat?post=6253"},{"taxonomy":"product_tag","embeddable":true,"href":"https:\/\/wegeblw.pl\/index.php\/wp-json\/wp\/v2\/product_tag?post=6253"}],"curies":[{"name":"wp","href":"https:\/\/api.w.org\/{rel}","templated":true}]}}