{"id":6283,"date":"2021-06-19T20:45:46","date_gmt":"2021-06-19T18:45:46","guid":{"rendered":"https:\/\/wegeblw.pl\/index.php\/produkt\/flos-ziele-tysiacznika-ziola-do-zaparzania-50g\/"},"modified":"2026-04-08T08:04:21","modified_gmt":"2026-04-08T06:04:21","slug":"flos-ziele-tysiacznika-ziola-do-zaparzania-50g","status":"publish","type":"product","link":"https:\/\/wegeblw.pl\/index.php\/produkt\/flos-ziele-tysiacznika-ziola-do-zaparzania-50g\/","title":{"rendered":"FLOS ZIELE TYSI\u0104CZNIKA zio\u0142a do zaparzania 50g"},"content":{"rendered":"<p>Okulary S\u0142oneczne Burberry<\/p>\n<p>Okulary przeciws\u0142oneczne damskie<\/p>\n<p>tapoka, czosnek nied\u017awiedzi kiedy ro\u015bnie, placki dla cukrzyk\u00f3w, fasola mung cena, platki musli, kaczka polska, hunan, imbir na kaszel<\/p>\n<p>yyyyy<\/p>\n","protected":false},"excerpt":{"rendered":"<p>Okulary S\u0142oneczne Burberry Okulary przeciws\u0142oneczne damskie tapoka, czosnek nied\u017awiedzi kiedy ro\u015bnie, placki dla cukrzyk\u00f3w, fasola mung cena, platki musli, kaczka&hellip;<\/p>\n","protected":false},"featured_media":6284,"comment_status":"closed","ping_status":"open","template":"","meta":[],"product_cat":[41],"product_tag":[692,672,665,707],"class_list":["post-6283","product","type-product","status-publish","has-post-thumbnail","hentry","product_cat-ziola-i-herbaty-lecznicze","product_tag-jelito-drazliwe","product_tag-makaron-zero-kalorii","product_tag-weganskie-mieso","product_tag-wege-mieso"],"_links":{"self":[{"href":"https:\/\/wegeblw.pl\/index.php\/wp-json\/wp\/v2\/product\/6283","targetHints":{"allow":["GET"]}}],"collection":[{"href":"https:\/\/wegeblw.pl\/index.php\/wp-json\/wp\/v2\/product"}],"about":[{"href":"https:\/\/wegeblw.pl\/index.php\/wp-json\/wp\/v2\/types\/product"}],"replies":[{"embeddable":true,"href":"https:\/\/wegeblw.pl\/index.php\/wp-json\/wp\/v2\/comments?post=6283"}],"wp:featuredmedia":[{"embeddable":true,"href":"https:\/\/wegeblw.pl\/index.php\/wp-json\/wp\/v2\/media\/6284"}],"wp:attachment":[{"href":"https:\/\/wegeblw.pl\/index.php\/wp-json\/wp\/v2\/media?parent=6283"}],"wp:term":[{"taxonomy":"product_cat","embeddable":true,"href":"https:\/\/wegeblw.pl\/index.php\/wp-json\/wp\/v2\/product_cat?post=6283"},{"taxonomy":"product_tag","embeddable":true,"href":"https:\/\/wegeblw.pl\/index.php\/wp-json\/wp\/v2\/product_tag?post=6283"}],"curies":[{"name":"wp","href":"https:\/\/api.w.org\/{rel}","templated":true}]}}