{"id":6297,"date":"2023-03-01T23:40:38","date_gmt":"2023-03-01T22:40:38","guid":{"rendered":"https:\/\/wegeblw.pl\/?post_type=product&#038;p=6297"},"modified":"2026-04-10T00:27:00","modified_gmt":"2026-04-09T22:27:00","slug":"becton-dickinson-bd-micro-fine-u-100-05ml-30g-030-x-8mm-100szt","status":"publish","type":"product","link":"https:\/\/wegeblw.pl\/index.php\/produkt\/becton-dickinson-bd-micro-fine-u-100-05ml-30g-030-x-8mm-100szt\/","title":{"rendered":"Becton Dickinson Bd Micro-Fine + U-100 0,5Ml 30G 0,30 X 8Mm 100Szt"},"content":{"rendered":"<p>Nadaj swojej sk\u00f3rze br\u0105zow\u0105 i d\u0142ugotrwa\u0142\u0105 opalenizn\u0119. Mas\u0142o do opalania Vivaco SUN z organicznym olejem arganowym chroni sk\u00f3r\u0119 przed wysuszeniem i przedwczesnym starzeniem si\u0119 podczas opalania. Beta-karoten wspomaga intensywne, szybkie i d\u0142ugotrwa\u0142e opalanie sk\u00f3ry. Zmi\u0119kczaj\u0105ce olejki z olejem arganowym i witamin\u0105 E chroni\u0105 przed wysuszeniem i starzeniem si\u0119 sk\u00f3ry. Wodoodporny. W kontakcie ze sk\u00f3r\u0105 mas\u0142o zamienia si\u0119 w olej i dzi\u0119ki temu bardzo \u0142atwo si\u0119 rozprowadza. Spos\u00f3b u\u017cycia: Nanie\u015b odpowiedni\u0105 ilo\u015b\u0107 kremu przeciws\u0142onecznego na sk\u00f3r\u0119 wystawion\u0105 na dzia\u0142anie promieni s\u0142onecznych. Aplikuj przed opalaniem. Aby zachowa\u0107 ochron\u0119, aplikacj\u0119 nale\u017cy powtarza\u0107, szczeg\u00f3lnie podczas pocenia si\u0119, po k\u0105pieli lub wytarciu r\u0119cznikiem. Sk\u0142adniki: wazelina, oktokrylen, benzoesan alkilu C12-15, oktyzalan, metoksydibenzoilometan butylu, etyloheksylodimetyl PABA, olej z j\u0105der arganii spinosa, olej kokosowy Nucifera, fenoksyetanol, octan tokoferylu, beta-karoten, pantenol, parafenol<\/p>\n<p>Kosmetyki do opalania<\/p>\n<p>naturalne \u015brodki na komary, rillettes wieprzowe, czerwona ma\u0142pa, m\u0105ka sklep, chrupki kukurydziane w czekoladzie, bioodpady co to, szybk\u0105 regeneracja w\u0105troby, kasz\u0105 bulgur przepis, sa\u0142atka z mix sa\u0142at ze s\u0142onecznikiem, konopia siewna w\u0142a\u015bciwo\u015bci, henna khadi z\u0142oty blond, zsiad\u0142e mleko kcal, cynk 15 mg<\/p>\n<p>yyyyy<\/p>\n","protected":false},"excerpt":{"rendered":"<p>Nadaj swojej sk\u00f3rze br\u0105zow\u0105 i d\u0142ugotrwa\u0142\u0105 opalenizn\u0119. Mas\u0142o do opalania Vivaco SUN z organicznym olejem arganowym chroni sk\u00f3r\u0119 przed wysuszeniem&hellip;<\/p>\n","protected":false},"featured_media":6298,"comment_status":"closed","ping_status":"open","template":"","meta":[],"product_cat":[162],"product_tag":[863,656,817,781],"class_list":["post-6297","product","type-product","status-publish","has-post-thumbnail","hentry","product_cat-wyposazenie-medyczne","product_tag-antidotum","product_tag-ekologiczne-mieso","product_tag-niepasteryzowane-mleko","product_tag-primabiotic-collagen"],"_links":{"self":[{"href":"https:\/\/wegeblw.pl\/index.php\/wp-json\/wp\/v2\/product\/6297","targetHints":{"allow":["GET"]}}],"collection":[{"href":"https:\/\/wegeblw.pl\/index.php\/wp-json\/wp\/v2\/product"}],"about":[{"href":"https:\/\/wegeblw.pl\/index.php\/wp-json\/wp\/v2\/types\/product"}],"replies":[{"embeddable":true,"href":"https:\/\/wegeblw.pl\/index.php\/wp-json\/wp\/v2\/comments?post=6297"}],"wp:featuredmedia":[{"embeddable":true,"href":"https:\/\/wegeblw.pl\/index.php\/wp-json\/wp\/v2\/media\/6298"}],"wp:attachment":[{"href":"https:\/\/wegeblw.pl\/index.php\/wp-json\/wp\/v2\/media?parent=6297"}],"wp:term":[{"taxonomy":"product_cat","embeddable":true,"href":"https:\/\/wegeblw.pl\/index.php\/wp-json\/wp\/v2\/product_cat?post=6297"},{"taxonomy":"product_tag","embeddable":true,"href":"https:\/\/wegeblw.pl\/index.php\/wp-json\/wp\/v2\/product_tag?post=6297"}],"curies":[{"name":"wp","href":"https:\/\/api.w.org\/{rel}","templated":true}]}}