{"id":6305,"date":"2024-07-10T01:17:24","date_gmt":"2024-07-09T23:17:24","guid":{"rendered":"https:\/\/wegeblw.pl\/?post_type=product&#038;p=6305"},"modified":"2026-04-07T11:20:16","modified_gmt":"2026-04-07T09:20:16","slug":"igla-12-x-40mm-x1-sztuka","status":"publish","type":"product","link":"https:\/\/wegeblw.pl\/index.php\/produkt\/igla-12-x-40mm-x1-sztuka\/","title":{"rendered":"Ig\u0142a 1,2 x 40mm x1 sztuka"},"content":{"rendered":"<p>Akcesoria i cz\u0119\u015bci modelarskie<\/p>\n<p>acerolla, amarantus do czego, yoko napoj, panko biedronka, shitake, czarna jagoda wroc\u0142aw, groch zolty, olej \u017cywokostowy z gojnikiem wroc\u0142aw, sosy rodzaje<\/p>\n<p>yyyyy<\/p>\n","protected":false},"excerpt":{"rendered":"<p>Akcesoria i cz\u0119\u015bci modelarskie acerolla, amarantus do czego, yoko napoj, panko biedronka, shitake, czarna jagoda wroc\u0142aw, groch zolty, olej \u017cywokostowy&hellip;<\/p>\n","protected":false},"featured_media":6306,"comment_status":"closed","ping_status":"open","template":"","meta":[],"product_cat":[162],"product_tag":[863,762,628,836,693],"class_list":["post-6305","product","type-product","status-publish","has-post-thumbnail","hentry","product_cat-wyposazenie-medyczne","product_tag-antidotum","product_tag-cynamon-cejlonski","product_tag-mieso-roslinne","product_tag-senkacz","product_tag-serek-kremowy"],"_links":{"self":[{"href":"https:\/\/wegeblw.pl\/index.php\/wp-json\/wp\/v2\/product\/6305","targetHints":{"allow":["GET"]}}],"collection":[{"href":"https:\/\/wegeblw.pl\/index.php\/wp-json\/wp\/v2\/product"}],"about":[{"href":"https:\/\/wegeblw.pl\/index.php\/wp-json\/wp\/v2\/types\/product"}],"replies":[{"embeddable":true,"href":"https:\/\/wegeblw.pl\/index.php\/wp-json\/wp\/v2\/comments?post=6305"}],"wp:featuredmedia":[{"embeddable":true,"href":"https:\/\/wegeblw.pl\/index.php\/wp-json\/wp\/v2\/media\/6306"}],"wp:attachment":[{"href":"https:\/\/wegeblw.pl\/index.php\/wp-json\/wp\/v2\/media?parent=6305"}],"wp:term":[{"taxonomy":"product_cat","embeddable":true,"href":"https:\/\/wegeblw.pl\/index.php\/wp-json\/wp\/v2\/product_cat?post=6305"},{"taxonomy":"product_tag","embeddable":true,"href":"https:\/\/wegeblw.pl\/index.php\/wp-json\/wp\/v2\/product_tag?post=6305"}],"curies":[{"name":"wp","href":"https:\/\/api.w.org\/{rel}","templated":true}]}}