{"id":6309,"date":"2022-07-20T14:32:13","date_gmt":"2022-07-20T12:32:13","guid":{"rendered":"https:\/\/wegeblw.pl\/index.php\/produkt\/artsana-bandaz-elastyczny-pic-solution-na-nadgarstki-i-kostki-1-szt\/"},"modified":"2026-04-16T00:03:49","modified_gmt":"2026-04-15T22:03:49","slug":"artsana-bandaz-elastyczny-pic-solution-na-nadgarstki-i-kostki-1-szt","status":"publish","type":"product","link":"https:\/\/wegeblw.pl\/index.php\/produkt\/artsana-bandaz-elastyczny-pic-solution-na-nadgarstki-i-kostki-1-szt\/","title":{"rendered":"Artsana Banda\u017c Elastyczny Pic Solution Na Nadgarstki i Kostki 1 szt"},"content":{"rendered":"<p>Suplementy na odchudzanie<\/p>\n<p>mleka ro\u015blinne, tortilla pszenna, babalski sklep, zepsuty ocet jab\u0142kowy, chrupki pizza, kostki roso\u0142owe bio<\/p>\n<p>yyyyy<\/p>\n","protected":false},"excerpt":{"rendered":"<p>Suplementy na odchudzanie mleka ro\u015blinne, tortilla pszenna, babalski sklep, zepsuty ocet jab\u0142kowy, chrupki pizza, kostki roso\u0142owe bio yyyyy<\/p>\n","protected":false},"featured_media":6310,"comment_status":"closed","ping_status":"open","template":"","meta":[],"product_cat":[103],"product_tag":[812,833,851],"class_list":["post-6309","product","type-product","status-publish","has-post-thumbnail","hentry","product_cat-apteczki-i-materialy-opatrunkowe","product_tag-bigos-wegetarianski-z-soczewica","product_tag-maka-orkiszowa","product_tag-warzywa-online"],"_links":{"self":[{"href":"https:\/\/wegeblw.pl\/index.php\/wp-json\/wp\/v2\/product\/6309","targetHints":{"allow":["GET"]}}],"collection":[{"href":"https:\/\/wegeblw.pl\/index.php\/wp-json\/wp\/v2\/product"}],"about":[{"href":"https:\/\/wegeblw.pl\/index.php\/wp-json\/wp\/v2\/types\/product"}],"replies":[{"embeddable":true,"href":"https:\/\/wegeblw.pl\/index.php\/wp-json\/wp\/v2\/comments?post=6309"}],"wp:featuredmedia":[{"embeddable":true,"href":"https:\/\/wegeblw.pl\/index.php\/wp-json\/wp\/v2\/media\/6310"}],"wp:attachment":[{"href":"https:\/\/wegeblw.pl\/index.php\/wp-json\/wp\/v2\/media?parent=6309"}],"wp:term":[{"taxonomy":"product_cat","embeddable":true,"href":"https:\/\/wegeblw.pl\/index.php\/wp-json\/wp\/v2\/product_cat?post=6309"},{"taxonomy":"product_tag","embeddable":true,"href":"https:\/\/wegeblw.pl\/index.php\/wp-json\/wp\/v2\/product_tag?post=6309"}],"curies":[{"name":"wp","href":"https:\/\/api.w.org\/{rel}","templated":true}]}}