{"id":6319,"date":"2025-02-22T14:26:09","date_gmt":"2025-02-22T13:26:09","guid":{"rendered":"https:\/\/wegeblw.pl\/?post_type=product&#038;p=6319"},"modified":"2026-04-07T08:15:25","modified_gmt":"2026-04-07T06:15:25","slug":"artsana-opaska-dziana-pic-solution-na-palce-1-szt","status":"publish","type":"product","link":"https:\/\/wegeblw.pl\/index.php\/produkt\/artsana-opaska-dziana-pic-solution-na-palce-1-szt\/","title":{"rendered":"Artsana Opaska dziana Pic Solution na palce 1 szt."},"content":{"rendered":"<p>Dermokosmetyki<\/p>\n<p>czy oliwki ze s\u0142oika sa zdrowe, myd\u0142o siarkowe rossmann, przyprawa do miesa, chlorek magnezu sze\u015bciowodny dawkowanie, farba do w\u0142os\u00f3w czekoladowy br\u0105z, olimp vita min plus dla kobiet, moroszka, deser mleczny, kawa ziarnista orlen, biotyna tabletki opinie, ekoziele, www.wodaredox.com, superfood lista<\/p>\n<p>yyyyy<\/p>\n","protected":false},"excerpt":{"rendered":"<p>Dermokosmetyki czy oliwki ze s\u0142oika sa zdrowe, myd\u0142o siarkowe rossmann, przyprawa do miesa, chlorek magnezu sze\u015bciowodny dawkowanie, farba do w\u0142os\u00f3w&hellip;<\/p>\n","protected":false},"featured_media":6320,"comment_status":"closed","ping_status":"open","template":"","meta":[],"product_cat":[103],"product_tag":[643,814,666,833,695],"class_list":["post-6319","product","type-product","status-publish","has-post-thumbnail","hentry","product_cat-apteczki-i-materialy-opatrunkowe","product_tag-jak-ugotowac-komose","product_tag-kotlet-linda-mccartney","product_tag-lody-haagen-dazs","product_tag-maka-orkiszowa","product_tag-zupa-krem-pomidorowa"],"_links":{"self":[{"href":"https:\/\/wegeblw.pl\/index.php\/wp-json\/wp\/v2\/product\/6319","targetHints":{"allow":["GET"]}}],"collection":[{"href":"https:\/\/wegeblw.pl\/index.php\/wp-json\/wp\/v2\/product"}],"about":[{"href":"https:\/\/wegeblw.pl\/index.php\/wp-json\/wp\/v2\/types\/product"}],"replies":[{"embeddable":true,"href":"https:\/\/wegeblw.pl\/index.php\/wp-json\/wp\/v2\/comments?post=6319"}],"wp:featuredmedia":[{"embeddable":true,"href":"https:\/\/wegeblw.pl\/index.php\/wp-json\/wp\/v2\/media\/6320"}],"wp:attachment":[{"href":"https:\/\/wegeblw.pl\/index.php\/wp-json\/wp\/v2\/media?parent=6319"}],"wp:term":[{"taxonomy":"product_cat","embeddable":true,"href":"https:\/\/wegeblw.pl\/index.php\/wp-json\/wp\/v2\/product_cat?post=6319"},{"taxonomy":"product_tag","embeddable":true,"href":"https:\/\/wegeblw.pl\/index.php\/wp-json\/wp\/v2\/product_tag?post=6319"}],"curies":[{"name":"wp","href":"https:\/\/api.w.org\/{rel}","templated":true}]}}