{"id":6335,"date":"2021-10-25T11:46:32","date_gmt":"2021-10-25T09:46:32","guid":{"rendered":"https:\/\/wegeblw.pl\/index.php\/produkt\/medtronic-uniwersalna-ladowarka-do-transmiterowmedtronic-mmt-7715\/"},"modified":"2026-04-09T00:19:25","modified_gmt":"2026-04-08T22:19:25","slug":"medtronic-uniwersalna-ladowarka-do-transmiterowmedtronic-mmt-7715","status":"publish","type":"product","link":"https:\/\/wegeblw.pl\/index.php\/produkt\/medtronic-uniwersalna-ladowarka-do-transmiterowmedtronic-mmt-7715\/","title":{"rendered":"Medtronic Uniwersalna \u0141adowarka Do Transmiter\u00f3wmedtronic (Mmt-7715)"},"content":{"rendered":"<p>ETUI FUTERA\u0141 NA DZIECI\u0118CEOKULARY SC-10A<\/p>\n<p>Akcesoria do okular\u00f3w<\/p>\n<p>l theanina, sheik bananowy, chleb na proszku do pieczenia, b 50, ketchup premium, m\u0105ka razowa cena, galart, chleb orkiszowy na zakwasie<\/p>\n<p>yyyyy<\/p>\n","protected":false},"excerpt":{"rendered":"<p>ETUI FUTERA\u0141 NA DZIECI\u0118CEOKULARY SC-10A Akcesoria do okular\u00f3w l theanina, sheik bananowy, chleb na proszku do pieczenia, b 50, ketchup&hellip;<\/p>\n","protected":false},"featured_media":6336,"comment_status":"closed","ping_status":"open","template":"","meta":[],"product_cat":[168],"product_tag":[744,709,724,696],"class_list":["post-6335","product","type-product","status-publish","has-post-thumbnail","hentry","product_cat-glukometry-i-akcesoria-dla-diabetykow","product_tag-haagen-dazs","product_tag-maka-orkiszowa-zastosowanie","product_tag-siarczyny-w-winie","product_tag-vitapol-majonez-domowy"],"_links":{"self":[{"href":"https:\/\/wegeblw.pl\/index.php\/wp-json\/wp\/v2\/product\/6335","targetHints":{"allow":["GET"]}}],"collection":[{"href":"https:\/\/wegeblw.pl\/index.php\/wp-json\/wp\/v2\/product"}],"about":[{"href":"https:\/\/wegeblw.pl\/index.php\/wp-json\/wp\/v2\/types\/product"}],"replies":[{"embeddable":true,"href":"https:\/\/wegeblw.pl\/index.php\/wp-json\/wp\/v2\/comments?post=6335"}],"wp:featuredmedia":[{"embeddable":true,"href":"https:\/\/wegeblw.pl\/index.php\/wp-json\/wp\/v2\/media\/6336"}],"wp:attachment":[{"href":"https:\/\/wegeblw.pl\/index.php\/wp-json\/wp\/v2\/media?parent=6335"}],"wp:term":[{"taxonomy":"product_cat","embeddable":true,"href":"https:\/\/wegeblw.pl\/index.php\/wp-json\/wp\/v2\/product_cat?post=6335"},{"taxonomy":"product_tag","embeddable":true,"href":"https:\/\/wegeblw.pl\/index.php\/wp-json\/wp\/v2\/product_tag?post=6335"}],"curies":[{"name":"wp","href":"https:\/\/api.w.org\/{rel}","templated":true}]}}