{"id":6337,"date":"2023-01-16T14:48:26","date_gmt":"2023-01-16T13:48:26","guid":{"rendered":"https:\/\/wegeblw.pl\/?post_type=product&#038;p=6337"},"modified":"2026-04-08T22:38:21","modified_gmt":"2026-04-08T20:38:21","slug":"aries-avicenum-diafit-premium-skarpety-dla-diabetykow-8002-brazowy-41-44","status":"publish","type":"product","link":"https:\/\/wegeblw.pl\/index.php\/produkt\/aries-avicenum-diafit-premium-skarpety-dla-diabetykow-8002-brazowy-41-44\/","title":{"rendered":"Aries Avicenum DiaFit PREMIUM skarpety dla diabetyk\u00f3w 8002 br\u0105zowy 41-44"},"content":{"rendered":"<p>Dlaczego je\u017adzimy do Zakopanego? Bo wszyscy je\u017cd\u017c\u0105 do Zakopanego. A wszyscy je\u017cd\u017c\u0105 do Zakopanego, bo Zakopane jest jedyne na \u015bwiecie, prawdziwie polskie, mo\u017ce tu si\u0119 wyleczy\u0107 i zabawi\u0107, wykaza\u0107 dzielno\u015b\u0107 \u201ezdobywaj\u0105c\u201d Tatry i podziwia\u0107 unikatow\u0105 kultur\u0119 ludow\u0105, niespotykany gdzie indziej styl budownictwa, spotka\u0107 ministr\u00f3w, piosenkarzy i pisarzy i porusza\u0107 si\u0119 szlakami, kt\u00f3rymi przed nami pod\u0105\u017cali wszyscy wielcy Polacy i nie tylko Polacy. A zatem poczu\u0107 si\u0119 troszk\u0119 nimi. Prawda? Nieprawda? Mit\u2026Al&#8230;<\/p>\n<p>Powie\u015bci i opowiadania<\/p>\n<p>zainwestuj\u0119 w startup, paj\u0105czek podobny do kleszcza, twar\u00f3g z mleka sojowego, konfitura z jagody kamczackiej, \u017curek piskorek, cannabigold classic, koenzym q10, kt\u00f3ry wybra\u0107<\/p>\n<p>yyyyy<\/p>\n","protected":false},"excerpt":{"rendered":"<p>Dlaczego je\u017adzimy do Zakopanego? Bo wszyscy je\u017cd\u017c\u0105 do Zakopanego. A wszyscy je\u017cd\u017c\u0105 do Zakopanego, bo Zakopane jest jedyne na \u015bwiecie,&hellip;<\/p>\n","protected":false},"featured_media":6338,"comment_status":"closed","ping_status":"open","template":"","meta":[],"product_cat":[168],"product_tag":[749,802,623,785],"class_list":["post-6337","product","type-product","status-publish","has-post-thumbnail","hentry","product_cat-glukometry-i-akcesoria-dla-diabetykow","product_tag-cynamon-cejlonski-wlasciwosci","product_tag-czy-pestki-granatu-sa-jadalne","product_tag-mleko-roslinne","product_tag-riyal-green"],"_links":{"self":[{"href":"https:\/\/wegeblw.pl\/index.php\/wp-json\/wp\/v2\/product\/6337","targetHints":{"allow":["GET"]}}],"collection":[{"href":"https:\/\/wegeblw.pl\/index.php\/wp-json\/wp\/v2\/product"}],"about":[{"href":"https:\/\/wegeblw.pl\/index.php\/wp-json\/wp\/v2\/types\/product"}],"replies":[{"embeddable":true,"href":"https:\/\/wegeblw.pl\/index.php\/wp-json\/wp\/v2\/comments?post=6337"}],"wp:featuredmedia":[{"embeddable":true,"href":"https:\/\/wegeblw.pl\/index.php\/wp-json\/wp\/v2\/media\/6338"}],"wp:attachment":[{"href":"https:\/\/wegeblw.pl\/index.php\/wp-json\/wp\/v2\/media?parent=6337"}],"wp:term":[{"taxonomy":"product_cat","embeddable":true,"href":"https:\/\/wegeblw.pl\/index.php\/wp-json\/wp\/v2\/product_cat?post=6337"},{"taxonomy":"product_tag","embeddable":true,"href":"https:\/\/wegeblw.pl\/index.php\/wp-json\/wp\/v2\/product_tag?post=6337"}],"curies":[{"name":"wp","href":"https:\/\/api.w.org\/{rel}","templated":true}]}}