{"id":6353,"date":"2018-02-15T15:36:17","date_gmt":"2018-02-15T14:36:17","guid":{"rendered":"https:\/\/wegeblw.pl\/index.php\/produkt\/promisemed-igly-do-penow-verifine-6mm-x-025mm-31g\/"},"modified":"2026-04-10T03:53:56","modified_gmt":"2026-04-10T01:53:56","slug":"promisemed-igly-do-penow-verifine-6mm-x-025mm-31g","status":"publish","type":"product","link":"https:\/\/wegeblw.pl\/index.php\/produkt\/promisemed-igly-do-penow-verifine-6mm-x-025mm-31g\/","title":{"rendered":"Promisemed Ig\u0142y do pen\u00f3w VeriFine 6mm x 025mm (31G)"},"content":{"rendered":"<p>Air Optix + Hg for Astigmatism 3 -10,00; -2,25 140<\/p>\n<p>Soczewki kontaktowe<\/p>\n<p>gold vit d3 k2 4000, cukier a cukier puder, melasa z trzciny cukrowej w\u0142a\u015bciwo\u015bci, \u017celazo kwas foliowy, ile gotuje si\u0119 kasza j\u0119czmienna, yerba mate palo santo, korze\u0144 traganka b\u0142oniastego, wyst\u0119powanie witaminy d<\/p>\n<p>yyyyy<\/p>\n","protected":false},"excerpt":{"rendered":"<p>Air Optix + Hg for Astigmatism 3 -10,00; -2,25 140 Soczewki kontaktowe gold vit d3 k2 4000, cukier a cukier&hellip;<\/p>\n","protected":false},"featured_media":6354,"comment_status":"closed","ping_status":"open","template":"","meta":[],"product_cat":[168],"product_tag":[643,770,833],"class_list":["post-6353","product","type-product","status-publish","has-post-thumbnail","hentry","product_cat-glukometry-i-akcesoria-dla-diabetykow","product_tag-jak-ugotowac-komose","product_tag-komosa-ryzowa-gotowanie","product_tag-maka-orkiszowa"],"_links":{"self":[{"href":"https:\/\/wegeblw.pl\/index.php\/wp-json\/wp\/v2\/product\/6353","targetHints":{"allow":["GET"]}}],"collection":[{"href":"https:\/\/wegeblw.pl\/index.php\/wp-json\/wp\/v2\/product"}],"about":[{"href":"https:\/\/wegeblw.pl\/index.php\/wp-json\/wp\/v2\/types\/product"}],"replies":[{"embeddable":true,"href":"https:\/\/wegeblw.pl\/index.php\/wp-json\/wp\/v2\/comments?post=6353"}],"wp:featuredmedia":[{"embeddable":true,"href":"https:\/\/wegeblw.pl\/index.php\/wp-json\/wp\/v2\/media\/6354"}],"wp:attachment":[{"href":"https:\/\/wegeblw.pl\/index.php\/wp-json\/wp\/v2\/media?parent=6353"}],"wp:term":[{"taxonomy":"product_cat","embeddable":true,"href":"https:\/\/wegeblw.pl\/index.php\/wp-json\/wp\/v2\/product_cat?post=6353"},{"taxonomy":"product_tag","embeddable":true,"href":"https:\/\/wegeblw.pl\/index.php\/wp-json\/wp\/v2\/product_tag?post=6353"}],"curies":[{"name":"wp","href":"https:\/\/api.w.org\/{rel}","templated":true}]}}