{"id":6399,"date":"2021-03-21T15:12:32","date_gmt":"2021-03-21T14:12:32","guid":{"rendered":"https:\/\/wegeblw.pl\/index.php\/produkt\/boiron-stannum-metalicum-9ch-4-g\/"},"modified":"2026-04-07T07:53:32","modified_gmt":"2026-04-07T05:53:32","slug":"boiron-stannum-metalicum-9ch-4-g","status":"publish","type":"product","link":"https:\/\/wegeblw.pl\/index.php\/produkt\/boiron-stannum-metalicum-9ch-4-g\/","title":{"rendered":"Boiron Stannum Metalicum 9CH 4 g"},"content":{"rendered":"<p>ALL-IN Zestaw akcesori\u00f3wszyna teleskopowastal szlachetna340-540 x 173 x 27 mmBambusowa deska do krojeniadrewno bambusowe320 x 200 x 18 mmDu\u017ca wk\u0142adka ociekowatworzywo sztuczne Sanitized297 x 173 x 95 mm<\/p>\n<p>Wk\u0142adki ociekowe<\/p>\n<p>ciastka ma\u015blane, jak zrobi\u0107 siemie lniane do picia, co\u015b na zdrowie, ksylitor, healthlabs newme, soda oczyszczona ocet co powstaje, m\u0105ka chleba \u015bwi\u0119toja\u0144skiego, 100 gr cukru, komosy, figi w syropie, batony be raw, bania agafii maska, pure collagen, cynamon a zdrowie, sans, czekolada bia\u0142a, olej z awokado gdzie kupi\u0107, lizaki dinozaury<\/p>\n<p><a href=\"https:\/\/programdiety.pl\/\/wiedza\/przykladowy-jadlospis-diety-bezmlecznej,412\" rel=\"nofollow\">dieta bez nabia\u0142u<\/a><\/p>\n","protected":false},"excerpt":{"rendered":"<p>ALL-IN Zestaw akcesori\u00f3wszyna teleskopowastal szlachetna340-540 x 173 x 27 mmBambusowa deska do krojeniadrewno bambusowe320 x 200 x 18 mmDu\u017ca wk\u0142adka&hellip;<\/p>\n","protected":false},"featured_media":6400,"comment_status":"closed","ping_status":"open","template":"","meta":[],"product_cat":[101],"product_tag":[742,758,720,633,680],"class_list":["post-6399","product","type-product","status-publish","has-post-thumbnail","hentry","product_cat-homeopatia","product_tag-beyond-meat-warszawa","product_tag-bulki","product_tag-komose","product_tag-maka-migdalowa","product_tag-smietana-kwasna"],"_links":{"self":[{"href":"https:\/\/wegeblw.pl\/index.php\/wp-json\/wp\/v2\/product\/6399","targetHints":{"allow":["GET"]}}],"collection":[{"href":"https:\/\/wegeblw.pl\/index.php\/wp-json\/wp\/v2\/product"}],"about":[{"href":"https:\/\/wegeblw.pl\/index.php\/wp-json\/wp\/v2\/types\/product"}],"replies":[{"embeddable":true,"href":"https:\/\/wegeblw.pl\/index.php\/wp-json\/wp\/v2\/comments?post=6399"}],"wp:featuredmedia":[{"embeddable":true,"href":"https:\/\/wegeblw.pl\/index.php\/wp-json\/wp\/v2\/media\/6400"}],"wp:attachment":[{"href":"https:\/\/wegeblw.pl\/index.php\/wp-json\/wp\/v2\/media?parent=6399"}],"wp:term":[{"taxonomy":"product_cat","embeddable":true,"href":"https:\/\/wegeblw.pl\/index.php\/wp-json\/wp\/v2\/product_cat?post=6399"},{"taxonomy":"product_tag","embeddable":true,"href":"https:\/\/wegeblw.pl\/index.php\/wp-json\/wp\/v2\/product_tag?post=6399"}],"curies":[{"name":"wp","href":"https:\/\/api.w.org\/{rel}","templated":true}]}}