{"id":6405,"date":"2019-06-11T12:49:03","date_gmt":"2019-06-11T10:49:03","guid":{"rendered":"https:\/\/wegeblw.pl\/index.php\/produkt\/boiron-pareira-brava-5-ch-granulki-4-g\/"},"modified":"2026-04-15T10:09:24","modified_gmt":"2026-04-15T08:09:24","slug":"boiron-pareira-brava-5-ch-granulki-4-g","status":"publish","type":"product","link":"https:\/\/wegeblw.pl\/index.php\/produkt\/boiron-pareira-brava-5-ch-granulki-4-g\/","title":{"rendered":"BOIRON PAREIRA BRAVA, 5 CH, GRANULKI, 4 G"},"content":{"rendered":"<p>Noble Pharma Vitamin C o smaku porzeczki suplement diety do stosowania dla os\u00f3b doros\u0142ych.<\/p>\n<p>Przezi\u0119bienie i grypa<\/p>\n<p>bezglutenowe kasze, jaja od zielonon\u00f3\u017cek, musli banan czekolada, kapusta kiszona charsznica, guarana proszek, czym zast\u0105pi\u0107 jogurt grecki, przepis na syrop z li\u015bci laurowych, mieta brazylijska, nasiona lnu, steviola, olej rafinowany kokosowy, kozieradka zastosowanie w kuchni, face body, zakupy do domu, eden sklep, deser x<\/p>\n<p>yyyyy<\/p>\n","protected":false},"excerpt":{"rendered":"<p>Noble Pharma Vitamin C o smaku porzeczki suplement diety do stosowania dla os\u00f3b doros\u0142ych. Przezi\u0119bienie i grypa bezglutenowe kasze, jaja&hellip;<\/p>\n","protected":false},"featured_media":6406,"comment_status":"closed","ping_status":"open","template":"","meta":[],"product_cat":[101],"product_tag":[808,666,638,750,781],"class_list":["post-6405","product","type-product","status-publish","has-post-thumbnail","hentry","product_cat-homeopatia","product_tag-ciasto-sekacz","product_tag-lody-haagen-dazs","product_tag-onlybio-odzywka","product_tag-pasta-tahini-do-czego","product_tag-primabiotic-collagen"],"_links":{"self":[{"href":"https:\/\/wegeblw.pl\/index.php\/wp-json\/wp\/v2\/product\/6405","targetHints":{"allow":["GET"]}}],"collection":[{"href":"https:\/\/wegeblw.pl\/index.php\/wp-json\/wp\/v2\/product"}],"about":[{"href":"https:\/\/wegeblw.pl\/index.php\/wp-json\/wp\/v2\/types\/product"}],"replies":[{"embeddable":true,"href":"https:\/\/wegeblw.pl\/index.php\/wp-json\/wp\/v2\/comments?post=6405"}],"wp:featuredmedia":[{"embeddable":true,"href":"https:\/\/wegeblw.pl\/index.php\/wp-json\/wp\/v2\/media\/6406"}],"wp:attachment":[{"href":"https:\/\/wegeblw.pl\/index.php\/wp-json\/wp\/v2\/media?parent=6405"}],"wp:term":[{"taxonomy":"product_cat","embeddable":true,"href":"https:\/\/wegeblw.pl\/index.php\/wp-json\/wp\/v2\/product_cat?post=6405"},{"taxonomy":"product_tag","embeddable":true,"href":"https:\/\/wegeblw.pl\/index.php\/wp-json\/wp\/v2\/product_tag?post=6405"}],"curies":[{"name":"wp","href":"https:\/\/api.w.org\/{rel}","templated":true}]}}