{"id":6421,"date":"2018-10-10T06:15:42","date_gmt":"2018-10-10T04:15:42","guid":{"rendered":"https:\/\/wegeblw.pl\/index.php\/produkt\/boiron-cuprum-arsenicosum-15ch-4-g\/"},"modified":"2026-04-07T03:24:36","modified_gmt":"2026-04-07T01:24:36","slug":"boiron-cuprum-arsenicosum-15ch-4-g","status":"publish","type":"product","link":"https:\/\/wegeblw.pl\/index.php\/produkt\/boiron-cuprum-arsenicosum-15ch-4-g\/","title":{"rendered":"Boiron Cuprum Arsenicosum 15CH 4 g"},"content":{"rendered":"<p>Recomed o smaku latte to \u015brodek zawieraj\u0105cy kompleksowy zestaw witamin i minera\u0142\u00f3w w postaci proszku do rozpuszczania w saszetkach. Preparat zaleca si\u0119 wszystkim osobom, kt\u00f3re chc\u0105 uzupe\u0142ni\u0107 codzienn\u0105 diet\u0119 w powy\u017csze substancje. Produkt ten zaleca si\u0119 stosowa\u0107 pod nadzorem lekarza.Sk\u0142ad:Maltodekstryna, koncentrat bialka serwatkowego (z mleka), aminokwasy (L-izoleucyna, L-leucyna, L-lizyna, L-metionina, L-cysteina, L-fenyloalanina, L-tyrozyna, L-treonina, L-walina) , olej s\u0142onecznikowy, inulina, sk\u0142adniki mineralne (chlorek sodu, cytrynian sodu, chlorek potasu, cytrynian potasu, sole wapniowe kwasu ortofosforowego, sole sodowe kwasu ortofosforowego, sole magnezowe kwasu cytrynowego, siarczan \u017celaza(II), siarczan cynku, siarczan miedzi(ll) , siarczan manganu, selenian(IV) sodu, chlorek chromu(lI), molibde- nian(V) sodu, jodek potasu), witaminy (octan retinylu, cholekalcyferol, octan DL-alfa-tokofe- rylu, filochinon, kwas L-askorbinowy , monoazotan tiaminy, ryboflawina, nikotynamid, chlorowodorek pirydoksyny, kwas foliowy, cyjanokobalamina, D-biotyna, D-pantotenian wapnia), aromaty, substancje s\u0142odz\u0105ce: acesulfam Ki sukraloza; barwnik &#8211; karmel amoniakal- ny.W\u0142a\u015bciwo\u015bci:RecoMed Activlab to kompletne \u017ar\u00f3d\u0142o po\u017cywienia o sk\u0142adzie uwzgl\u0119dniaj\u0105cym zapotrzebowanie organizmu do od\u017cywiania os\u00f3b w okresie rekonwalescencji po chorobie, operacji, niedo\u017cywionych, wyniszczonych. RecoMed zawiera wszystkie niezb\u0119dne sk\u0142adniki od\u017cywcze: bia\u0142ko, w\u0119glowodany, t\u0142uszcz, b\u0142onnik pokarmowy oraz komplet witamin i sk\u0142adnik\u00f3w mineralnych. Skoncentrowana forma produktu u\u0142atwia podawanie i nie obci\u0105\u017ca dodatkowo organizmu chorego.Przeciwwskazania:Nadwra\u017cliwo\u015b\u0107 na kt\u00f3rykolwiek ze sk\u0142adnik\u00f3w preparatu. W okresie ci\u0105\u017cy i karmienia piersi\u0105 przed zastosowaniem nale\u017cy skonsultowa\u0107 si\u0119 z lekarzem lub farmaceut\u0105.Zalecane dzienne spo\u017cycie:Zawarto\u015b\u0107 saszetki rozpu\u015bci\u0107 w 200 ml wody. RecoMed mo\u017ce by\u0107 stosowany jako jedyne \u017ar\u00f3d\u0142o po\u017cywienia (6 porcji dziennie) lub jako uzupe\u0142nienie diety lub jej cz\u0119\u015bciowe zast\u0119powanie (1-3 porcje dziennie).Wa\u017cne informacje:Nie nale\u017cy przekracza\u0107 zalecanej porcji do spo\u017cycia w ci\u0105gu dnia. Suplement diety nie mo\u017ce by\u0107 stosowany jako substytut (zamiennik) zr\u00f3\u017cnicowanej diety ani aktywnego trybu \u017cycia. Utrzymanie prawid\u0142owego stanu zdrowia wymaga zr\u00f3wnowa\u017conego i zr\u00f3\u017cnicowanego od\u017cywiania i prowadzenia zdrowego trybu \u017cycia. Istnieje wiele czynnik\u00f3w ryzyka choroby. Zmiana jednego z tych czynnik\u00f3w ryzyka mo\u017ce wywiera\u0107 korzystny wp\u0142yw lub nie wywiera\u0107 go. Przechowywa\u0107 w spos\u00f3b niedost\u0119pny dla ma\u0142ych dzieci w temperaturze pokojowej.Pojemno\u015b\u0107 opakowania:6 saszetek.Producent:Regis Sp. z o.o.ul.W.S\u0142awka 3A30-633 Krak\u00f3w<\/p>\n<p>Witaminy i minera\u0142y<\/p>\n<p>boraks czysty do analizy, chleb z m\u0105ki \u017cytniej razowej, panierka z m\u0105ki kokosowej, makaron do ramen, groszek zielony, s\u00f3l karnalitowa, wod\u00f3r molekularny, yerba mate a ci\u015bnienie, trampolina ogrodowa zipro, ocet jab\u0142kowy przepis babci, bio slim tabletki cena, pesto z pomidor\u00f3w suszonych, rzepak a gorczyca r\u00f3\u017cnica, zdrow\u0105 \u017cywno\u015b\u0107 sklep online<\/p>\n<p>yyyyy<\/p>\n","protected":false},"excerpt":{"rendered":"<p>Recomed o smaku latte to \u015brodek zawieraj\u0105cy kompleksowy zestaw witamin i minera\u0142\u00f3w w postaci proszku do rozpuszczania w saszetkach. Preparat&hellip;<\/p>\n","protected":false},"featured_media":6422,"comment_status":"closed","ping_status":"open","template":"","meta":[],"product_cat":[101],"product_tag":[873,640,646],"class_list":["post-6421","product","type-product","status-publish","has-post-thumbnail","hentry","product_cat-homeopatia","product_tag-jak-przygotowac-komose-ryzowa","product_tag-siemie-lniane-na-surowo","product_tag-slodycze-weganskie"],"_links":{"self":[{"href":"https:\/\/wegeblw.pl\/index.php\/wp-json\/wp\/v2\/product\/6421","targetHints":{"allow":["GET"]}}],"collection":[{"href":"https:\/\/wegeblw.pl\/index.php\/wp-json\/wp\/v2\/product"}],"about":[{"href":"https:\/\/wegeblw.pl\/index.php\/wp-json\/wp\/v2\/types\/product"}],"replies":[{"embeddable":true,"href":"https:\/\/wegeblw.pl\/index.php\/wp-json\/wp\/v2\/comments?post=6421"}],"wp:featuredmedia":[{"embeddable":true,"href":"https:\/\/wegeblw.pl\/index.php\/wp-json\/wp\/v2\/media\/6422"}],"wp:attachment":[{"href":"https:\/\/wegeblw.pl\/index.php\/wp-json\/wp\/v2\/media?parent=6421"}],"wp:term":[{"taxonomy":"product_cat","embeddable":true,"href":"https:\/\/wegeblw.pl\/index.php\/wp-json\/wp\/v2\/product_cat?post=6421"},{"taxonomy":"product_tag","embeddable":true,"href":"https:\/\/wegeblw.pl\/index.php\/wp-json\/wp\/v2\/product_tag?post=6421"}],"curies":[{"name":"wp","href":"https:\/\/api.w.org\/{rel}","templated":true}]}}