{"id":6437,"date":"2024-07-11T22:49:05","date_gmt":"2024-07-11T20:49:05","guid":{"rendered":"https:\/\/wegeblw.pl\/?post_type=product&#038;p=6437"},"modified":"2026-04-09T16:44:43","modified_gmt":"2026-04-09T14:44:43","slug":"spin-master-spin-psi-patrol-wieza-6053408","status":"publish","type":"product","link":"https:\/\/wegeblw.pl\/index.php\/produkt\/spin-master-spin-psi-patrol-wieza-6053408\/","title":{"rendered":"Spin Master Spin Psi Patrol Wie\u017ca 6053408"},"content":{"rendered":"<p>Suplementy na odchudzanie<\/p>\n<p>mleka ro\u015blinne, tortilla pszenna, babalski sklep, zepsuty ocet jab\u0142kowy, chrupki pizza, kostki roso\u0142owe bio<\/p>\n<p>yyyyy<\/p>\n","protected":false},"excerpt":{"rendered":"<p>Suplementy na odchudzanie mleka ro\u015blinne, tortilla pszenna, babalski sklep, zepsuty ocet jab\u0142kowy, chrupki pizza, kostki roso\u0142owe bio yyyyy<\/p>\n","protected":false},"featured_media":6438,"comment_status":"closed","ping_status":"open","template":"","meta":[],"product_cat":[286],"product_tag":[690,697,761,832],"class_list":["post-6437","product","type-product","status-publish","has-post-thumbnail","hentry","product_cat-parkingi-garaze-i-tory-wyscigowe","product_tag-maka-z-cieciorki","product_tag-osteoporoza-a-banany","product_tag-sklep-ze-zdrowa-zywnoscia-warszawa","product_tag-vitapol-majonez"],"_links":{"self":[{"href":"https:\/\/wegeblw.pl\/index.php\/wp-json\/wp\/v2\/product\/6437","targetHints":{"allow":["GET"]}}],"collection":[{"href":"https:\/\/wegeblw.pl\/index.php\/wp-json\/wp\/v2\/product"}],"about":[{"href":"https:\/\/wegeblw.pl\/index.php\/wp-json\/wp\/v2\/types\/product"}],"replies":[{"embeddable":true,"href":"https:\/\/wegeblw.pl\/index.php\/wp-json\/wp\/v2\/comments?post=6437"}],"wp:featuredmedia":[{"embeddable":true,"href":"https:\/\/wegeblw.pl\/index.php\/wp-json\/wp\/v2\/media\/6438"}],"wp:attachment":[{"href":"https:\/\/wegeblw.pl\/index.php\/wp-json\/wp\/v2\/media?parent=6437"}],"wp:term":[{"taxonomy":"product_cat","embeddable":true,"href":"https:\/\/wegeblw.pl\/index.php\/wp-json\/wp\/v2\/product_cat?post=6437"},{"taxonomy":"product_tag","embeddable":true,"href":"https:\/\/wegeblw.pl\/index.php\/wp-json\/wp\/v2\/product_tag?post=6437"}],"curies":[{"name":"wp","href":"https:\/\/api.w.org\/{rel}","templated":true}]}}