{"id":6443,"date":"2021-10-16T06:03:11","date_gmt":"2021-10-16T04:03:11","guid":{"rendered":"https:\/\/wegeblw.pl\/index.php\/produkt\/powerbank-baseus-bipow-20000mah-15w-ppdml-j01\/"},"modified":"2026-04-10T03:20:43","modified_gmt":"2026-04-10T01:20:43","slug":"powerbank-baseus-bipow-20000mah-15w-ppdml-j01","status":"publish","type":"product","link":"https:\/\/wegeblw.pl\/index.php\/produkt\/powerbank-baseus-bipow-20000mah-15w-ppdml-j01\/","title":{"rendered":"Powerbank Baseus Bipow 20000MAH 15W (PPDML-J01)"},"content":{"rendered":"<p>SVR Topialyse Baume Protect +  regeneruj\u0105cy balsam do sk\u00f3ry suchej i atopowej<\/p>\n<p>Kosmetyki dla dzieci i niemowl\u0105t<\/p>\n<p>ciasteczka kokosowe, kulki miodowe, zapalenie pecherza leczenie, jogurt sojowy, bu\u0142ki bezglutenowe<\/p>\n<p><a href=\"https:\/\/wrolety.pl\/product\/roleta-dachowa\/\" rel=\"nofollow\">rolety okienne dachowe<\/a><\/p>\n","protected":false},"excerpt":{"rendered":"<p>SVR Topialyse Baume Protect + regeneruj\u0105cy balsam do sk\u00f3ry suchej i atopowej Kosmetyki dla dzieci i niemowl\u0105t ciasteczka kokosowe, kulki&hellip;<\/p>\n","protected":false},"featured_media":6444,"comment_status":"closed","ping_status":"open","template":"","meta":[],"product_cat":[447],"product_tag":[794,765,623,804],"class_list":["post-6443","product","type-product","status-publish","has-post-thumbnail","hentry","product_cat-powerbanki","product_tag-awokado-hass","product_tag-makaron-bez-kalorii","product_tag-mleko-roslinne","product_tag-quinoa-jak-gotowac"],"_links":{"self":[{"href":"https:\/\/wegeblw.pl\/index.php\/wp-json\/wp\/v2\/product\/6443","targetHints":{"allow":["GET"]}}],"collection":[{"href":"https:\/\/wegeblw.pl\/index.php\/wp-json\/wp\/v2\/product"}],"about":[{"href":"https:\/\/wegeblw.pl\/index.php\/wp-json\/wp\/v2\/types\/product"}],"replies":[{"embeddable":true,"href":"https:\/\/wegeblw.pl\/index.php\/wp-json\/wp\/v2\/comments?post=6443"}],"wp:featuredmedia":[{"embeddable":true,"href":"https:\/\/wegeblw.pl\/index.php\/wp-json\/wp\/v2\/media\/6444"}],"wp:attachment":[{"href":"https:\/\/wegeblw.pl\/index.php\/wp-json\/wp\/v2\/media?parent=6443"}],"wp:term":[{"taxonomy":"product_cat","embeddable":true,"href":"https:\/\/wegeblw.pl\/index.php\/wp-json\/wp\/v2\/product_cat?post=6443"},{"taxonomy":"product_tag","embeddable":true,"href":"https:\/\/wegeblw.pl\/index.php\/wp-json\/wp\/v2\/product_tag?post=6443"}],"curies":[{"name":"wp","href":"https:\/\/api.w.org\/{rel}","templated":true}]}}