{"id":6455,"date":"2022-09-26T04:05:35","date_gmt":"2022-09-26T02:05:35","guid":{"rendered":"https:\/\/wegeblw.pl\/index.php\/produkt\/euphorbium-sn-30-ml\/"},"modified":"2026-04-28T13:24:06","modified_gmt":"2026-04-28T11:24:06","slug":"euphorbium-sn-30-ml","status":"publish","type":"product","link":"https:\/\/wegeblw.pl\/index.php\/produkt\/euphorbium-sn-30-ml\/","title":{"rendered":"Euphorbium Sn 30 ml"},"content":{"rendered":"<p>Oprawy okularowe Rodenstock<\/p>\n<p>Okulary oprawki i szk\u0142a<\/p>\n<p>zupa miso kcal, vice versa co znaczy, cynk do ssania solgar, cha\u0142wa zdrowa, produkty przemiany materii, czekolada dla diabetyk\u00f3w, sklep babalscy, any\u017c gwia\u017adzisty cena, amarantus indeks glikemiczny, poduszka z p\u0142askurki, skoczylas suplementy diety, oliwa grecka w puszce, czarny bez w ciazy, koenzym q10, kt\u00f3ry wybra\u0107, krokiety z mi\u0119sem i kapust\u0105 bia\u0142a, chleb swietojanski, tabletki z ostropestu, nasiona kolendry<\/p>\n<p><a href=\"https:\/\/aft.pl\/grupy-produktowe\/zasuwy\">zasuwa kana\u0142owa<\/a><\/p>\n","protected":false},"excerpt":{"rendered":"<p>Oprawy okularowe Rodenstock Okulary oprawki i szk\u0142a zupa miso kcal, vice versa co znaczy, cynk do ssania solgar, cha\u0142wa zdrowa,&hellip;<\/p>\n","protected":false},"featured_media":6456,"comment_status":"closed","ping_status":"open","template":"","meta":[],"product_cat":[101],"product_tag":[778,744,806,623,727,813],"class_list":["post-6455","product","type-product","status-publish","has-post-thumbnail","hentry","product_cat-homeopatia","product_tag-burak","product_tag-haagen-dazs","product_tag-mieso-ekologiczne","product_tag-mleko-roslinne","product_tag-sok-plus","product_tag-tortilla"],"_links":{"self":[{"href":"https:\/\/wegeblw.pl\/index.php\/wp-json\/wp\/v2\/product\/6455","targetHints":{"allow":["GET"]}}],"collection":[{"href":"https:\/\/wegeblw.pl\/index.php\/wp-json\/wp\/v2\/product"}],"about":[{"href":"https:\/\/wegeblw.pl\/index.php\/wp-json\/wp\/v2\/types\/product"}],"replies":[{"embeddable":true,"href":"https:\/\/wegeblw.pl\/index.php\/wp-json\/wp\/v2\/comments?post=6455"}],"wp:featuredmedia":[{"embeddable":true,"href":"https:\/\/wegeblw.pl\/index.php\/wp-json\/wp\/v2\/media\/6456"}],"wp:attachment":[{"href":"https:\/\/wegeblw.pl\/index.php\/wp-json\/wp\/v2\/media?parent=6455"}],"wp:term":[{"taxonomy":"product_cat","embeddable":true,"href":"https:\/\/wegeblw.pl\/index.php\/wp-json\/wp\/v2\/product_cat?post=6455"},{"taxonomy":"product_tag","embeddable":true,"href":"https:\/\/wegeblw.pl\/index.php\/wp-json\/wp\/v2\/product_tag?post=6455"}],"curies":[{"name":"wp","href":"https:\/\/api.w.org\/{rel}","templated":true}]}}