{"id":6493,"date":"2025-06-30T01:35:00","date_gmt":"2025-06-29T23:35:00","guid":{"rendered":"https:\/\/wegeblw.pl\/?post_type=product&#038;p=6493"},"modified":"2026-04-08T02:15:33","modified_gmt":"2026-04-08T00:15:33","slug":"boiron-glonoinum-9ch-4-g","status":"publish","type":"product","link":"https:\/\/wegeblw.pl\/index.php\/produkt\/boiron-glonoinum-9ch-4-g\/","title":{"rendered":"Boiron Glonoinum 9CH 4 g"},"content":{"rendered":"<p>Promocja &#8211; nawet 300 z\u0142 rabatu na szk\u0142a!Skorzystaj z naszej promocji i zyskaj nawet 300 z\u0142 rabatu na soczewki do twoich okular\u00f3w korekcyjnych!SPRAWD\u0179Okulary BE 1367 1109 55 &#8211; wysoka jako\u015b\u0107 i doskona\u0142y stylOkulary korekcyjne Burberry BE 1367 1109 55 to doskona\u0142y wyb\u00f3r dla ka\u017cdej kobiety poszukuj\u0105cej stylowego dodatku. Te oprawki korekcyjne charakteryzuje nie tylko doskona\u0142y design &#8211; gwarantuj\u0105 one tak\u017ce najwy\u017cszy komfort widzenia. Markowe okulary BurberryEkskluzywny styl rodem z Wielkiej Brytanii. Niewiele jest tak presti\u017cowych marek, jak Burberry. Ten luksusowy dom mody zosta\u0142 doceniony nawet przez Brytyjsk\u0105 Rodzin\u0119 Kr\u00f3lewsk\u0105, od kt\u00f3rej otrzyma\u0142 specjaln\u0105 rekomendacj\u0119. Dotknij wyj\u0105tkowego presti\u017cu z t\u0105 niezwyk\u0142\u0105 mark\u0105 i wybierz najlepsze, oryginalne okulary Burberry!&#8230;<\/p>\n<p>Okulary oprawki i szk\u0142a<\/p>\n<p>surowej, p\u0142atki jaglane cena, \u015bmietanka migda\u0142owa, eco produkty, cukiernia staropolska lublin, tofu w\u0119dzone jak przyrz\u0105dzi\u0107, preparaty wapnia z witamin\u0105 d3<\/p>\n<p>yyyyy<\/p>\n","protected":false},"excerpt":{"rendered":"<p>Promocja &#8211; nawet 300 z\u0142 rabatu na szk\u0142a!Skorzystaj z naszej promocji i zyskaj nawet 300 z\u0142 rabatu na soczewki do&hellip;<\/p>\n","protected":false},"featured_media":6494,"comment_status":"closed","ping_status":"open","template":"","meta":[],"product_cat":[101],"product_tag":[714,752,623,810,686,761],"class_list":["post-6493","product","type-product","status-publish","has-post-thumbnail","hentry","product_cat-homeopatia","product_tag-cytryna-ekologiczna","product_tag-mleko-bez-laktozy","product_tag-mleko-roslinne","product_tag-pasta-misp","product_tag-sekacz-skad","product_tag-sklep-ze-zdrowa-zywnoscia-warszawa"],"_links":{"self":[{"href":"https:\/\/wegeblw.pl\/index.php\/wp-json\/wp\/v2\/product\/6493","targetHints":{"allow":["GET"]}}],"collection":[{"href":"https:\/\/wegeblw.pl\/index.php\/wp-json\/wp\/v2\/product"}],"about":[{"href":"https:\/\/wegeblw.pl\/index.php\/wp-json\/wp\/v2\/types\/product"}],"replies":[{"embeddable":true,"href":"https:\/\/wegeblw.pl\/index.php\/wp-json\/wp\/v2\/comments?post=6493"}],"wp:featuredmedia":[{"embeddable":true,"href":"https:\/\/wegeblw.pl\/index.php\/wp-json\/wp\/v2\/media\/6494"}],"wp:attachment":[{"href":"https:\/\/wegeblw.pl\/index.php\/wp-json\/wp\/v2\/media?parent=6493"}],"wp:term":[{"taxonomy":"product_cat","embeddable":true,"href":"https:\/\/wegeblw.pl\/index.php\/wp-json\/wp\/v2\/product_cat?post=6493"},{"taxonomy":"product_tag","embeddable":true,"href":"https:\/\/wegeblw.pl\/index.php\/wp-json\/wp\/v2\/product_tag?post=6493"}],"curies":[{"name":"wp","href":"https:\/\/api.w.org\/{rel}","templated":true}]}}