{"id":6501,"date":"2017-04-16T14:15:43","date_gmt":"2017-04-16T12:15:43","guid":{"rendered":"https:\/\/wegeblw.pl\/index.php\/produkt\/boiron-tabacum-9ch-granulki-4-g\/"},"modified":"2026-04-07T11:50:34","modified_gmt":"2026-04-07T09:50:34","slug":"boiron-tabacum-9ch-granulki-4-g","status":"publish","type":"product","link":"https:\/\/wegeblw.pl\/index.php\/produkt\/boiron-tabacum-9ch-granulki-4-g\/","title":{"rendered":"BOIRON Tabacum 9CH granulki 4 g"},"content":{"rendered":"<p>Jimmy Choo Jimmy Choo jest uznawany za pioniera w sztuce ubioru gwiazd. Urodzony w Choo w Malezji, zbudowa\u0142 swoj\u0105 reputacj\u0119 we wczesnych latach 90. w Londynie, kiedy to jego seksowne ci\u0119cia i modny design trafi\u0142y w gusta wyrafinowanej klienteli. Poczucie stylu Jimmy\u2019ego Choo, jasne kolory i po\u0142\u0105czenie \u015bmia\u0142o\u015bci z zabaw\u0105 s\u0105 utrwalone tak\u017ce w jego kolekcji okular\u00f3w. Dla kogo? Okulary korekcyjne Jimmy Choo JC365 DDB s\u0105 cz\u0119\u015bci\u0105 najnowszej kolekcji marki Jimmy Choo, kt\u00f3ra zosta\u0142a starannie przygotowana dla kobiet. Elegancki model bez oprawek odzwierciedla najnowsze trendy we wsp\u00f3\u0142czesnym projektowaniu okular\u00f3w, a jego prostok\u0105tny kszta\u0142t sprawia, \u017ce Jimmy Choo JC365 stanowi idealny wyb\u00f3r szczeg\u00f3lnie dla okr\u0105g\u0142ej lub kwadratowej twarzy. Materia\u0142y Materia\u0142 u\u017cyty do wytworzenia oprawek to metal, kt\u00f3ry nie ulega korozji, co sprawia, \u017ce jest praktycznie niezniszczalny. Darmowa dostawa Kup okulary Jimmy Choo JC365 DDB na eyerim ju\u017c teraz i skorzystaj z bezp\u0142atnej dostawy w oryginalnym opakowaniu ochronnym bezpo\u015brednio pod Twoje drzwi.<\/p>\n<p>Okulary oprawki i szk\u0142a<\/p>\n<p>pokrzywa nasiona, kefir blog, buraczki zasma\u017cane pasteryzowane, witamiba b, pasta do z\u0119b\u00f3w najlepsza, klarowane maslo, marakuja pestki, puritans pride, krem z filtrem 50 pod makija\u017c, collagen flex, kwas foliowy w kroplach, ryz i nori<\/p>\n<p>yyyyy<\/p>\n","protected":false},"excerpt":{"rendered":"<p>Jimmy Choo Jimmy Choo jest uznawany za pioniera w sztuce ubioru gwiazd. Urodzony w Choo w Malezji, zbudowa\u0142 swoj\u0105 reputacj\u0119&hellip;<\/p>\n","protected":false},"featured_media":6502,"comment_status":"closed","ping_status":"open","template":"","meta":[],"product_cat":[101],"product_tag":[863,741,881,713],"class_list":["post-6501","product","type-product","status-publish","has-post-thumbnail","hentry","product_cat-homeopatia","product_tag-antidotum","product_tag-rafinowany-olej-kokosowy","product_tag-sok-z-brzozy-cena","product_tag-zur-a-zurek"],"_links":{"self":[{"href":"https:\/\/wegeblw.pl\/index.php\/wp-json\/wp\/v2\/product\/6501","targetHints":{"allow":["GET"]}}],"collection":[{"href":"https:\/\/wegeblw.pl\/index.php\/wp-json\/wp\/v2\/product"}],"about":[{"href":"https:\/\/wegeblw.pl\/index.php\/wp-json\/wp\/v2\/types\/product"}],"replies":[{"embeddable":true,"href":"https:\/\/wegeblw.pl\/index.php\/wp-json\/wp\/v2\/comments?post=6501"}],"wp:featuredmedia":[{"embeddable":true,"href":"https:\/\/wegeblw.pl\/index.php\/wp-json\/wp\/v2\/media\/6502"}],"wp:attachment":[{"href":"https:\/\/wegeblw.pl\/index.php\/wp-json\/wp\/v2\/media?parent=6501"}],"wp:term":[{"taxonomy":"product_cat","embeddable":true,"href":"https:\/\/wegeblw.pl\/index.php\/wp-json\/wp\/v2\/product_cat?post=6501"},{"taxonomy":"product_tag","embeddable":true,"href":"https:\/\/wegeblw.pl\/index.php\/wp-json\/wp\/v2\/product_tag?post=6501"}],"curies":[{"name":"wp","href":"https:\/\/api.w.org\/{rel}","templated":true}]}}