{"id":6563,"date":"2014-04-24T18:26:09","date_gmt":"2014-04-24T16:26:09","guid":{"rendered":"https:\/\/wegeblw.pl\/index.php\/produkt\/hagen-terrarium-szklane-medium-niskie\/"},"modified":"2026-04-08T09:30:33","modified_gmt":"2026-04-08T07:30:33","slug":"hagen-terrarium-szklane-medium-niskie","status":"publish","type":"product","link":"https:\/\/wegeblw.pl\/index.php\/produkt\/hagen-terrarium-szklane-medium-niskie\/","title":{"rendered":"Hagen Terrarium szklane MEDIUM niskie"},"content":{"rendered":"<p>Okulary do korekcji wzroku. Wada wzroku: 2,0. Kolor br\u0105zowy.<\/p>\n<p>Okulary oprawki i szk\u0142a<\/p>\n<p>palo santo jak pachnie, s\u0142odycze greckie, suszone kwiaty klitorii, sza\u0142wia chia, chleb orkiszowy sk\u0142ad, ciasto tempura, witamina 3<\/p>\n<p>yyyyy<\/p>\n","protected":false},"excerpt":{"rendered":"<p>Okulary do korekcji wzroku. Wada wzroku: 2,0. Kolor br\u0105zowy. Okulary oprawki i szk\u0142a palo santo jak pachnie, s\u0142odycze greckie, suszone&hellip;<\/p>\n","protected":false},"featured_media":6564,"comment_status":"closed","ping_status":"open","template":"","meta":[],"product_cat":[457],"product_tag":[877,675,710,859],"class_list":["post-6563","product","type-product","status-publish","has-post-thumbnail","hentry","product_cat-terraria","product_tag-bita-smietana-bez-laktozy","product_tag-limonki","product_tag-linda-mccartney-burger","product_tag-pasta-sezamowa"],"_links":{"self":[{"href":"https:\/\/wegeblw.pl\/index.php\/wp-json\/wp\/v2\/product\/6563","targetHints":{"allow":["GET"]}}],"collection":[{"href":"https:\/\/wegeblw.pl\/index.php\/wp-json\/wp\/v2\/product"}],"about":[{"href":"https:\/\/wegeblw.pl\/index.php\/wp-json\/wp\/v2\/types\/product"}],"replies":[{"embeddable":true,"href":"https:\/\/wegeblw.pl\/index.php\/wp-json\/wp\/v2\/comments?post=6563"}],"wp:featuredmedia":[{"embeddable":true,"href":"https:\/\/wegeblw.pl\/index.php\/wp-json\/wp\/v2\/media\/6564"}],"wp:attachment":[{"href":"https:\/\/wegeblw.pl\/index.php\/wp-json\/wp\/v2\/media?parent=6563"}],"wp:term":[{"taxonomy":"product_cat","embeddable":true,"href":"https:\/\/wegeblw.pl\/index.php\/wp-json\/wp\/v2\/product_cat?post=6563"},{"taxonomy":"product_tag","embeddable":true,"href":"https:\/\/wegeblw.pl\/index.php\/wp-json\/wp\/v2\/product_tag?post=6563"}],"curies":[{"name":"wp","href":"https:\/\/api.w.org\/{rel}","templated":true}]}}