{"id":6581,"date":"2018-03-23T16:09:52","date_gmt":"2018-03-23T15:09:52","guid":{"rendered":"https:\/\/wegeblw.pl\/index.php\/produkt\/boiron-pareira-brava-200ch-granulki-4-g\/"},"modified":"2026-04-07T02:56:16","modified_gmt":"2026-04-07T00:56:16","slug":"boiron-pareira-brava-200ch-granulki-4-g","status":"publish","type":"product","link":"https:\/\/wegeblw.pl\/index.php\/produkt\/boiron-pareira-brava-200ch-granulki-4-g\/","title":{"rendered":"BOIRON Pareira Brava 200CH granulki 4 g"},"content":{"rendered":"<p>Zio\u0142owy p\u0142yn do higieny intymnej. Przeznaczony szczeg\u00f3lnie dla kobiet dojrza\u0142ych i w okresie menopauzy.dla kobiet dojrza\u0142ychDzia\u0142anieReguluje naturalne funkcje wydzielnicze b\u0142on \u015bluzowych.Intensywnie nawil\u017ca \u015bluz\u00f3wk\u0119 oraz skutecznie \u0142agodzi podra\u017cnienia.Wspomaga system ochronny b\u0142on \u015bluzowych, zmniejszaj\u0105c ryzyko wyst\u0119powania infekcji.Delikatnie myje oraz zapewnia d\u0142ugotrwa\u0142e uczucie czysto\u015bci i \u015bwie\u017co\u015bci.W\u0142a\u015bciwo\u015bciMa doskona\u0142e w\u0142asno\u015bci myj\u0105ce, dobrze si\u0119 pieni i jest bardzo wydajny w u\u017cyciu.Substancje aktywneekstrakt z nagietka lekarskiego &#8211; \u0142agodzi stany zapalne, dzia\u0142a przeciwbakteryjne.prowitamina B5 (D-panthenol) &#8211; nawil\u017ca oraz wp\u0142ywa os\u0142aniaj\u0105co na \u015bluz\u00f3wk\u0119.kwas mlekowy &#8211; wzmacnia naturaln\u0105 flor\u0119 bakteryjn\u0105, przywraca fizjologiczne pH.Wskazaniapolecany szczeg\u00f3lnie dla kobiet dojrza\u0142ych i w okresie menopauzy.Spos\u00f3b u\u017cyciastosowa\u0107 do mycia niewielk\u0105 ilo\u015b\u0107 p\u0142ynu, nast\u0119pnie dok\u0142adnie sp\u0142uka\u0107.<\/p>\n<p>P\u0142yny do higieny intymnej<\/p>\n<p>olejki eteryczne sklep, olejek tamanu nacomi, m\u0105ka 500, platki jeczmienne, wafle z mlekiem w proszku bez kakao, m\u0105ka orkiszowa jasna w\u0142a\u015bciwo\u015bci, wafle ry\u017cowe s\u0142ony karmel, makaron z ry\u017cu br\u0105zowego, kaszka helpa jaglana<\/p>\n<p><a href=\"https:\/\/www.digitent.pl\/torby-reklamowe\">https:\/\/www.digitent.pl\/torby-reklamowe<\/a><\/p>\n","protected":false},"excerpt":{"rendered":"<p>Zio\u0142owy p\u0142yn do higieny intymnej. Przeznaczony szczeg\u00f3lnie dla kobiet dojrza\u0142ych i w okresie menopauzy.dla kobiet dojrza\u0142ychDzia\u0142anieReguluje naturalne funkcje wydzielnicze b\u0142on&hellip;<\/p>\n","protected":false},"featured_media":6582,"comment_status":"closed","ping_status":"open","template":"","meta":[],"product_cat":[101],"product_tag":[841,662,847,858],"class_list":["post-6581","product","type-product","status-publish","has-post-thumbnail","hentry","product_cat-homeopatia","product_tag-biolab-shop","product_tag-co-mozna-zrobic-z-kokosa","product_tag-czym-zastapic-nabial","product_tag-majonez-vitapol"],"_links":{"self":[{"href":"https:\/\/wegeblw.pl\/index.php\/wp-json\/wp\/v2\/product\/6581","targetHints":{"allow":["GET"]}}],"collection":[{"href":"https:\/\/wegeblw.pl\/index.php\/wp-json\/wp\/v2\/product"}],"about":[{"href":"https:\/\/wegeblw.pl\/index.php\/wp-json\/wp\/v2\/types\/product"}],"replies":[{"embeddable":true,"href":"https:\/\/wegeblw.pl\/index.php\/wp-json\/wp\/v2\/comments?post=6581"}],"wp:featuredmedia":[{"embeddable":true,"href":"https:\/\/wegeblw.pl\/index.php\/wp-json\/wp\/v2\/media\/6582"}],"wp:attachment":[{"href":"https:\/\/wegeblw.pl\/index.php\/wp-json\/wp\/v2\/media?parent=6581"}],"wp:term":[{"taxonomy":"product_cat","embeddable":true,"href":"https:\/\/wegeblw.pl\/index.php\/wp-json\/wp\/v2\/product_cat?post=6581"},{"taxonomy":"product_tag","embeddable":true,"href":"https:\/\/wegeblw.pl\/index.php\/wp-json\/wp\/v2\/product_tag?post=6581"}],"curies":[{"name":"wp","href":"https:\/\/api.w.org\/{rel}","templated":true}]}}